{"id":16514,"date":"2025-04-04T10:45:34","date_gmt":"2025-04-04T07:45:34","guid":{"rendered":"https:\/\/ceoparts.com\/?post_type=product&#038;p=16514"},"modified":"2026-05-16T15:10:37","modified_gmt":"2026-05-16T12:10:37","slug":"linde-salincak-takimi","status":"publish","type":"product","link":"https:\/\/ceoparts.com\/tr\/urun\/linde-salincak-takimi\/","title":{"rendered":"Linde Sal\u0131ncak Tak\u0131m\u0131"},"content":{"rendered":"<p>Linde Sal\u0131ncak Tak\u0131m\u0131<\/p>","protected":false},"excerpt":{"rendered":"<p>Linde Sal\u0131ncak Tak\u0131m\u0131<\/p>\n","protected":false},"featured_media":16516,"template":"","meta":[],"product_brand":[],"product_cat":[246,470,523],"product_tag":[],"class_list":{"0":"post-16514","1":"product","2":"type-product","3":"status-publish","4":"has-post-thumbnail","6":"product_cat-linde","7":"product_cat-diger-yedek-parcalar","8":"product_cat-yedek-parca-linde","10":"first","11":"instock","12":"taxable","13":"shipping-taxable","14":"purchasable","15":"product-type-simple"},"_links":{"self":[{"href":"https:\/\/ceoparts.com\/tr\/wp-json\/wp\/v2\/product\/16514","targetHints":{"allow":["GET"]}}],"collection":[{"href":"https:\/\/ceoparts.com\/tr\/wp-json\/wp\/v2\/product"}],"about":[{"href":"https:\/\/ceoparts.com\/tr\/wp-json\/wp\/v2\/types\/product"}],"wp:featuredmedia":[{"embeddable":true,"href":"https:\/\/ceoparts.com\/tr\/wp-json\/wp\/v2\/media\/16516"}],"wp:attachment":[{"href":"https:\/\/ceoparts.com\/tr\/wp-json\/wp\/v2\/media?parent=16514"}],"wp:term":[{"taxonomy":"product_brand","embeddable":true,"href":"https:\/\/ceoparts.com\/tr\/wp-json\/wp\/v2\/product_brand?post=16514"},{"taxonomy":"product_cat","embeddable":true,"href":"https:\/\/ceoparts.com\/tr\/wp-json\/wp\/v2\/product_cat?post=16514"},{"taxonomy":"product_tag","embeddable":true,"href":"https:\/\/ceoparts.com\/tr\/wp-json\/wp\/v2\/product_tag?post=16514"}],"curies":[{"name":"wp","href":"https:\/\/api.w.org\/{rel}","templated":true}]}}