{"id":16530,"date":"2025-04-04T13:20:26","date_gmt":"2025-04-04T10:20:26","guid":{"rendered":"https:\/\/ceoparts.com\/?post_type=product&#038;p=16530"},"modified":"2026-05-16T16:24:42","modified_gmt":"2026-05-16T13:24:42","slug":"jungheinrich-ayna-kaydirma-kizagi-efg320-51159460","status":"publish","type":"product","link":"https:\/\/ceoparts.com\/tr\/urun\/jungheinrich-ayna-kaydirma-kizagi-efg320-51159460\/","title":{"rendered":"Jungheinrich Ayna Kayd\u0131rma K\u0131za\u011f\u0131 EFG320 &#8211; 51159460"},"content":{"rendered":"<p>Jungheinrich Ayna Kayd\u0131rma K\u0131za\u011f\u0131 EFG320 &#8211; 51159460<\/p>","protected":false},"excerpt":{"rendered":"<p>Jungheinrich 51159460<\/p>\n<table border=\"0\" width=\"325\" cellspacing=\"0\" cellpadding=\"0\">\n<colgroup>\n<col width=\"227\" \/>\n<col width=\"98\" \/><\/colgroup>\n<tbody>\n<tr>\n<td width=\"227\" height=\"21\">DFG 425s<\/td>\n<td width=\"98\">11.07 &#8211; 12.14<\/td>\n<\/tr>\n<tr>\n<td height=\"21\">DFG 425<\/td>\n<td>5.14 &#8211; 7.16<\/td>\n<\/tr>\n<tr>\n<td height=\"21\">TFG 425<\/td>\n<td>5.14 &#8211; 7.16<\/td>\n<\/tr>\n<tr>\n<td height=\"21\">EFG 425-430\/ S30<\/td>\n<td>6.14 &#8211;<\/td>\n<\/tr>\n<tr>\n<td height=\"21\">EFG 425-430\/ S30 (US)<\/td>\n<td>6.14 &#8211; 12.16<\/td>\n<\/tr>\n<tr>\n<td height=\"21\">EFG 535k-S50<\/td>\n<td>6.14 &#8211; 12.16<\/td>\n<\/tr>\n<tr>\n<td height=\"21\">DFG 316<\/td>\n<td>5.14 &#8211; 7.16<\/td>\n<\/tr>\n<tr>\n<td height=\"21\">DFG 320<\/td>\n<td>5.14 &#8211; 7.16<\/td>\n<\/tr>\n<tr>\n<td height=\"21\">TFG 316<\/td>\n<td>5.14 &#8211; 7.16<\/td>\n<\/tr>\n<tr>\n<td height=\"21\">TFG 320<\/td>\n<td>5.14 &#8211; 7.16<\/td>\n<\/tr>\n<tr>\n<td height=\"21\">DFG 316s<\/td>\n<td>10.14 &#8211; 9.17<\/td>\n<\/tr>\n<tr>\n<td height=\"21\">TFG 316s<\/td>\n<td>10.14 &#8211; 9.17<\/td>\n<\/tr>\n<tr>\n<td height=\"21\">DFG 320s<\/td>\n<td>10.14 &#8211; 9.17<\/td>\n<\/tr>\n<tr>\n<td height=\"21\">TFG 320s<\/td>\n<td>10.14 &#8211; 9.17<\/td>\n<\/tr>\n<tr>\n<td height=\"21\">DFG 425s<\/td>\n<td>9.14 &#8211; 9.17<\/td>\n<\/tr>\n<tr>\n<td height=\"21\">TFG 425s<\/td>\n<td>9.14 &#8211; 9.17<\/td>\n<\/tr>\n<tr>\n<td height=\"21\">EFG 213 &#8211; 220<\/td>\n<td>9.14 &#8211; 12.16<\/td>\n<\/tr>\n<tr>\n<td height=\"21\">2ET2500-2ET4000<\/td>\n<td>9.14 &#8211; 12.16<\/td>\n<\/tr>\n<tr>\n<td height=\"21\">EFG 213 &#8211; 220 (US)<\/td>\n<td>9.14 &#8211; 12.16<\/td>\n<\/tr>\n<tr>\n<td height=\"21\">EFG 316 &#8211; 320<\/td>\n<td>9.14 &#8211; 12.16<\/td>\n<\/tr>\n<tr>\n<td height=\"21\">EP3000-EP4000<\/td>\n<td>9.14 &#8211; 12.16<\/td>\n<\/tr>\n<tr>\n<td height=\"21\">EFG 316 &#8211; 320 (US)<\/td>\n<td>9.14 &#8211; 12.16<\/td>\n<\/tr>\n<tr>\n<td height=\"21\">EFG 213 &#8211; 220<\/td>\n<td>2.16 &#8211; 10.21<\/td>\n<\/tr>\n<tr>\n<td height=\"21\">2ET2500-2ET4000<\/td>\n<td>2.16 &#8211; 10.21<\/td>\n<\/tr>\n<tr>\n<td height=\"21\">EFG 213 &#8211; 220 (US)<\/td>\n<td>2.16 &#8211; 10.21<\/td>\n<\/tr>\n<tr>\n<td height=\"21\">EFG 316 &#8211; 320<\/td>\n<td>2.16 &#8211; 10.21<\/td>\n<\/tr>\n<tr>\n<td height=\"21\">EP3000-EP4000<\/td>\n<td>2.16 &#8211; 10.21<\/td>\n<\/tr>\n<tr>\n<td height=\"21\">EFG 316 &#8211; 320 (US)<\/td>\n<td>2.16 &#8211; 10.21<\/td>\n<\/tr>\n<tr>\n<td height=\"21\">TFG 425df<\/td>\n<td>1.15 &#8211; 7.16<\/td>\n<\/tr>\n<tr>\n<td height=\"21\">DFG 316-320<\/td>\n<td>3.16 &#8211;<\/td>\n<\/tr>\n<tr>\n<td height=\"21\">TFG 316-320<\/td>\n<td>3.16 &#8211;<\/td>\n<\/tr>\n<tr>\n<td height=\"21\">DFG 425-435<\/td>\n<td>5.16 &#8211;<\/td>\n<\/tr>\n<tr>\n<td height=\"21\">TFG 425-435<\/td>\n<td>5.16 &#8211;<\/td>\n<\/tr>\n<tr>\n<td height=\"21\">DFG 3s<\/td>\n<td>6.17 &#8211; 4.20<\/td>\n<\/tr>\n<tr>\n<td height=\"21\">TFG 3s<\/td>\n<td>6.17 &#8211; 4.20<\/td>\n<\/tr>\n<tr>\n<td height=\"21\">DFG 4s<\/td>\n<td>6.17 &#8211; 4.20<\/td>\n<\/tr>\n<tr>\n<td height=\"21\">TFG 4s<\/td>\n<td>6.17 &#8211; 4.20<\/td>\n<\/tr>\n<tr>\n<td height=\"21\">EFG 216KN<\/td>\n<td>1.18 &#8211; 10.20<\/td>\n<\/tr>\n<tr>\n<td height=\"21\">EFG MB216k\/MB218k\/MB220<\/td>\n<td>4.19 &#8211;<\/td>\n<\/tr>\n<tr>\n<td height=\"21\">DFG 3s<\/td>\n<td>8.21 &#8211;<\/td>\n<\/tr>\n<tr>\n<td height=\"21\">TFG 3s<\/td>\n<td>8.21 &#8211;<\/td>\n<\/tr>\n<tr>\n<td height=\"21\">DFG 4s<\/td>\n<td>5.20 &#8211;<\/td>\n<\/tr>\n<tr>\n<td height=\"21\">DPH16N-DPH20N<\/td>\n<td>10.21 &#8211;<\/td>\n<\/tr>\n<tr>\n<td height=\"21\">GPH16N-GPH20N<\/td>\n<td>10.21 &#8211;<\/td>\n<\/tr>\n<tr>\n<td height=\"21\">EFG 316 &#8211; 320<\/td>\n<td>9.21 &#8211;<\/td>\n<\/tr>\n<tr>\n<td height=\"21\">EFG 316 &#8211; 320 (US)<\/td>\n<td>10.21 &#8211;<\/td>\n<\/tr>\n<tr>\n<td height=\"21\">EP3000-EP4000<\/td>\n<td>10.21 &#8211;<\/td>\n<\/tr>\n<tr>\n<td height=\"21\">EFG 112-220<\/td>\n<td>9.21 &#8211;<\/td>\n<\/tr>\n<tr>\n<td height=\"21\">EFG 213-220 (US)<\/td>\n<td>10.21 &#8211;<\/td>\n<\/tr>\n<tr>\n<td height=\"21\">2ET2500-2ET4000<\/td>\n<td>10.21 &#8211;<\/td>\n<\/tr>\n<\/tbody>\n<\/table>\n","protected":false},"featured_media":16533,"template":"","meta":[],"product_brand":[],"product_cat":[236,470,522],"product_tag":[],"class_list":{"0":"post-16530","1":"product","2":"type-product","3":"status-publish","4":"has-post-thumbnail","6":"product_cat-jungheinrich","7":"product_cat-diger-yedek-parcalar","8":"product_cat-yedek-parca-jungheinrich","10":"first","11":"instock","12":"taxable","13":"shipping-taxable","14":"purchasable","15":"product-type-simple"},"_links":{"self":[{"href":"https:\/\/ceoparts.com\/tr\/wp-json\/wp\/v2\/product\/16530","targetHints":{"allow":["GET"]}}],"collection":[{"href":"https:\/\/ceoparts.com\/tr\/wp-json\/wp\/v2\/product"}],"about":[{"href":"https:\/\/ceoparts.com\/tr\/wp-json\/wp\/v2\/types\/product"}],"wp:featuredmedia":[{"embeddable":true,"href":"https:\/\/ceoparts.com\/tr\/wp-json\/wp\/v2\/media\/16533"}],"wp:attachment":[{"href":"https:\/\/ceoparts.com\/tr\/wp-json\/wp\/v2\/media?parent=16530"}],"wp:term":[{"taxonomy":"product_brand","embeddable":true,"href":"https:\/\/ceoparts.com\/tr\/wp-json\/wp\/v2\/product_brand?post=16530"},{"taxonomy":"product_cat","embeddable":true,"href":"https:\/\/ceoparts.com\/tr\/wp-json\/wp\/v2\/product_cat?post=16530"},{"taxonomy":"product_tag","embeddable":true,"href":"https:\/\/ceoparts.com\/tr\/wp-json\/wp\/v2\/product_tag?post=16530"}],"curies":[{"name":"wp","href":"https:\/\/api.w.org\/{rel}","templated":true}]}}