{"id":16543,"date":"2025-04-04T14:19:39","date_gmt":"2025-04-04T11:19:39","guid":{"rendered":"https:\/\/ceoparts.com\/?post_type=product&#038;p=16543"},"modified":"2026-05-16T20:14:41","modified_gmt":"2026-05-16T17:14:41","slug":"jungheinrich-sensor-eje-51488224","status":"publish","type":"product","link":"https:\/\/ceoparts.com\/tr\/urun\/jungheinrich-sensor-eje-51488224\/","title":{"rendered":"Jungheinrich Sens\u00f6r &#8211; EJE 51488224"},"content":{"rendered":"<p>Jungheinrich Sens\u00f6r &#8211; EJE 51488224<\/p>","protected":false},"excerpt":{"rendered":"<p data-start=\"163\" data-end=\"474\">Bu sens\u00f6r, Jungheinrich marka EJE serisi elektrikli transpaletler i\u00e7in \u00f6zel olarak tasarlanm\u0131\u015ft\u0131r. 51488224 par\u00e7a numaras\u0131na sahip bu \u00fcr\u00fcn, ekipman\u0131n hareket ve kontrol sistemlerinde hassas alg\u0131lama sa\u011flayarak g\u00fcvenli ve verimli \u00e7al\u0131\u015fma performans\u0131 sunar. Dayan\u0131kl\u0131 yap\u0131s\u0131yla uzun \u00f6m\u00fcrl\u00fc kullan\u0131m imkan\u0131 sa\u011flar.<\/p>\n<p data-start=\"476\" data-end=\"498\"><strong data-start=\"476\" data-end=\"498\">Teknik \u00d6zellikler:<\/strong><\/p>\n<ul data-start=\"499\" data-end=\"634\">\n<li data-start=\"499\" data-end=\"522\">\n<p data-start=\"501\" data-end=\"522\">Marka: Jungheinrich<\/p>\n<\/li>\n<li data-start=\"523\" data-end=\"550\">\n<p data-start=\"525\" data-end=\"550\">Model Uyumu: EJE Serisi<\/p>\n<\/li>\n<li data-start=\"551\" data-end=\"579\">\n<p data-start=\"553\" data-end=\"579\">Par\u00e7a Numaras\u0131: 51488224<\/p>\n<\/li>\n<li data-start=\"580\" data-end=\"601\">\n<p data-start=\"582\" data-end=\"601\">\u00dcr\u00fcn Tipi: Sens\u00f6r<\/p>\n<\/li>\n<li data-start=\"602\" data-end=\"634\">\n<p data-start=\"604\" data-end=\"634\">Durum: Yeni \/ Orijinal Par\u00e7a<\/p>\n<\/li>\n<\/ul>\n","protected":false},"featured_media":16544,"template":"","meta":[],"product_brand":[],"product_cat":[522,236,469],"product_tag":[],"class_list":{"0":"post-16543","1":"product","2":"type-product","3":"status-publish","4":"has-post-thumbnail","6":"product_cat-yedek-parca-jungheinrich","7":"product_cat-jungheinrich","8":"product_cat-elektrik-ve-sistem-parcalari","10":"first","11":"instock","12":"taxable","13":"shipping-taxable","14":"purchasable","15":"product-type-simple"},"_links":{"self":[{"href":"https:\/\/ceoparts.com\/tr\/wp-json\/wp\/v2\/product\/16543","targetHints":{"allow":["GET"]}}],"collection":[{"href":"https:\/\/ceoparts.com\/tr\/wp-json\/wp\/v2\/product"}],"about":[{"href":"https:\/\/ceoparts.com\/tr\/wp-json\/wp\/v2\/types\/product"}],"wp:featuredmedia":[{"embeddable":true,"href":"https:\/\/ceoparts.com\/tr\/wp-json\/wp\/v2\/media\/16544"}],"wp:attachment":[{"href":"https:\/\/ceoparts.com\/tr\/wp-json\/wp\/v2\/media?parent=16543"}],"wp:term":[{"taxonomy":"product_brand","embeddable":true,"href":"https:\/\/ceoparts.com\/tr\/wp-json\/wp\/v2\/product_brand?post=16543"},{"taxonomy":"product_cat","embeddable":true,"href":"https:\/\/ceoparts.com\/tr\/wp-json\/wp\/v2\/product_cat?post=16543"},{"taxonomy":"product_tag","embeddable":true,"href":"https:\/\/ceoparts.com\/tr\/wp-json\/wp\/v2\/product_tag?post=16543"}],"curies":[{"name":"wp","href":"https:\/\/api.w.org\/{rel}","templated":true}]}}