{"id":16610,"date":"2025-04-05T11:04:21","date_gmt":"2025-04-05T08:04:21","guid":{"rendered":"https:\/\/ceoparts.com\/?post_type=product&#038;p=16610"},"modified":"2026-05-16T16:40:33","modified_gmt":"2026-05-16T13:40:33","slug":"hyster-kumanda-kolu-4014597","status":"publish","type":"product","link":"https:\/\/ceoparts.com\/tr\/urun\/hyster-kumanda-kolu-4014597\/","title":{"rendered":"Hyster Kumanda Kolu &#8211; 4014597"},"content":{"rendered":"<p>Hyster Kumanda Kolu &#8211; 4014597<\/p>","protected":false},"excerpt":{"rendered":"<p data-start=\"190\" data-end=\"460\"><strong data-start=\"190\" data-end=\"223\">Hyster Kumanda Kolu \u2013 4014597<\/strong>, Hyster forklift ve istif makinelerinde kullan\u0131lan, hidrolik ve elektrikli sistemlerin hassas ve g\u00fcvenli kontrol\u00fcn\u00fc sa\u011flayan kaliteli bir kumanda koludur. Dayan\u0131kl\u0131 yap\u0131s\u0131 ve ergonomik tasar\u0131m\u0131 ile operat\u00f6re kolay kullan\u0131m imk\u00e2n\u0131 sunar.<\/p>\n<p data-start=\"462\" data-end=\"479\"><strong data-start=\"462\" data-end=\"477\">\u00d6zellikler:<\/strong><\/p>\n<ul data-start=\"480\" data-end=\"631\">\n<li data-start=\"480\" data-end=\"507\">\n<p data-start=\"482\" data-end=\"507\">\u00dcr\u00fcn Tipi: Kumanda Kolu<\/p>\n<\/li>\n<li data-start=\"508\" data-end=\"532\">\n<p data-start=\"510\" data-end=\"532\">Uyumlu Marka: Hyster<\/p>\n<\/li>\n<li data-start=\"533\" data-end=\"560\">\n<p data-start=\"535\" data-end=\"560\">Par\u00e7a Numaras\u0131: 4014597<\/p>\n<\/li>\n<li data-start=\"561\" data-end=\"582\">\n<p data-start=\"563\" data-end=\"582\">Ergonomik tasar\u0131m<\/p>\n<\/li>\n<li data-start=\"583\" data-end=\"631\">\n<p data-start=\"585\" data-end=\"631\">Hidrolik ve elektrik kontrol sistemleri i\u00e7in<\/p>\n<\/li>\n<\/ul>\n","protected":false},"featured_media":16615,"template":"","meta":[],"product_brand":[],"product_cat":[256,450,520],"product_tag":[],"class_list":{"0":"post-16610","1":"product","2":"type-product","3":"status-publish","4":"has-post-thumbnail","6":"product_cat-hyster","7":"product_cat-direksiyon-sistemleri","8":"product_cat-yedek-parca-hyster","10":"first","11":"instock","12":"taxable","13":"shipping-taxable","14":"purchasable","15":"product-type-simple"},"_links":{"self":[{"href":"https:\/\/ceoparts.com\/tr\/wp-json\/wp\/v2\/product\/16610","targetHints":{"allow":["GET"]}}],"collection":[{"href":"https:\/\/ceoparts.com\/tr\/wp-json\/wp\/v2\/product"}],"about":[{"href":"https:\/\/ceoparts.com\/tr\/wp-json\/wp\/v2\/types\/product"}],"wp:featuredmedia":[{"embeddable":true,"href":"https:\/\/ceoparts.com\/tr\/wp-json\/wp\/v2\/media\/16615"}],"wp:attachment":[{"href":"https:\/\/ceoparts.com\/tr\/wp-json\/wp\/v2\/media?parent=16610"}],"wp:term":[{"taxonomy":"product_brand","embeddable":true,"href":"https:\/\/ceoparts.com\/tr\/wp-json\/wp\/v2\/product_brand?post=16610"},{"taxonomy":"product_cat","embeddable":true,"href":"https:\/\/ceoparts.com\/tr\/wp-json\/wp\/v2\/product_cat?post=16610"},{"taxonomy":"product_tag","embeddable":true,"href":"https:\/\/ceoparts.com\/tr\/wp-json\/wp\/v2\/product_tag?post=16610"}],"curies":[{"name":"wp","href":"https:\/\/api.w.org\/{rel}","templated":true}]}}