{"id":16631,"date":"2025-04-11T14:29:52","date_gmt":"2025-04-11T11:29:52","guid":{"rendered":"https:\/\/ceoparts.com\/?post_type=product&#038;p=16631"},"modified":"2026-05-16T13:14:51","modified_gmt":"2026-05-16T10:14:51","slug":"linde-destek-baglanti-parcasi-3723631403","status":"publish","type":"product","link":"https:\/\/ceoparts.com\/tr\/urun\/linde-destek-baglanti-parcasi-3723631403\/","title":{"rendered":"Linde Destek &#8211; Ba\u011flant\u0131 Par\u00e7as\u0131 &#8211; 3723631403"},"content":{"rendered":"<p>Linde Destek &#8211; Ba\u011flant\u0131 Par\u00e7as\u0131 &#8211; 3723631403<\/p>","protected":false},"excerpt":{"rendered":"<p data-start=\"200\" data-end=\"512\"><strong data-start=\"200\" data-end=\"248\">Linde Destek \u2013 Ba\u011flant\u0131 Par\u00e7as\u0131 \u2013 3723631403<\/strong>, forklift ve i\u015f makinelerinizin ba\u011flant\u0131 noktalar\u0131nda g\u00fcvenilir destek sa\u011flar. Sa\u011flam yap\u0131s\u0131 ile titre\u015fim ve darbelere kar\u015f\u0131 dayan\u0131kl\u0131d\u0131r, makinenizin performans\u0131n\u0131 art\u0131r\u0131r ve \u00e7al\u0131\u015fma \u00f6mr\u00fcn\u00fc uzat\u0131r. Linde marka ekipmanlar\u0131n\u0131z i\u00e7in orijinal ve uyumlu bir par\u00e7ad\u0131r.<\/p>\n<p data-start=\"514\" data-end=\"531\"><strong data-start=\"514\" data-end=\"529\">\u00d6zellikler:<\/strong><\/p>\n<ul data-start=\"532\" data-end=\"680\">\n<li data-start=\"532\" data-end=\"548\">\n<p data-start=\"534\" data-end=\"548\">Marka: Linde<\/p>\n<\/li>\n<li data-start=\"549\" data-end=\"575\">\n<p data-start=\"551\" data-end=\"575\">Par\u00e7a Kodu: 3723631403<\/p>\n<\/li>\n<li data-start=\"576\" data-end=\"604\">\n<p data-start=\"578\" data-end=\"604\">Dayan\u0131kl\u0131 ve sa\u011flam yap\u0131<\/p>\n<\/li>\n<li data-start=\"605\" data-end=\"643\">\n<p data-start=\"607\" data-end=\"643\">Titre\u015fim ve darbelere kar\u015f\u0131 diren\u00e7<\/p>\n<\/li>\n<li data-start=\"644\" data-end=\"680\">\n<p data-start=\"646\" data-end=\"680\">Orijinal uyumlu ba\u011flant\u0131 par\u00e7as\u0131<\/p>\n<\/li>\n<\/ul>\n","protected":false},"featured_media":16633,"template":"","meta":[],"product_brand":[],"product_cat":[246,470,523],"product_tag":[],"class_list":{"0":"post-16631","1":"product","2":"type-product","3":"status-publish","4":"has-post-thumbnail","6":"product_cat-linde","7":"product_cat-diger-yedek-parcalar","8":"product_cat-yedek-parca-linde","10":"first","11":"instock","12":"taxable","13":"shipping-taxable","14":"purchasable","15":"product-type-simple"},"_links":{"self":[{"href":"https:\/\/ceoparts.com\/tr\/wp-json\/wp\/v2\/product\/16631","targetHints":{"allow":["GET"]}}],"collection":[{"href":"https:\/\/ceoparts.com\/tr\/wp-json\/wp\/v2\/product"}],"about":[{"href":"https:\/\/ceoparts.com\/tr\/wp-json\/wp\/v2\/types\/product"}],"wp:featuredmedia":[{"embeddable":true,"href":"https:\/\/ceoparts.com\/tr\/wp-json\/wp\/v2\/media\/16633"}],"wp:attachment":[{"href":"https:\/\/ceoparts.com\/tr\/wp-json\/wp\/v2\/media?parent=16631"}],"wp:term":[{"taxonomy":"product_brand","embeddable":true,"href":"https:\/\/ceoparts.com\/tr\/wp-json\/wp\/v2\/product_brand?post=16631"},{"taxonomy":"product_cat","embeddable":true,"href":"https:\/\/ceoparts.com\/tr\/wp-json\/wp\/v2\/product_cat?post=16631"},{"taxonomy":"product_tag","embeddable":true,"href":"https:\/\/ceoparts.com\/tr\/wp-json\/wp\/v2\/product_tag?post=16631"}],"curies":[{"name":"wp","href":"https:\/\/api.w.org\/{rel}","templated":true}]}}