{"id":16635,"date":"2025-04-11T15:38:16","date_gmt":"2025-04-11T12:38:16","guid":{"rendered":"https:\/\/ceoparts.com\/?post_type=product&#038;p=16635"},"modified":"2026-05-16T19:46:13","modified_gmt":"2026-05-16T16:46:13","slug":"hyster-parmak-joystick-mini-lever-2110791","status":"publish","type":"product","link":"https:\/\/ceoparts.com\/tr\/urun\/hyster-parmak-joystick-mini-lever-2110791\/","title":{"rendered":"Hyster Parmak Joystick \/ Mini Lever &#8211; 2110791"},"content":{"rendered":"<p>Hyster Parmak Joystick \/ Mini Lever &#8211; 2110791<\/p>","protected":false},"excerpt":{"rendered":"<p data-start=\"202\" data-end=\"483\"><strong data-start=\"202\" data-end=\"251\">Hyster Parmak Joystick \/ Mini Lever \u2013 2110791<\/strong>, forklift ve i\u015f makineleri i\u00e7in y\u00fcksek hassasiyetli kontrol sa\u011flayan kompakt bir joystick koludur. Ergonomik tasar\u0131m\u0131yla operat\u00f6r konforunu art\u0131r\u0131r ve hassas hareket kabiliyeti sunar. Dayan\u0131kl\u0131 yap\u0131s\u0131 uzun \u00f6m\u00fcrl\u00fc performans sa\u011flar.<\/p>\n<p data-start=\"485\" data-end=\"502\"><strong data-start=\"485\" data-end=\"500\">\u00d6zellikler:<\/strong><\/p>\n<ul data-start=\"503\" data-end=\"653\">\n<li data-start=\"503\" data-end=\"527\">\n<p data-start=\"505\" data-end=\"527\">Uyumlu Marka: Hyster<\/p>\n<\/li>\n<li data-start=\"528\" data-end=\"551\">\n<p data-start=\"530\" data-end=\"551\">Par\u00e7a Kodu: 2110791<\/p>\n<\/li>\n<li data-start=\"552\" data-end=\"584\">\n<p data-start=\"554\" data-end=\"584\">Kompakt ve ergonomik tasar\u0131m<\/p>\n<\/li>\n<li data-start=\"585\" data-end=\"616\">\n<p data-start=\"587\" data-end=\"616\">Y\u00fcksek hassasiyetli kontrol<\/p>\n<\/li>\n<li data-start=\"617\" data-end=\"653\">\n<p data-start=\"619\" data-end=\"653\">Dayan\u0131kl\u0131 ve uzun \u00f6m\u00fcrl\u00fc malzeme<\/p>\n<\/li>\n<\/ul>\n","protected":false},"featured_media":16638,"template":"","meta":[],"product_brand":[],"product_cat":[256,471,520],"product_tag":[],"class_list":{"0":"post-16635","1":"product","2":"type-product","3":"status-publish","4":"has-post-thumbnail","6":"product_cat-hyster","7":"product_cat-joystick-pedal-yedek-parca","8":"product_cat-yedek-parca-hyster","10":"first","11":"instock","12":"taxable","13":"shipping-taxable","14":"purchasable","15":"product-type-simple"},"_links":{"self":[{"href":"https:\/\/ceoparts.com\/tr\/wp-json\/wp\/v2\/product\/16635","targetHints":{"allow":["GET"]}}],"collection":[{"href":"https:\/\/ceoparts.com\/tr\/wp-json\/wp\/v2\/product"}],"about":[{"href":"https:\/\/ceoparts.com\/tr\/wp-json\/wp\/v2\/types\/product"}],"wp:featuredmedia":[{"embeddable":true,"href":"https:\/\/ceoparts.com\/tr\/wp-json\/wp\/v2\/media\/16638"}],"wp:attachment":[{"href":"https:\/\/ceoparts.com\/tr\/wp-json\/wp\/v2\/media?parent=16635"}],"wp:term":[{"taxonomy":"product_brand","embeddable":true,"href":"https:\/\/ceoparts.com\/tr\/wp-json\/wp\/v2\/product_brand?post=16635"},{"taxonomy":"product_cat","embeddable":true,"href":"https:\/\/ceoparts.com\/tr\/wp-json\/wp\/v2\/product_cat?post=16635"},{"taxonomy":"product_tag","embeddable":true,"href":"https:\/\/ceoparts.com\/tr\/wp-json\/wp\/v2\/product_tag?post=16635"}],"curies":[{"name":"wp","href":"https:\/\/api.w.org\/{rel}","templated":true}]}}