{"id":16639,"date":"2025-04-11T16:20:21","date_gmt":"2025-04-11T13:20:21","guid":{"rendered":"https:\/\/ceoparts.com\/?post_type=product&#038;p=16639"},"modified":"2026-05-16T17:57:28","modified_gmt":"2026-05-16T14:57:28","slug":"linde-duz-ve-kelepce-yay-0039314001","status":"publish","type":"product","link":"https:\/\/ceoparts.com\/tr\/urun\/linde-duz-ve-kelepce-yay-0039314001\/","title":{"rendered":"Linde D\u00fcz ve Kelep\u00e7e Yay &#8211; 0039314001"},"content":{"rendered":"<p>Linde D\u00fcz ve Kelep\u00e7e Yay &#8211; 0039314001<\/p>","protected":false},"excerpt":{"rendered":"<p data-start=\"181\" data-end=\"474\"><strong data-start=\"181\" data-end=\"222\">Linde D\u00fcz ve Kelep\u00e7e Yay \u2013 0039314001<\/strong>, forkliftlerde kullan\u0131lan dayan\u0131kl\u0131 ve esnek bir yay setidir. Hem d\u00fcz yay hem de kelep\u00e7e yay\u0131 i\u00e7eren bu \u00fcr\u00fcn, Linde forkliftlerin mekanik performans\u0131n\u0131 ve dayan\u0131kl\u0131l\u0131\u011f\u0131n\u0131 art\u0131r\u0131r. Y\u00fcksek kaliteli malzemeden \u00fcretilmi\u015f olup, uzun \u00f6m\u00fcrl\u00fc kullan\u0131m sa\u011flar.<\/p>\n<p data-start=\"476\" data-end=\"493\"><strong data-start=\"476\" data-end=\"491\">\u00d6zellikler:<\/strong><\/p>\n<ul data-start=\"494\" data-end=\"612\">\n<li data-start=\"494\" data-end=\"517\">\n<p data-start=\"496\" data-end=\"517\">Uyumlu Marka: Linde<\/p>\n<\/li>\n<li data-start=\"518\" data-end=\"544\">\n<p data-start=\"520\" data-end=\"544\">Par\u00e7a Kodu: 0039314001<\/p>\n<\/li>\n<li data-start=\"545\" data-end=\"576\">\n<p data-start=\"547\" data-end=\"576\">D\u00fcz yay ve kelep\u00e7e yay seti<\/p>\n<\/li>\n<li data-start=\"577\" data-end=\"612\">\n<p data-start=\"579\" data-end=\"612\">Y\u00fcksek dayan\u0131kl\u0131l\u0131k ve esneklik<\/p>\n<\/li>\n<\/ul>\n","protected":false},"featured_media":16640,"template":"","meta":[],"product_brand":[],"product_cat":[246,470,523],"product_tag":[],"class_list":{"0":"post-16639","1":"product","2":"type-product","3":"status-publish","4":"has-post-thumbnail","6":"product_cat-linde","7":"product_cat-diger-yedek-parcalar","8":"product_cat-yedek-parca-linde","10":"first","11":"instock","12":"taxable","13":"shipping-taxable","14":"purchasable","15":"product-type-simple"},"_links":{"self":[{"href":"https:\/\/ceoparts.com\/tr\/wp-json\/wp\/v2\/product\/16639","targetHints":{"allow":["GET"]}}],"collection":[{"href":"https:\/\/ceoparts.com\/tr\/wp-json\/wp\/v2\/product"}],"about":[{"href":"https:\/\/ceoparts.com\/tr\/wp-json\/wp\/v2\/types\/product"}],"wp:featuredmedia":[{"embeddable":true,"href":"https:\/\/ceoparts.com\/tr\/wp-json\/wp\/v2\/media\/16640"}],"wp:attachment":[{"href":"https:\/\/ceoparts.com\/tr\/wp-json\/wp\/v2\/media?parent=16639"}],"wp:term":[{"taxonomy":"product_brand","embeddable":true,"href":"https:\/\/ceoparts.com\/tr\/wp-json\/wp\/v2\/product_brand?post=16639"},{"taxonomy":"product_cat","embeddable":true,"href":"https:\/\/ceoparts.com\/tr\/wp-json\/wp\/v2\/product_cat?post=16639"},{"taxonomy":"product_tag","embeddable":true,"href":"https:\/\/ceoparts.com\/tr\/wp-json\/wp\/v2\/product_tag?post=16639"}],"curies":[{"name":"wp","href":"https:\/\/api.w.org\/{rel}","templated":true}]}}