{"id":16642,"date":"2025-04-11T16:26:54","date_gmt":"2025-04-11T13:26:54","guid":{"rendered":"https:\/\/ceoparts.com\/?post_type=product&#038;p=16642"},"modified":"2026-05-16T18:47:17","modified_gmt":"2026-05-16T15:47:17","slug":"linde-1100n-amortisor-0009655566","status":"publish","type":"product","link":"https:\/\/ceoparts.com\/tr\/urun\/linde-1100n-amortisor-0009655566\/","title":{"rendered":"Linde 1100N Amortis\u00f6r &#8211; 0009655566"},"content":{"rendered":"<p>Linde 1100N Amortis\u00f6r &#8211; 0009655566<\/p>","protected":false},"excerpt":{"rendered":"<p data-start=\"169\" data-end=\"431\"><strong data-start=\"169\" data-end=\"194\">Linde 1100N Amortis\u00f6r<\/strong>, Linde forklift ve istif makinelerinde titre\u015fimleri azaltarak s\u00fcr\u00fc\u015f konforunu art\u0131ran y\u00fcksek kaliteli bir amortis\u00f6rd\u00fcr. 1100 Newton g\u00fc\u00e7 kapasitesi ile dayan\u0131kl\u0131 ve uzun \u00f6m\u00fcrl\u00fcd\u00fcr, makinenizin performans\u0131n\u0131 ve operat\u00f6r konforunu art\u0131r\u0131r.<\/p>\n<p data-start=\"433\" data-end=\"450\"><strong data-start=\"433\" data-end=\"448\">\u00d6zellikler:<\/strong><\/p>\n<ul data-start=\"451\" data-end=\"595\">\n<li data-start=\"451\" data-end=\"506\">\n<p data-start=\"453\" data-end=\"506\">Uyumlu Modeller: Linde forklift ve istif makineleri<\/p>\n<\/li>\n<li data-start=\"507\" data-end=\"532\">\n<p data-start=\"509\" data-end=\"532\">\u00dcr\u00fcn Kodu: 0009655566<\/p>\n<\/li>\n<li data-start=\"533\" data-end=\"558\">\n<p data-start=\"535\" data-end=\"558\">G\u00fc\u00e7 Kapasitesi: 1100N<\/p>\n<\/li>\n<li data-start=\"559\" data-end=\"595\">\n<p data-start=\"561\" data-end=\"595\">Dayan\u0131kl\u0131 ve uzun \u00f6m\u00fcrl\u00fc malzeme<\/p>\n<\/li>\n<\/ul>\n","protected":false},"featured_media":16646,"template":"","meta":[],"product_brand":[],"product_cat":[246,497,523],"product_tag":[],"class_list":{"0":"post-16642","1":"product","2":"type-product","3":"status-publish","4":"has-post-thumbnail","6":"product_cat-linde","7":"product_cat-amortisor-grubu","8":"product_cat-yedek-parca-linde","10":"first","11":"instock","12":"taxable","13":"shipping-taxable","14":"purchasable","15":"product-type-simple"},"_links":{"self":[{"href":"https:\/\/ceoparts.com\/tr\/wp-json\/wp\/v2\/product\/16642","targetHints":{"allow":["GET"]}}],"collection":[{"href":"https:\/\/ceoparts.com\/tr\/wp-json\/wp\/v2\/product"}],"about":[{"href":"https:\/\/ceoparts.com\/tr\/wp-json\/wp\/v2\/types\/product"}],"wp:featuredmedia":[{"embeddable":true,"href":"https:\/\/ceoparts.com\/tr\/wp-json\/wp\/v2\/media\/16646"}],"wp:attachment":[{"href":"https:\/\/ceoparts.com\/tr\/wp-json\/wp\/v2\/media?parent=16642"}],"wp:term":[{"taxonomy":"product_brand","embeddable":true,"href":"https:\/\/ceoparts.com\/tr\/wp-json\/wp\/v2\/product_brand?post=16642"},{"taxonomy":"product_cat","embeddable":true,"href":"https:\/\/ceoparts.com\/tr\/wp-json\/wp\/v2\/product_cat?post=16642"},{"taxonomy":"product_tag","embeddable":true,"href":"https:\/\/ceoparts.com\/tr\/wp-json\/wp\/v2\/product_tag?post=16642"}],"curies":[{"name":"wp","href":"https:\/\/api.w.org\/{rel}","templated":true}]}}