{"id":16647,"date":"2025-04-11T16:33:38","date_gmt":"2025-04-11T13:33:38","guid":{"rendered":"https:\/\/ceoparts.com\/?post_type=product&#038;p=16647"},"modified":"2026-05-16T19:58:43","modified_gmt":"2026-05-16T16:58:43","slug":"bt-lwe160-dis-kapak","status":"publish","type":"product","link":"https:\/\/ceoparts.com\/tr\/urun\/bt-lwe160-dis-kapak\/","title":{"rendered":"BT LWE160 D\u0131\u015f Kapak"},"content":{"rendered":"<p>BT LWE160 D\u0131\u015f Kapak<\/p>","protected":false},"excerpt":{"rendered":"<p data-start=\"145\" data-end=\"398\"><strong data-start=\"145\" data-end=\"168\">BT LWE160 D\u0131\u015f Kapak<\/strong>, forkliftlerin d\u0131\u015f mekanizmalar\u0131n\u0131 koruyan dayan\u0131kl\u0131 ve y\u00fcksek kaliteli bir par\u00e7ad\u0131r. Uzun \u00f6m\u00fcrl\u00fc malzemesi sayesinde, makinenizin performans\u0131n\u0131 ve g\u00fcvenli\u011fini art\u0131r\u0131r. BT LWE160 model forkliftler i\u00e7in \u00f6zel olarak tasarlanm\u0131\u015ft\u0131r.<\/p>\n<p data-start=\"400\" data-end=\"417\"><strong data-start=\"400\" data-end=\"415\">\u00d6zellikler:<\/strong><\/p>\n<ul data-start=\"418\" data-end=\"503\">\n<li data-start=\"418\" data-end=\"454\">\n<p data-start=\"420\" data-end=\"454\">Uyumlu Model: BT LWE160 forklift<\/p>\n<\/li>\n<li data-start=\"455\" data-end=\"486\">\n<p data-start=\"457\" data-end=\"486\">Dayan\u0131kl\u0131, kaliteli malzeme<\/p>\n<\/li>\n<li data-start=\"487\" data-end=\"503\">\n<p data-start=\"489\" data-end=\"503\">Kolay montaj<\/p>\n<\/li>\n<\/ul>\n","protected":false},"featured_media":16648,"template":"","meta":[],"product_brand":[],"product_cat":[251,472,518],"product_tag":[],"class_list":{"0":"post-16647","1":"product","2":"type-product","3":"status-publish","4":"has-post-thumbnail","6":"product_cat-bt","7":"product_cat-kaporta-aksami","8":"product_cat-yedek-parca-bt","10":"first","11":"instock","12":"taxable","13":"shipping-taxable","14":"purchasable","15":"product-type-simple"},"_links":{"self":[{"href":"https:\/\/ceoparts.com\/tr\/wp-json\/wp\/v2\/product\/16647","targetHints":{"allow":["GET"]}}],"collection":[{"href":"https:\/\/ceoparts.com\/tr\/wp-json\/wp\/v2\/product"}],"about":[{"href":"https:\/\/ceoparts.com\/tr\/wp-json\/wp\/v2\/types\/product"}],"wp:featuredmedia":[{"embeddable":true,"href":"https:\/\/ceoparts.com\/tr\/wp-json\/wp\/v2\/media\/16648"}],"wp:attachment":[{"href":"https:\/\/ceoparts.com\/tr\/wp-json\/wp\/v2\/media?parent=16647"}],"wp:term":[{"taxonomy":"product_brand","embeddable":true,"href":"https:\/\/ceoparts.com\/tr\/wp-json\/wp\/v2\/product_brand?post=16647"},{"taxonomy":"product_cat","embeddable":true,"href":"https:\/\/ceoparts.com\/tr\/wp-json\/wp\/v2\/product_cat?post=16647"},{"taxonomy":"product_tag","embeddable":true,"href":"https:\/\/ceoparts.com\/tr\/wp-json\/wp\/v2\/product_tag?post=16647"}],"curies":[{"name":"wp","href":"https:\/\/api.w.org\/{rel}","templated":true}]}}