{"id":16656,"date":"2025-04-11T16:46:30","date_gmt":"2025-04-11T13:46:30","guid":{"rendered":"https:\/\/ceoparts.com\/?post_type=product&#038;p=16656"},"modified":"2026-05-16T17:33:54","modified_gmt":"2026-05-16T14:33:54","slug":"bt-parmak-joystick-mini-lever-tuslu-678201660071","status":"publish","type":"product","link":"https:\/\/ceoparts.com\/tr\/urun\/bt-parmak-joystick-mini-lever-tuslu-678201660071\/","title":{"rendered":"BT Mini Lever Tu\u015flu  \u2013 678201660071"},"content":{"rendered":"<p>BT Mini Lever Tu\u015flu  \u2013 678201660071<\/p>","protected":false},"excerpt":{"rendered":"<p data-start=\"180\" data-end=\"439\"><strong data-start=\"180\" data-end=\"203\">BT Mini Lever Tu\u015flu<\/strong>, BT forklift ve istif makinelerinde kullan\u0131lan, \u00fczerine tu\u015f entegre edilmi\u015f ergonomik kumanda koludur. Hidrolik kald\u0131rma, indirme ve yan fonksiyonlar\u0131n hassas kontrol\u00fcn\u00fc sa\u011flar. Operat\u00f6r konforunu art\u0131r\u0131r ve i\u015f verimlili\u011fini y\u00fckseltir.<\/p>\n<p data-start=\"441\" data-end=\"458\"><strong data-start=\"441\" data-end=\"456\">\u00d6zellikler:<\/strong><\/p>\n<ul data-start=\"459\" data-end=\"604\">\n<li data-start=\"459\" data-end=\"511\">\n<p data-start=\"461\" data-end=\"511\">Uyumlu Modeller: BT forklift ve istif makineleri<\/p>\n<\/li>\n<li data-start=\"512\" data-end=\"539\">\n<p data-start=\"514\" data-end=\"539\">\u00dcr\u00fcn Kodu: 678201660071<\/p>\n<\/li>\n<li data-start=\"540\" data-end=\"567\">\n<p data-start=\"542\" data-end=\"567\">Tu\u015flu ergonomik tasar\u0131m<\/p>\n<\/li>\n<li data-start=\"568\" data-end=\"604\">\n<p data-start=\"570\" data-end=\"604\">Dayan\u0131kl\u0131 ve uzun \u00f6m\u00fcrl\u00fc malzeme<\/p>\n<\/li>\n<\/ul>\n","protected":false},"featured_media":16661,"template":"","meta":[],"product_brand":[],"product_cat":[251,471,518],"product_tag":[],"class_list":{"0":"post-16656","1":"product","2":"type-product","3":"status-publish","4":"has-post-thumbnail","6":"product_cat-bt","7":"product_cat-joystick-pedal-yedek-parca","8":"product_cat-yedek-parca-bt","10":"first","11":"instock","12":"taxable","13":"shipping-taxable","14":"purchasable","15":"product-type-simple"},"_links":{"self":[{"href":"https:\/\/ceoparts.com\/tr\/wp-json\/wp\/v2\/product\/16656","targetHints":{"allow":["GET"]}}],"collection":[{"href":"https:\/\/ceoparts.com\/tr\/wp-json\/wp\/v2\/product"}],"about":[{"href":"https:\/\/ceoparts.com\/tr\/wp-json\/wp\/v2\/types\/product"}],"wp:featuredmedia":[{"embeddable":true,"href":"https:\/\/ceoparts.com\/tr\/wp-json\/wp\/v2\/media\/16661"}],"wp:attachment":[{"href":"https:\/\/ceoparts.com\/tr\/wp-json\/wp\/v2\/media?parent=16656"}],"wp:term":[{"taxonomy":"product_brand","embeddable":true,"href":"https:\/\/ceoparts.com\/tr\/wp-json\/wp\/v2\/product_brand?post=16656"},{"taxonomy":"product_cat","embeddable":true,"href":"https:\/\/ceoparts.com\/tr\/wp-json\/wp\/v2\/product_cat?post=16656"},{"taxonomy":"product_tag","embeddable":true,"href":"https:\/\/ceoparts.com\/tr\/wp-json\/wp\/v2\/product_tag?post=16656"}],"curies":[{"name":"wp","href":"https:\/\/api.w.org\/{rel}","templated":true}]}}