{"id":16663,"date":"2025-04-11T16:55:21","date_gmt":"2025-04-11T13:55:21","guid":{"rendered":"https:\/\/ceoparts.com\/?post_type=product&#038;p=16663"},"modified":"2026-05-16T16:28:42","modified_gmt":"2026-05-16T13:28:42","slug":"bt-mini-lever-678101660071","status":"publish","type":"product","link":"https:\/\/ceoparts.com\/tr\/urun\/bt-mini-lever-678101660071\/","title":{"rendered":"BT Mini Lever &#8211; 678101660071"},"content":{"rendered":"<p>BT Mini Lever &#8211; 678101660071<\/p>","protected":false},"excerpt":{"rendered":"<p data-start=\"152\" data-end=\"381\"><strong data-start=\"152\" data-end=\"169\">BT Mini Lever<\/strong>, BT marka forklift ve istif makinalar\u0131nda hidrolik kald\u0131rma, indirme ve yan fonksiyonlar\u0131n kontrol\u00fcn\u00fc sa\u011flayan ergonomik bir kumanda koludur. Operat\u00f6r\u00fcn hassas ve g\u00fcvenli manevra yapabilmesi i\u00e7in tasarlanm\u0131\u015ft\u0131r.<\/p>\n<p data-start=\"383\" data-end=\"400\"><strong data-start=\"383\" data-end=\"398\">\u00d6zellikler:<\/strong><\/p>\n<ul data-start=\"401\" data-end=\"537\">\n<li data-start=\"401\" data-end=\"453\">\n<p data-start=\"403\" data-end=\"453\">Uyumlu Modeller: BT forklift ve istif makinalar\u0131<\/p>\n<\/li>\n<li data-start=\"454\" data-end=\"481\">\n<p data-start=\"456\" data-end=\"481\">\u00dcr\u00fcn Kodu: 678101660071<\/p>\n<\/li>\n<li data-start=\"482\" data-end=\"503\">\n<p data-start=\"484\" data-end=\"503\">Ergonomik tasar\u0131m<\/p>\n<\/li>\n<li data-start=\"504\" data-end=\"537\">\n<p data-start=\"506\" data-end=\"537\">Dayan\u0131kl\u0131 ve uzun \u00f6m\u00fcrl\u00fc yap\u0131<\/p>\n<\/li>\n<\/ul>\n","protected":false},"featured_media":16668,"template":"","meta":[],"product_brand":[],"product_cat":[251,471,518],"product_tag":[],"class_list":{"0":"post-16663","1":"product","2":"type-product","3":"status-publish","4":"has-post-thumbnail","6":"product_cat-bt","7":"product_cat-joystick-pedal-yedek-parca","8":"product_cat-yedek-parca-bt","10":"first","11":"instock","12":"taxable","13":"shipping-taxable","14":"purchasable","15":"product-type-simple"},"_links":{"self":[{"href":"https:\/\/ceoparts.com\/tr\/wp-json\/wp\/v2\/product\/16663","targetHints":{"allow":["GET"]}}],"collection":[{"href":"https:\/\/ceoparts.com\/tr\/wp-json\/wp\/v2\/product"}],"about":[{"href":"https:\/\/ceoparts.com\/tr\/wp-json\/wp\/v2\/types\/product"}],"wp:featuredmedia":[{"embeddable":true,"href":"https:\/\/ceoparts.com\/tr\/wp-json\/wp\/v2\/media\/16668"}],"wp:attachment":[{"href":"https:\/\/ceoparts.com\/tr\/wp-json\/wp\/v2\/media?parent=16663"}],"wp:term":[{"taxonomy":"product_brand","embeddable":true,"href":"https:\/\/ceoparts.com\/tr\/wp-json\/wp\/v2\/product_brand?post=16663"},{"taxonomy":"product_cat","embeddable":true,"href":"https:\/\/ceoparts.com\/tr\/wp-json\/wp\/v2\/product_cat?post=16663"},{"taxonomy":"product_tag","embeddable":true,"href":"https:\/\/ceoparts.com\/tr\/wp-json\/wp\/v2\/product_tag?post=16663"}],"curies":[{"name":"wp","href":"https:\/\/api.w.org\/{rel}","templated":true}]}}