{"id":16669,"date":"2025-04-11T17:01:23","date_gmt":"2025-04-11T14:01:23","guid":{"rendered":"https:\/\/ceoparts.com\/?post_type=product&#038;p=16669"},"modified":"2026-05-16T16:19:01","modified_gmt":"2026-05-16T13:19:01","slug":"linde-direksiyon-kart-3903608400","status":"publish","type":"product","link":"https:\/\/ceoparts.com\/tr\/urun\/linde-direksiyon-kart-3903608400\/","title":{"rendered":"Linde Direksiyon Kart &#8211; 3903608400"},"content":{"rendered":"<p>Linde Direksiyon Kart &#8211; 3903608400<\/p>","protected":false},"excerpt":{"rendered":"<p data-start=\"180\" data-end=\"417\"><strong data-start=\"180\" data-end=\"206\">Linde Direksiyon Kart\u0131<\/strong>, Linde forklift ve istif makinelerinde direksiyon sisteminin elektronik kontrol\u00fcn\u00fc sa\u011flayan \u00f6nemli bir kartt\u0131r. Hassas direksiyon komutlar\u0131n\u0131 i\u015fler ve sistemin h\u0131zl\u0131, g\u00fcvenli ve stabil \u00e7al\u0131\u015fmas\u0131n\u0131 garanti eder.<\/p>\n<p data-start=\"419\" data-end=\"436\"><strong data-start=\"419\" data-end=\"434\">\u00d6zellikler:<\/strong><\/p>\n<ul data-start=\"437\" data-end=\"578\">\n<li data-start=\"437\" data-end=\"492\">\n<p data-start=\"439\" data-end=\"492\">Uyumlu Modeller: Linde forklift ve istif makineleri<\/p>\n<\/li>\n<li data-start=\"493\" data-end=\"518\">\n<p data-start=\"495\" data-end=\"518\">\u00dcr\u00fcn Kodu: 3903608400<\/p>\n<\/li>\n<li data-start=\"519\" data-end=\"544\">\n<p data-start=\"521\" data-end=\"544\">Stabil s\u00fcr\u00fc\u015f kontrol\u00fc<\/p>\n<\/li>\n<li data-start=\"545\" data-end=\"578\">\n<p data-start=\"547\" data-end=\"578\">Dayan\u0131kl\u0131 ve uzun \u00f6m\u00fcrl\u00fc yap\u0131<\/p>\n<\/li>\n<\/ul>\n","protected":false},"featured_media":16670,"template":"","meta":[],"product_brand":[],"product_cat":[246,431,523],"product_tag":[504],"class_list":{"0":"post-16669","1":"product","2":"type-product","3":"status-publish","4":"has-post-thumbnail","6":"product_cat-linde","7":"product_cat-ekranlar-ve-kartlar","8":"product_cat-yedek-parca-linde","9":"product_tag-linde-direksiyon-kart","11":"first","12":"instock","13":"taxable","14":"shipping-taxable","15":"purchasable","16":"product-type-simple"},"_links":{"self":[{"href":"https:\/\/ceoparts.com\/tr\/wp-json\/wp\/v2\/product\/16669","targetHints":{"allow":["GET"]}}],"collection":[{"href":"https:\/\/ceoparts.com\/tr\/wp-json\/wp\/v2\/product"}],"about":[{"href":"https:\/\/ceoparts.com\/tr\/wp-json\/wp\/v2\/types\/product"}],"wp:featuredmedia":[{"embeddable":true,"href":"https:\/\/ceoparts.com\/tr\/wp-json\/wp\/v2\/media\/16670"}],"wp:attachment":[{"href":"https:\/\/ceoparts.com\/tr\/wp-json\/wp\/v2\/media?parent=16669"}],"wp:term":[{"taxonomy":"product_brand","embeddable":true,"href":"https:\/\/ceoparts.com\/tr\/wp-json\/wp\/v2\/product_brand?post=16669"},{"taxonomy":"product_cat","embeddable":true,"href":"https:\/\/ceoparts.com\/tr\/wp-json\/wp\/v2\/product_cat?post=16669"},{"taxonomy":"product_tag","embeddable":true,"href":"https:\/\/ceoparts.com\/tr\/wp-json\/wp\/v2\/product_tag?post=16669"}],"curies":[{"name":"wp","href":"https:\/\/api.w.org\/{rel}","templated":true}]}}