{"id":16674,"date":"2025-04-11T17:12:38","date_gmt":"2025-04-11T14:12:38","guid":{"rendered":"https:\/\/ceoparts.com\/?post_type=product&#038;p=16674"},"modified":"2026-05-16T14:33:25","modified_gmt":"2026-05-16T11:33:25","slug":"linde-kafa-karti-3095404009","status":"publish","type":"product","link":"https:\/\/ceoparts.com\/tr\/urun\/linde-kafa-karti-3095404009\/","title":{"rendered":"Linde Kafa Kart\u0131 &#8211; 3095404009"},"content":{"rendered":"<p>Linde Kafa Kart\u0131 &#8211; 3095404009<\/p>\n<table border=\"0\" width=\"255\" cellspacing=\"0\" cellpadding=\"0\">\n<tbody>\n<tr>\n<td align=\"right\" width=\"64\" height=\"19\"><span style=\"font-family: Calibri;\">1170<\/span><\/td>\n<td width=\"191\"><span style=\"font-family: Calibri;\">L06\/10\/12\/16AC<\/span><\/td>\n<\/tr>\n<tr>\n<td align=\"right\" height=\"19\"><span style=\"font-family: Calibri;\">131<\/span><\/td>\n<td><span style=\"font-family: Calibri;\">L14\/16AS<\/span><\/td>\n<\/tr>\n<tr>\n<td align=\"right\" height=\"19\"><span style=\"font-family: Calibri;\">131<\/span><\/td>\n<td><span style=\"font-family: Calibri;\">L14\/16AS<\/span><\/td>\n<\/tr>\n<tr>\n<td align=\"right\" height=\"19\"><span style=\"font-family: Calibri;\">133<\/span><\/td>\n<td><span style=\"font-family: Calibri;\">L12\/L14-L12L\/L14L-L12LHP<\/span><\/td>\n<\/tr>\n<tr>\n<td align=\"right\" height=\"19\"><span style=\"font-family: Calibri;\">372<\/span><\/td>\n<td><span style=\"font-family: Calibri;\">L14\/16\/L14AP\/16AP<\/span><\/td>\n<\/tr>\n<tr>\n<td align=\"right\" height=\"19\"><span style=\"font-family: Calibri;\">372<\/span><\/td>\n<td><span style=\"font-family: Calibri;\">L14\/16\/L14AP\/16AP<\/span><\/td>\n<\/tr>\n<tr>\n<td align=\"right\" height=\"19\"><span style=\"font-family: Calibri;\">372<\/span><\/td>\n<td><span style=\"font-family: Calibri;\">L14\/16\/L14AP\/16AP<\/span><\/td>\n<\/tr>\n<tr>\n<td align=\"right\" height=\"19\"><span style=\"font-family: Calibri;\">372<\/span><\/td>\n<td><span style=\"font-family: Calibri;\">L14\/16\/L14AP\/16AP<\/span><\/td>\n<\/tr>\n<tr>\n<td align=\"right\" height=\"19\"><span style=\"font-family: Calibri;\">379<\/span><\/td>\n<td><span style=\"font-family: Calibri;\">L10\/12-L10\/12AS<\/span><\/td>\n<\/tr>\n<\/tbody>\n<\/table>","protected":false},"excerpt":{"rendered":"<p data-start=\"161\" data-end=\"409\"><strong data-start=\"161\" data-end=\"181\">Linde Kafa Kart\u0131<\/strong>, Linde marka forklift ve istif makinelerinde elektronik kontrol sisteminin beyin kart\u0131d\u0131r. T\u00fcm komutlar\u0131n i\u015flenmesini ve sistemin g\u00fcvenli \u00e7al\u0131\u015fmas\u0131n\u0131 sa\u011flar. Y\u00fcksek kaliteli malzeme yap\u0131s\u0131 ve uzun \u00f6m\u00fcrl\u00fc performans\u0131yla bilinir.<\/p>\n<p data-start=\"411\" data-end=\"428\"><strong data-start=\"411\" data-end=\"426\">\u00d6zellikler:<\/strong><\/p>\n<ul data-start=\"429\" data-end=\"576\">\n<li data-start=\"429\" data-end=\"484\">\n<p data-start=\"431\" data-end=\"484\">Uyumlu Modeller: Linde forklift ve istif makineleri<\/p>\n<\/li>\n<li data-start=\"485\" data-end=\"510\">\n<p data-start=\"487\" data-end=\"510\">\u00dcr\u00fcn Kodu: 3095404009<\/p>\n<\/li>\n<li data-start=\"511\" data-end=\"544\">\n<p data-start=\"513\" data-end=\"544\">Stabil ve h\u0131zl\u0131 veri aktar\u0131m\u0131<\/p>\n<\/li>\n<li data-start=\"545\" data-end=\"576\">\n<p data-start=\"547\" data-end=\"576\">Dayan\u0131kl\u0131 ve g\u00fcvenilir yap\u0131<\/p>\n<\/li>\n<\/ul>\n","protected":false},"featured_media":16675,"template":"","meta":[],"product_brand":[],"product_cat":[246,431,523],"product_tag":[],"class_list":{"0":"post-16674","1":"product","2":"type-product","3":"status-publish","4":"has-post-thumbnail","6":"product_cat-linde","7":"product_cat-ekranlar-ve-kartlar","8":"product_cat-yedek-parca-linde","10":"first","11":"instock","12":"taxable","13":"shipping-taxable","14":"purchasable","15":"product-type-simple"},"_links":{"self":[{"href":"https:\/\/ceoparts.com\/tr\/wp-json\/wp\/v2\/product\/16674","targetHints":{"allow":["GET"]}}],"collection":[{"href":"https:\/\/ceoparts.com\/tr\/wp-json\/wp\/v2\/product"}],"about":[{"href":"https:\/\/ceoparts.com\/tr\/wp-json\/wp\/v2\/types\/product"}],"wp:featuredmedia":[{"embeddable":true,"href":"https:\/\/ceoparts.com\/tr\/wp-json\/wp\/v2\/media\/16675"}],"wp:attachment":[{"href":"https:\/\/ceoparts.com\/tr\/wp-json\/wp\/v2\/media?parent=16674"}],"wp:term":[{"taxonomy":"product_brand","embeddable":true,"href":"https:\/\/ceoparts.com\/tr\/wp-json\/wp\/v2\/product_brand?post=16674"},{"taxonomy":"product_cat","embeddable":true,"href":"https:\/\/ceoparts.com\/tr\/wp-json\/wp\/v2\/product_cat?post=16674"},{"taxonomy":"product_tag","embeddable":true,"href":"https:\/\/ceoparts.com\/tr\/wp-json\/wp\/v2\/product_tag?post=16674"}],"curies":[{"name":"wp","href":"https:\/\/api.w.org\/{rel}","templated":true}]}}