{"id":16680,"date":"2025-04-11T17:25:43","date_gmt":"2025-04-11T14:25:43","guid":{"rendered":"https:\/\/ceoparts.com\/?post_type=product&#038;p=16680"},"modified":"2026-05-16T13:09:39","modified_gmt":"2026-05-16T10:09:39","slug":"crown-kumanda-kol-potansi-813533-813534","status":"publish","type":"product","link":"https:\/\/ceoparts.com\/tr\/urun\/crown-kumanda-kol-potansi-813533-813534\/","title":{"rendered":"Crown Kumanda Kol Potans\u0131 &#8211; 813533, 813534"},"content":{"rendered":"<p>Crown Kumanda Kol Potans\u0131 &#8211; 813533, 813534<\/p>","protected":false},"excerpt":{"rendered":"<p data-start=\"174\" data-end=\"412\"><strong data-start=\"174\" data-end=\"203\">Crown Kumanda Kol Potans\u0131<\/strong>, Crown marka forklift ve istif makinelerinde h\u0131z ve y\u00f6n kontrol\u00fcn\u00fc sa\u011flayan hassas potansiyometredir. Y\u00fcksek dayan\u0131kl\u0131l\u0131\u011f\u0131 ve stabil \u00e7al\u0131\u015fma yap\u0131s\u0131yla depo ve lojistik uygulamalar\u0131nda sorunsuz kullan\u0131m sunar.<\/p>\n<p data-start=\"414\" data-end=\"431\"><strong data-start=\"414\" data-end=\"429\">\u00d6zellikler:<\/strong><\/p>\n<ul data-start=\"432\" data-end=\"584\">\n<li data-start=\"432\" data-end=\"487\">\n<p data-start=\"434\" data-end=\"487\">Uyumlu Modeller: Crown forklift ve istif makineleri<\/p>\n<\/li>\n<li data-start=\"488\" data-end=\"517\">\n<p data-start=\"490\" data-end=\"517\">\u00dcr\u00fcn Kodu: 813533, 813534<\/p>\n<\/li>\n<li data-start=\"518\" data-end=\"552\">\n<p data-start=\"520\" data-end=\"552\">Y\u00fcksek hassasiyet ve uzun \u00f6m\u00fcr<\/p>\n<\/li>\n<li data-start=\"553\" data-end=\"584\">\n<p data-start=\"555\" data-end=\"584\">Kolay montaj ve sa\u011flam yap\u0131<\/p>\n<\/li>\n<\/ul>\n","protected":false},"featured_media":16684,"template":"","meta":[],"product_brand":[],"product_cat":[272,470,519],"product_tag":[],"class_list":{"0":"post-16680","1":"product","2":"type-product","3":"status-publish","4":"has-post-thumbnail","6":"product_cat-crown","7":"product_cat-diger-yedek-parcalar","8":"product_cat-yedek-parca-crown","10":"first","11":"instock","12":"taxable","13":"shipping-taxable","14":"purchasable","15":"product-type-simple"},"_links":{"self":[{"href":"https:\/\/ceoparts.com\/tr\/wp-json\/wp\/v2\/product\/16680","targetHints":{"allow":["GET"]}}],"collection":[{"href":"https:\/\/ceoparts.com\/tr\/wp-json\/wp\/v2\/product"}],"about":[{"href":"https:\/\/ceoparts.com\/tr\/wp-json\/wp\/v2\/types\/product"}],"wp:featuredmedia":[{"embeddable":true,"href":"https:\/\/ceoparts.com\/tr\/wp-json\/wp\/v2\/media\/16684"}],"wp:attachment":[{"href":"https:\/\/ceoparts.com\/tr\/wp-json\/wp\/v2\/media?parent=16680"}],"wp:term":[{"taxonomy":"product_brand","embeddable":true,"href":"https:\/\/ceoparts.com\/tr\/wp-json\/wp\/v2\/product_brand?post=16680"},{"taxonomy":"product_cat","embeddable":true,"href":"https:\/\/ceoparts.com\/tr\/wp-json\/wp\/v2\/product_cat?post=16680"},{"taxonomy":"product_tag","embeddable":true,"href":"https:\/\/ceoparts.com\/tr\/wp-json\/wp\/v2\/product_tag?post=16680"}],"curies":[{"name":"wp","href":"https:\/\/api.w.org\/{rel}","templated":true}]}}