{"id":16740,"date":"2025-04-19T11:26:46","date_gmt":"2025-04-19T08:26:46","guid":{"rendered":"https:\/\/ceoparts.com\/?post_type=product&#038;p=16740"},"modified":"2026-05-16T14:05:36","modified_gmt":"2026-05-16T11:05:36","slug":"still-kontaktor-exusf-150a-24v","status":"publish","type":"product","link":"https:\/\/ceoparts.com\/tr\/urun\/still-kontaktor-exusf-150a-24v\/","title":{"rendered":"Still Kontakt\u00f6r EXUSF 150A 24V"},"content":{"rendered":"<p>Still Kontakt\u00f6r EXUSF 150A 24V<\/p>","protected":false},"excerpt":{"rendered":"<p data-start=\"192\" data-end=\"454\"><strong data-start=\"192\" data-end=\"226\">Still Kontakt\u00f6r EXUSF 150A 24V<\/strong>, forklift, ak\u00fcl\u00fc transpalet ve end\u00fcstriyel ta\u015f\u0131ma ekipmanlar\u0131nda kullan\u0131lan, 24V DC sistemler i\u00e7in ideal y\u00fcksek ak\u0131m ta\u015f\u0131ma kapasiteli bir kontakt\u00f6rd\u00fcr. G\u00fc\u00e7l\u00fc ve dayan\u0131kl\u0131 yap\u0131s\u0131 sayesinde uzun s\u00fcreli ve g\u00fcvenli kullan\u0131m sunar.<\/p>\n<p data-start=\"456\" data-end=\"473\"><strong data-start=\"456\" data-end=\"471\">\u00d6zellikler:<\/strong><\/p>\n<ul data-start=\"474\" data-end=\"621\">\n<li data-start=\"474\" data-end=\"501\">\n<p data-start=\"476\" data-end=\"501\">\u00dcr\u00fcn Tipi: DC Kontakt\u00f6r<\/p>\n<\/li>\n<li data-start=\"502\" data-end=\"518\">\n<p data-start=\"504\" data-end=\"518\">Marka: Still<\/p>\n<\/li>\n<li data-start=\"519\" data-end=\"540\">\n<p data-start=\"521\" data-end=\"540\">Model: EXUSF 150A<\/p>\n<\/li>\n<li data-start=\"541\" data-end=\"559\">\n<p data-start=\"543\" data-end=\"559\">Voltaj: 24V DC<\/p>\n<\/li>\n<li data-start=\"560\" data-end=\"585\">\n<p data-start=\"562\" data-end=\"585\">Ak\u0131m Kapasitesi: 150A<\/p>\n<\/li>\n<\/ul>\n","protected":false},"featured_media":16744,"template":"","meta":[],"product_brand":[],"product_cat":[241,462,524],"product_tag":[],"class_list":{"0":"post-16740","1":"product","2":"type-product","3":"status-publish","4":"has-post-thumbnail","6":"product_cat-still","7":"product_cat-kontaktorler","8":"product_cat-yedek-parca-still","10":"first","11":"instock","12":"taxable","13":"shipping-taxable","14":"purchasable","15":"product-type-simple"},"_links":{"self":[{"href":"https:\/\/ceoparts.com\/tr\/wp-json\/wp\/v2\/product\/16740","targetHints":{"allow":["GET"]}}],"collection":[{"href":"https:\/\/ceoparts.com\/tr\/wp-json\/wp\/v2\/product"}],"about":[{"href":"https:\/\/ceoparts.com\/tr\/wp-json\/wp\/v2\/types\/product"}],"wp:featuredmedia":[{"embeddable":true,"href":"https:\/\/ceoparts.com\/tr\/wp-json\/wp\/v2\/media\/16744"}],"wp:attachment":[{"href":"https:\/\/ceoparts.com\/tr\/wp-json\/wp\/v2\/media?parent=16740"}],"wp:term":[{"taxonomy":"product_brand","embeddable":true,"href":"https:\/\/ceoparts.com\/tr\/wp-json\/wp\/v2\/product_brand?post=16740"},{"taxonomy":"product_cat","embeddable":true,"href":"https:\/\/ceoparts.com\/tr\/wp-json\/wp\/v2\/product_cat?post=16740"},{"taxonomy":"product_tag","embeddable":true,"href":"https:\/\/ceoparts.com\/tr\/wp-json\/wp\/v2\/product_tag?post=16740"}],"curies":[{"name":"wp","href":"https:\/\/api.w.org\/{rel}","templated":true}]}}