{"id":16770,"date":"2025-04-26T10:04:03","date_gmt":"2025-04-26T07:04:03","guid":{"rendered":"https:\/\/ceoparts.com\/?post_type=product&#038;p=16770"},"modified":"2026-05-16T15:26:50","modified_gmt":"2026-05-16T12:26:50","slug":"linde-speed-sensor-7917415809-7917415538","status":"publish","type":"product","link":"https:\/\/ceoparts.com\/tr\/urun\/linde-speed-sensor-7917415809-7917415538\/","title":{"rendered":"Linde Devir Sens\u00f6r\u00fc &#8211; 7917415809, 7917415538"},"content":{"rendered":"<p>Linde Devir Sens\u00f6r\u00fc &#8211; 7917415809, 7917415538<\/p>","protected":false},"excerpt":{"rendered":"<p data-start=\"201\" data-end=\"521\"><strong data-start=\"201\" data-end=\"249\">Linde Devir Sens\u00f6r\u00fc \u2013 7917415809, 7917415538<\/strong>, forklift ve istif makinelerinde motor devir h\u0131z\u0131n\u0131 \u00f6l\u00e7mek ve kontrol sistemlerine do\u011fru veri sa\u011flamak amac\u0131yla kullan\u0131lan y\u00fcksek kaliteli bir sens\u00f6rd\u00fcr. Dayan\u0131kl\u0131 yap\u0131s\u0131 ve g\u00fcvenilir performans\u0131 ile uzun \u00f6m\u00fcrl\u00fc kullan\u0131m sunar. Orijinal Linde sistemleriyle tam uyumludur.<\/p>\n<p data-start=\"523\" data-end=\"540\"><strong data-start=\"523\" data-end=\"538\">\u00d6zellikler:<\/strong><\/p>\n<ul data-start=\"541\" data-end=\"690\">\n<li data-start=\"541\" data-end=\"569\">\n<p data-start=\"543\" data-end=\"569\">\u00dcr\u00fcn Tipi: Devir Sens\u00f6r\u00fc<\/p>\n<\/li>\n<li data-start=\"570\" data-end=\"611\">\n<p data-start=\"572\" data-end=\"611\">Par\u00e7a Kodlar\u0131: 7917415809, 7917415538<\/p>\n<\/li>\n<li data-start=\"612\" data-end=\"635\">\n<p data-start=\"614\" data-end=\"635\">Uyumlu Marka: Linde<\/p>\n<\/li>\n<li data-start=\"636\" data-end=\"690\">\n<p data-start=\"638\" data-end=\"690\">Avantajlar: Hassas \u00f6l\u00e7\u00fcm, uzun \u00f6m\u00fcr, orijinal uyum<\/p>\n<\/li>\n<\/ul>\n","protected":false},"featured_media":16771,"template":"","meta":[],"product_brand":[],"product_cat":[246,469,523],"product_tag":[],"class_list":{"0":"post-16770","1":"product","2":"type-product","3":"status-publish","4":"has-post-thumbnail","6":"product_cat-linde","7":"product_cat-elektrik-ve-sistem-parcalari","8":"product_cat-yedek-parca-linde","10":"first","11":"instock","12":"taxable","13":"shipping-taxable","14":"purchasable","15":"product-type-simple"},"_links":{"self":[{"href":"https:\/\/ceoparts.com\/tr\/wp-json\/wp\/v2\/product\/16770","targetHints":{"allow":["GET"]}}],"collection":[{"href":"https:\/\/ceoparts.com\/tr\/wp-json\/wp\/v2\/product"}],"about":[{"href":"https:\/\/ceoparts.com\/tr\/wp-json\/wp\/v2\/types\/product"}],"wp:featuredmedia":[{"embeddable":true,"href":"https:\/\/ceoparts.com\/tr\/wp-json\/wp\/v2\/media\/16771"}],"wp:attachment":[{"href":"https:\/\/ceoparts.com\/tr\/wp-json\/wp\/v2\/media?parent=16770"}],"wp:term":[{"taxonomy":"product_brand","embeddable":true,"href":"https:\/\/ceoparts.com\/tr\/wp-json\/wp\/v2\/product_brand?post=16770"},{"taxonomy":"product_cat","embeddable":true,"href":"https:\/\/ceoparts.com\/tr\/wp-json\/wp\/v2\/product_cat?post=16770"},{"taxonomy":"product_tag","embeddable":true,"href":"https:\/\/ceoparts.com\/tr\/wp-json\/wp\/v2\/product_tag?post=16770"}],"curies":[{"name":"wp","href":"https:\/\/api.w.org\/{rel}","templated":true}]}}