{"id":16775,"date":"2025-04-26T10:16:58","date_gmt":"2025-04-26T07:16:58","guid":{"rendered":"https:\/\/ceoparts.com\/?post_type=product&#038;p=16775"},"modified":"2026-05-16T14:33:23","modified_gmt":"2026-05-16T11:33:23","slug":"jungheinrich-kontak-anahtari-50017769","status":"publish","type":"product","link":"https:\/\/ceoparts.com\/tr\/urun\/jungheinrich-kontak-anahtari-50017769\/","title":{"rendered":"Kontak Anahtar\u0131 Jungheinrich  &#8211; 50017769"},"content":{"rendered":"<p>Kontak Anahtar\u0131 Jungheinrich  &#8211; 50017769<\/p>\n<p>Stacyjka 702 \/ 738 \/ Ignition switch 702 \/ 738 \/ Sp\u00edna\u010d zapalov\u00e1n\u00ed pro Jungheinrich 702\/738<\/p>\n<p>Jungheinrich 50017769<\/p>\n<p>&nbsp;<\/p>\n<table border=\"0\" width=\"293\" cellspacing=\"0\" cellpadding=\"0\">\n<colgroup>\n<col width=\"211\" \/>\n<col width=\"82\" \/><\/colgroup>\n<tbody>\n<tr>\n<td width=\"211\" height=\"20\"><span style=\"font-family: Calibri;\">ECE 20 ASDA\/SAFEWAY<\/span><\/td>\n<td width=\"82\"><span style=\"font-family: Calibri;\">3.00 &#8211; 9.02<\/span><\/td>\n<\/tr>\n<tr>\n<td height=\"20\"><span style=\"font-family: Calibri;\">ECE 20 hebbare Standplattform<\/span><\/td>\n<td><span style=\"font-family: Calibri;\">9.97 &#8211; 12.02<\/span><\/td>\n<\/tr>\n<tr>\n<td height=\"20\"><span style=\"font-family: Calibri;\">ECE 20 Serie\/Tesco -03.2000<\/span><\/td>\n<td><span style=\"font-family: Calibri;\">4.98 &#8211; 2.00<\/span><\/td>\n<\/tr>\n<tr>\n<td height=\"20\"><span style=\"font-family: Calibri;\">ECE 20 Tesco<\/span><\/td>\n<td><span style=\"font-family: Calibri;\">3.00 &#8211; 9.02<\/span><\/td>\n<\/tr>\n<tr>\n<td height=\"20\"><span style=\"font-family: Calibri;\">EFG 213 &#8211; 220<\/span><\/td>\n<td><span style=\"font-family: Calibri;\">8.04 &#8211; 1.09<\/span><\/td>\n<\/tr>\n<tr>\n<td height=\"20\"><span style=\"font-family: Calibri;\">EFG 316 &#8211; 320<\/span><\/td>\n<td><span style=\"font-family: Calibri;\">8.04 &#8211; 1.09<\/span><\/td>\n<\/tr>\n<tr>\n<td height=\"20\"><span style=\"font-family: Calibri;\">EFG-DF 12,5-18<\/span><\/td>\n<td><span style=\"font-family: Calibri;\">12.95 &#8211; 4.99<\/span><\/td>\n<\/tr>\n<tr>\n<td height=\"20\"><span style=\"font-family: Calibri;\">EFG-DF 13-20<\/span><\/td>\n<td><span style=\"font-family: Calibri;\">5.99 &#8211; 11.06<\/span><\/td>\n<\/tr>\n<tr>\n<td height=\"20\"><span style=\"font-family: Calibri;\">EFG-DF 15MP<\/span><\/td>\n<td><span style=\"font-family: Calibri;\">1.00 &#8211;\u00a0<\/span><\/td>\n<\/tr>\n<tr>\n<td height=\"20\"><span style=\"font-family: Calibri;\">EFG-DF 15SP<\/span><\/td>\n<td><span style=\"font-family: Calibri;\">1.00 &#8211; 11.06<\/span><\/td>\n<\/tr>\n<tr>\n<td height=\"20\"><span style=\"font-family: Calibri;\">EFG-DFac 13-20<\/span><\/td>\n<td><span style=\"font-family: Calibri;\">5.02 &#8211;\u00a0<\/span><\/td>\n<\/tr>\n<tr>\n<td height=\"20\"><span style=\"font-family: Calibri;\">EFG-DH 12,5\/15B<\/span><\/td>\n<td><span style=\"font-family: Calibri;\">5.96 &#8211; 12.02<\/span><\/td>\n<\/tr>\n<tr>\n<td height=\"20\"><span style=\"font-family: Calibri;\">EFG-V 16\/20<\/span><\/td>\n<td><span style=\"font-family: Calibri;\">12.95 &#8211; 5.99<\/span><\/td>\n<\/tr>\n<tr>\n<td height=\"20\"><span style=\"font-family: Calibri;\">EFG-V 16\/20<\/span><\/td>\n<td><span style=\"font-family: Calibri;\">6.99 &#8211; 2.02<\/span><\/td>\n<\/tr>\n<tr>\n<td height=\"20\"><span style=\"font-family: Calibri;\">EFG-VAC 16\/20<\/span><\/td>\n<td><span style=\"font-family: Calibri;\">8.99 &#8211;\u00a0<\/span><\/td>\n<\/tr>\n<tr>\n<td height=\"20\"><span style=\"font-family: Calibri;\">EFG-VAC 25\/30<\/span><\/td>\n<td><span style=\"font-family: Calibri;\">5.97 &#8211; 12.01<\/span><\/td>\n<\/tr>\n<tr>\n<td height=\"20\"><span style=\"font-family: Calibri;\">EJC 14\/16<\/span><\/td>\n<td><span style=\"font-family: Calibri;\">6.98 &#8211; 2.06<\/span><\/td>\n<\/tr>\n<tr>\n<td height=\"20\"><span style=\"font-family: Calibri;\">EKC 12,5 \/ 16<\/span><\/td>\n<td><span style=\"font-family: Calibri;\">1.00 &#8211; 4.04<\/span><\/td>\n<\/tr>\n<tr>\n<td height=\"20\"><span style=\"font-family: Calibri;\">EKC 12,5 \/ 16<\/span><\/td>\n<td><span style=\"font-family: Calibri;\">2.95 &#8211; 12.99<\/span><\/td>\n<\/tr>\n<tr>\n<td height=\"20\"><span style=\"font-family: Calibri;\">EKC 20<\/span><\/td>\n<td><span style=\"font-family: Calibri;\">5.04 &#8211; 12.04<\/span><\/td>\n<\/tr>\n<tr>\n<td height=\"20\"><span style=\"font-family: Calibri;\">EKC-Z<\/span><\/td>\n<td><span style=\"font-family: Calibri;\">5.04 &#8211; 12.04<\/span><\/td>\n<\/tr>\n<tr>\n<td height=\"20\"><span style=\"font-family: Calibri;\">EKC-Z 12,5 \/ 16<\/span><\/td>\n<td><span style=\"font-family: Calibri;\">2.95 &#8211; 12.99<\/span><\/td>\n<\/tr>\n<tr>\n<td height=\"20\"><span style=\"font-family: Calibri;\">EKD 10-20<\/span><\/td>\n<td><span style=\"font-family: Calibri;\">5.95 &#8211; 12.99<\/span><\/td>\n<\/tr>\n<tr>\n<td height=\"20\"><span style=\"font-family: Calibri;\">EKD 20<\/span><\/td>\n<td><span style=\"font-family: Calibri;\">10.03 &#8211; 12.04<\/span><\/td>\n<\/tr>\n<tr>\n<td height=\"20\"><span style=\"font-family: Calibri;\">EKE 20<\/span><\/td>\n<td><span style=\"font-family: Calibri;\">1.91 &#8211; 4.94<\/span><\/td>\n<\/tr>\n<tr>\n<td height=\"20\"><span style=\"font-family: Calibri;\">EKE 20<\/span><\/td>\n<td><span style=\"font-family: Calibri;\">5.94 &#8211; 5.97<\/span><\/td>\n<\/tr>\n<tr>\n<td height=\"20\"><span style=\"font-family: Calibri;\">EKE 20 24V<\/span><\/td>\n<td><span style=\"font-family: Calibri;\">8.97 &#8211; 5.03<\/span><\/td>\n<\/tr>\n<tr>\n<td height=\"20\"><span style=\"font-family: Calibri;\">EKE 20 b<\/span><\/td>\n<td><span style=\"font-family: Calibri;\">9.02 &#8211; 12.04<\/span><\/td>\n<\/tr>\n<tr>\n<td height=\"20\"><span style=\"font-family: Calibri;\">EKE 20 s<\/span><\/td>\n<td><span style=\"font-family: Calibri;\">8.03 &#8211; 12.04<\/span><\/td>\n<\/tr>\n<tr>\n<td height=\"20\"><span style=\"font-family: Calibri;\">EKE 30 48V<\/span><\/td>\n<td><span style=\"font-family: Calibri;\">1.03 &#8211; 12.04<\/span><\/td>\n<\/tr>\n<tr>\n<td height=\"20\"><span style=\"font-family: Calibri;\">EKS 110 E<\/span><\/td>\n<td><span style=\"font-family: Calibri;\">1.10 &#8211;\u00a0<\/span><\/td>\n<\/tr>\n<tr>\n<td height=\"20\"><span style=\"font-family: Calibri;\">EKS 110 E<\/span><\/td>\n<td><span style=\"font-family: Calibri;\">6.04 &#8211; 12.09<\/span><\/td>\n<\/tr>\n<tr>\n<td height=\"20\"><span style=\"font-family: Calibri;\">EKS 110 ZZ<\/span><\/td>\n<td><span style=\"font-family: Calibri;\">6.04 &#8211; 12.09<\/span><\/td>\n<\/tr>\n<tr>\n<td height=\"20\"><span style=\"font-family: Calibri;\">EKS 110 ZZ<\/span><\/td>\n<td><span style=\"font-family: Calibri;\">1.10 &#8211;\u00a0<\/span><\/td>\n<\/tr>\n<tr>\n<td height=\"20\"><span style=\"font-family: Calibri;\">ERD 220<\/span><\/td>\n<td><span style=\"font-family: Calibri;\">10.03 &#8211;\u00a0<\/span><\/td>\n<\/tr>\n<tr>\n<td height=\"20\"><span style=\"font-family: Calibri;\">ESC 2<\/span><\/td>\n<td><span style=\"font-family: Calibri;\">1.05 &#8211; 7.09<\/span><\/td>\n<\/tr>\n<tr>\n<td height=\"20\"><span style=\"font-family: Calibri;\">ESC 214\/216Z<\/span><\/td>\n<td><span style=\"font-family: Calibri;\">8.09 &#8211;\u00a0<\/span><\/td>\n<\/tr>\n<tr>\n<td height=\"20\"><span style=\"font-family: Calibri;\">ESC 316\/316Z<\/span><\/td>\n<td><span style=\"font-family: Calibri;\">11.07 &#8211;\u00a0<\/span><\/td>\n<\/tr>\n<tr>\n<td height=\"20\"><span style=\"font-family: Calibri;\">ESC Z<\/span><\/td>\n<td><span style=\"font-family: Calibri;\">1.05 &#8211; 7.09<\/span><\/td>\n<\/tr>\n<tr>\n<td height=\"20\"><span style=\"font-family: Calibri;\">ESD 120<\/span><\/td>\n<td><span style=\"font-family: Calibri;\">1.05 &#8211;\u00a0<\/span><\/td>\n<\/tr>\n<tr>\n<td height=\"20\"><span style=\"font-family: Calibri;\">ESD 20<\/span><\/td>\n<td><span style=\"font-family: Calibri;\">11.99 &#8211; 7.03<\/span><\/td>\n<\/tr>\n<tr>\n<td height=\"20\"><span style=\"font-family: Calibri;\">ESD 20<\/span><\/td>\n<td><span style=\"font-family: Calibri;\">8.03 &#8211; 12.04<\/span><\/td>\n<\/tr>\n<tr>\n<td height=\"20\"><span style=\"font-family: Calibri;\">ESD 220<\/span><\/td>\n<td><span style=\"font-family: Calibri;\">1.05 &#8211; 9.10<\/span><\/td>\n<\/tr>\n<tr>\n<td height=\"20\"><span style=\"font-family: Calibri;\">ESE 120<\/span><\/td>\n<td><span style=\"font-family: Calibri;\">1.05 &#8211;\u00a0<\/span><\/td>\n<\/tr>\n<tr>\n<td height=\"20\"><span style=\"font-family: Calibri;\">ESE 20<\/span><\/td>\n<td><span style=\"font-family: Calibri;\">3.99 &#8211; 3.04<\/span><\/td>\n<\/tr>\n<tr>\n<td height=\"20\"><span style=\"font-family: Calibri;\">ESE 20<\/span><\/td>\n<td><span style=\"font-family: Calibri;\">4.04 &#8211; 12.04<\/span><\/td>\n<\/tr>\n<tr>\n<td height=\"20\"><span style=\"font-family: Calibri;\">ESE 220<\/span><\/td>\n<td><span style=\"font-family: Calibri;\">1.05 &#8211; 1.10<\/span><\/td>\n<\/tr>\n<tr>\n<td height=\"20\"><span style=\"font-family: Calibri;\">ESE 420\/430<\/span><\/td>\n<td><span style=\"font-family: Calibri;\">5.05 &#8211; 7.09<\/span><\/td>\n<\/tr>\n<tr>\n<td height=\"20\"><span style=\"font-family: Calibri;\">ESE 420\/430<\/span><\/td>\n<td><span style=\"font-family: Calibri;\">7.09 &#8211;\u00a0<\/span><\/td>\n<\/tr>\n<tr>\n<td height=\"20\"><span style=\"font-family: Calibri;\">ESE 530<\/span><\/td>\n<td><span style=\"font-family: Calibri;\">1.05 &#8211;\u00a0<\/span><\/td>\n<\/tr>\n<tr>\n<td height=\"20\"><span style=\"font-family: Calibri;\">ESE 533<\/span><\/td>\n<td><span style=\"font-family: Calibri;\">3.10 &#8211;\u00a0<\/span><\/td>\n<\/tr>\n<tr>\n<td height=\"20\"><span style=\"font-family: Calibri;\">ETM\/V 10\/12<\/span><\/td>\n<td><span style=\"font-family: Calibri;\">10.97 &#8211; 3.99<\/span><\/td>\n<\/tr>\n<tr>\n<td height=\"20\"><span style=\"font-family: Calibri;\">ETM\/V 110\/112<\/span><\/td>\n<td><span style=\"font-family: Calibri;\">4.99 &#8211; 12.05<\/span><\/td>\n<\/tr>\n<tr>\n<td height=\"20\"><span style=\"font-family: Calibri;\">ETM\/V 114<\/span><\/td>\n<td><span style=\"font-family: Calibri;\">4.99 &#8211; 12.05<\/span><\/td>\n<\/tr>\n<tr>\n<td height=\"20\"><span style=\"font-family: Calibri;\">ETM\/V 14\/16<\/span><\/td>\n<td><span style=\"font-family: Calibri;\">5.95 &#8211; 4.99<\/span><\/td>\n<\/tr>\n<tr>\n<td height=\"20\"><span style=\"font-family: Calibri;\">ETM\/V 20\/ 25 \/ GN<\/span><\/td>\n<td><span style=\"font-family: Calibri;\">5.96 &#8211; 3.99<\/span><\/td>\n<\/tr>\n<tr>\n<td height=\"20\"><span style=\"font-family: Calibri;\">ETM\/V 214\/216<\/span><\/td>\n<td><span style=\"font-family: Calibri;\">12.03 &#8211;\u00a0<\/span><\/td>\n<\/tr>\n<tr>\n<td height=\"20\"><span style=\"font-family: Calibri;\">ETM\/V 214\/216<\/span><\/td>\n<td><span style=\"font-family: Calibri;\">5.99 &#8211; 11.03<\/span><\/td>\n<\/tr>\n<tr>\n<td height=\"20\"><span style=\"font-family: Calibri;\">ETM\/V 214\/216 (US)<\/span><\/td>\n<td><span style=\"font-family: Calibri;\">1.11 &#8211;\u00a0<\/span><\/td>\n<\/tr>\n<tr>\n<td height=\"20\"><span style=\"font-family: Calibri;\">ETM\/V 220<\/span><\/td>\n<td><span style=\"font-family: Calibri;\">4.00 &#8211; 10.04<\/span><\/td>\n<\/tr>\n<tr>\n<td height=\"20\"><span style=\"font-family: Calibri;\">ETM\/V 220\/320\/325<\/span><\/td>\n<td><span style=\"font-family: Calibri;\">4.99 &#8211; 3.00<\/span><\/td>\n<\/tr>\n<tr>\n<td height=\"20\"><span style=\"font-family: Calibri;\">ETM\/V 320\/325<\/span><\/td>\n<td><span style=\"font-family: Calibri;\">4.00 &#8211; 11.04<\/span><\/td>\n<\/tr>\n<tr>\n<td height=\"20\"><span style=\"font-family: Calibri;\">ETM\/V 320\/325 (US)<\/span><\/td>\n<td><span style=\"font-family: Calibri;\">1.11 &#8211;\u00a0<\/span><\/td>\n<\/tr>\n<tr>\n<td height=\"20\"><span style=\"font-family: Calibri;\">ETR 314\/320<\/span><\/td>\n<td><span style=\"font-family: Calibri;\">6.06 &#8211; 11.09<\/span><\/td>\n<\/tr>\n<tr>\n<td height=\"20\"><span style=\"font-family: Calibri;\">ETV 110\/112<\/span><\/td>\n<td><span style=\"font-family: Calibri;\">11.05 &#8211;\u00a0<\/span><\/td>\n<\/tr>\n<tr>\n<td height=\"20\"><span style=\"font-family: Calibri;\">ETV 114\/116<\/span><\/td>\n<td><span style=\"font-family: Calibri;\">11.05 &#8211;\u00a0<\/span><\/td>\n<\/tr>\n<tr>\n<td height=\"20\"><span style=\"font-family: Calibri;\">ETV 114\/116 (US)<\/span><\/td>\n<td><span style=\"font-family: Calibri;\">1.11 &#8211;\u00a0<\/span><\/td>\n<\/tr>\n<tr>\n<td height=\"20\"><span style=\"font-family: Calibri;\">ETV 116<\/span><\/td>\n<td><span style=\"font-family: Calibri;\">7.01 &#8211; 11.05<\/span><\/td>\n<\/tr>\n<tr>\n<td height=\"20\"><span style=\"font-family: Calibri;\">ETV C 16<\/span><\/td>\n<td><span style=\"font-family: Calibri;\">7.99 &#8211; 5.08<\/span><\/td>\n<\/tr>\n<tr>\n<td height=\"20\"><span style=\"font-family: Calibri;\">ETV C 16<\/span><\/td>\n<td><span style=\"font-family: Calibri;\">6.08 &#8211;\u00a0<\/span><\/td>\n<\/tr>\n<tr>\n<td height=\"20\"><span style=\"font-family: Calibri;\">ETV C 16 (US)<\/span><\/td>\n<td><span style=\"font-family: Calibri;\">1.11 &#8211;\u00a0<\/span><\/td>\n<\/tr>\n<tr>\n<td height=\"20\"><span style=\"font-family: Calibri;\">ETV C 20<\/span><\/td>\n<td><span style=\"font-family: Calibri;\">6.08 &#8211;\u00a0<\/span><\/td>\n<\/tr>\n<tr>\n<td height=\"20\"><span style=\"font-family: Calibri;\">ETV C 20 (US)<\/span><\/td>\n<td><span style=\"font-family: Calibri;\">1.11 &#8211;\u00a0<\/span><\/td>\n<\/tr>\n<tr>\n<td height=\"20\"><span style=\"font-family: Calibri;\">ETV110-112 (US)<\/span><\/td>\n<td><span style=\"font-family: Calibri;\">1.11 &#8211;\u00a0<\/span><\/td>\n<\/tr>\n<tr>\n<td height=\"20\"><span style=\"font-family: Calibri;\">ETVQ 20\/25<\/span><\/td>\n<td><span style=\"font-family: Calibri;\">9.10 &#8211;\u00a0<\/span><\/td>\n<\/tr>\n<tr>\n<td height=\"20\"><span style=\"font-family: Calibri;\">ETVQ 20\/25<\/span><\/td>\n<td><span style=\"font-family: Calibri;\">10.02 &#8211; 8.10<\/span><\/td>\n<\/tr>\n<tr>\n<td height=\"20\"><span style=\"font-family: Calibri;\">ETVQ 20\/25 (US)<\/span><\/td>\n<td><span style=\"font-family: Calibri;\">1.11 &#8211;\u00a0<\/span><\/td>\n<\/tr>\n<tr>\n<td height=\"20\"><span style=\"font-family: Calibri;\">EZS 570<\/span><\/td>\n<td><span style=\"font-family: Calibri;\">6.08 &#8211;\u00a0<\/span><\/td>\n<\/tr>\n<tr>\n<td height=\"20\"><span style=\"font-family: Calibri;\">WQ 20 (MIC)<\/span><\/td>\n<td><span style=\"font-family: Calibri;\">4.99 &#8211;\u00a0<\/span><\/td>\n<\/tr>\n<\/tbody>\n<\/table>\n<p>&nbsp;<\/p>\n<p>&nbsp;<\/p>","protected":false},"excerpt":{"rendered":"<p data-start=\"192\" data-end=\"511\"><strong data-start=\"192\" data-end=\"235\">Jungheinrich \u2013 50017769 Kontak Anahtar\u0131<\/strong>, forklift ve istif makineleri i\u00e7in \u00f6zel olarak tasarlanm\u0131\u015f, arac\u0131n \u00e7al\u0131\u015ft\u0131r\u0131lmas\u0131 ve g\u00fcvenli kapat\u0131lmas\u0131 i\u015flevini sa\u011flayan y\u00fcksek kaliteli bir yedek par\u00e7ad\u0131r. Dayan\u0131kl\u0131 malzeme yap\u0131s\u0131 sayesinde uzun \u00f6m\u00fcrl\u00fc kullan\u0131m sunar. Orijinal Jungheinrich ekipmanlar\u0131yla tam uyum sa\u011flar.<\/p>\n<p data-start=\"513\" data-end=\"530\"><strong data-start=\"513\" data-end=\"528\">\u00d6zellikler:<\/strong><\/p>\n<ul data-start=\"531\" data-end=\"681\">\n<li data-start=\"531\" data-end=\"561\">\n<p data-start=\"533\" data-end=\"561\">\u00dcr\u00fcn Tipi: Kontak Anahtar\u0131<\/p>\n<\/li>\n<li data-start=\"562\" data-end=\"586\">\n<p data-start=\"564\" data-end=\"586\">Par\u00e7a Kodu: 50017769<\/p>\n<\/li>\n<li data-start=\"587\" data-end=\"617\">\n<p data-start=\"589\" data-end=\"617\">Uyumlu Marka: Jungheinrich<\/p>\n<\/li>\n<li data-start=\"618\" data-end=\"681\">\n<p data-start=\"620\" data-end=\"681\">Avantajlar: G\u00fcvenli kullan\u0131m, dayan\u0131kl\u0131 yap\u0131, orijinal uyum<\/p>\n<\/li>\n<\/ul>\n","protected":false},"featured_media":16777,"template":"","meta":[],"product_brand":[],"product_cat":[236,469,522],"product_tag":[],"class_list":{"0":"post-16775","1":"product","2":"type-product","3":"status-publish","4":"has-post-thumbnail","6":"product_cat-jungheinrich","7":"product_cat-elektrik-ve-sistem-parcalari","8":"product_cat-yedek-parca-jungheinrich","10":"first","11":"instock","12":"taxable","13":"shipping-taxable","14":"purchasable","15":"product-type-simple"},"_links":{"self":[{"href":"https:\/\/ceoparts.com\/tr\/wp-json\/wp\/v2\/product\/16775","targetHints":{"allow":["GET"]}}],"collection":[{"href":"https:\/\/ceoparts.com\/tr\/wp-json\/wp\/v2\/product"}],"about":[{"href":"https:\/\/ceoparts.com\/tr\/wp-json\/wp\/v2\/types\/product"}],"wp:featuredmedia":[{"embeddable":true,"href":"https:\/\/ceoparts.com\/tr\/wp-json\/wp\/v2\/media\/16777"}],"wp:attachment":[{"href":"https:\/\/ceoparts.com\/tr\/wp-json\/wp\/v2\/media?parent=16775"}],"wp:term":[{"taxonomy":"product_brand","embeddable":true,"href":"https:\/\/ceoparts.com\/tr\/wp-json\/wp\/v2\/product_brand?post=16775"},{"taxonomy":"product_cat","embeddable":true,"href":"https:\/\/ceoparts.com\/tr\/wp-json\/wp\/v2\/product_cat?post=16775"},{"taxonomy":"product_tag","embeddable":true,"href":"https:\/\/ceoparts.com\/tr\/wp-json\/wp\/v2\/product_tag?post=16775"}],"curies":[{"name":"wp","href":"https:\/\/api.w.org\/{rel}","templated":true}]}}