{"id":16782,"date":"2025-04-28T10:19:53","date_gmt":"2025-04-28T07:19:53","guid":{"rendered":"https:\/\/ceoparts.com\/?post_type=product&#038;p=16782"},"modified":"2026-05-16T18:45:41","modified_gmt":"2026-05-16T15:45:41","slug":"teleco-bt-lpe200-yeni-tip-fren-manyetigi","status":"publish","type":"product","link":"https:\/\/ceoparts.com\/tr\/urun\/teleco-bt-lpe200-yeni-tip-fren-manyetigi\/","title":{"rendered":"Teleco BT LPE200 Yeni Tip Fren Manyeti\u011fi"},"content":{"rendered":"<p>Teleco BT LPE200 Yeni Tip Fren Manyeti\u011fi<\/p>","protected":false},"excerpt":{"rendered":"<p data-start=\"191\" data-end=\"503\"><strong data-start=\"191\" data-end=\"235\">Teleco BT LPE200 Yeni Tip Fren Manyeti\u011fi<\/strong>, BT LPE200 model transpalet ve istif makinelerinde kullan\u0131lan, y\u00fck kontrol\u00fcn\u00fc ve g\u00fcvenli duru\u015fu sa\u011flayan y\u00fcksek kaliteli fren sistemi bile\u015fenidir. Dayan\u0131kl\u0131 ve g\u00fcvenilir yap\u0131s\u0131 sayesinde uzun \u00f6m\u00fcrl\u00fc performans sunar. Orijinal Teleco ve BT makineleriyle tam uyumludur.<\/p>\n<p data-start=\"505\" data-end=\"522\"><strong data-start=\"505\" data-end=\"520\">\u00d6zellikler:<\/strong><\/p>\n<ul data-start=\"523\" data-end=\"660\">\n<li data-start=\"523\" data-end=\"552\">\n<p data-start=\"525\" data-end=\"552\">\u00dcr\u00fcn Tipi: Fren Manyeti\u011fi<\/p>\n<\/li>\n<li data-start=\"553\" data-end=\"580\">\n<p data-start=\"555\" data-end=\"580\">Uyumlu Model: BT LPE200<\/p>\n<\/li>\n<li data-start=\"581\" data-end=\"598\">\n<p data-start=\"583\" data-end=\"598\">Marka: Teleco<\/p>\n<\/li>\n<li data-start=\"599\" data-end=\"660\">\n<p data-start=\"601\" data-end=\"660\">Avantajlar: G\u00fc\u00e7l\u00fc frenleme, uzun \u00f6m\u00fcr, orijinal uyumluluk<\/p>\n<\/li>\n<\/ul>\n","protected":false},"featured_media":16784,"template":"","meta":[],"product_brand":[],"product_cat":[251,449,518],"product_tag":[],"class_list":{"0":"post-16782","1":"product","2":"type-product","3":"status-publish","4":"has-post-thumbnail","6":"product_cat-bt","7":"product_cat-fren-sistem-parcalari","8":"product_cat-yedek-parca-bt","10":"first","11":"instock","12":"taxable","13":"shipping-taxable","14":"purchasable","15":"product-type-simple"},"_links":{"self":[{"href":"https:\/\/ceoparts.com\/tr\/wp-json\/wp\/v2\/product\/16782","targetHints":{"allow":["GET"]}}],"collection":[{"href":"https:\/\/ceoparts.com\/tr\/wp-json\/wp\/v2\/product"}],"about":[{"href":"https:\/\/ceoparts.com\/tr\/wp-json\/wp\/v2\/types\/product"}],"wp:featuredmedia":[{"embeddable":true,"href":"https:\/\/ceoparts.com\/tr\/wp-json\/wp\/v2\/media\/16784"}],"wp:attachment":[{"href":"https:\/\/ceoparts.com\/tr\/wp-json\/wp\/v2\/media?parent=16782"}],"wp:term":[{"taxonomy":"product_brand","embeddable":true,"href":"https:\/\/ceoparts.com\/tr\/wp-json\/wp\/v2\/product_brand?post=16782"},{"taxonomy":"product_cat","embeddable":true,"href":"https:\/\/ceoparts.com\/tr\/wp-json\/wp\/v2\/product_cat?post=16782"},{"taxonomy":"product_tag","embeddable":true,"href":"https:\/\/ceoparts.com\/tr\/wp-json\/wp\/v2\/product_tag?post=16782"}],"curies":[{"name":"wp","href":"https:\/\/api.w.org\/{rel}","templated":true}]}}