{"id":16797,"date":"2025-04-28T13:55:51","date_gmt":"2025-04-28T10:55:51","guid":{"rendered":"https:\/\/ceoparts.com\/?post_type=product&#038;p=16797"},"modified":"2026-05-16T19:39:46","modified_gmt":"2026-05-16T16:39:46","slug":"jungheinrich-basinc-cubugu-51502512","status":"publish","type":"product","link":"https:\/\/ceoparts.com\/tr\/urun\/jungheinrich-basinc-cubugu-51502512\/","title":{"rendered":"Jungheinrich Bas\u0131n\u00e7 \u00c7ubu\u011fu &#8211; 51502512"},"content":{"rendered":"<p>Jungheinrich Bas\u0131n\u00e7 \u00c7ubu\u011fu &#8211; 51502512<\/p>","protected":false},"excerpt":{"rendered":"<p data-start=\"184\" data-end=\"482\"><strong data-start=\"184\" data-end=\"225\">Jungheinrich Bas\u0131n\u00e7 \u00c7ubu\u011fu \u2013 51502512<\/strong>, forkliftlerde hidrolik sistemin dengeli ve g\u00fcvenli \u00e7al\u0131\u015fmas\u0131n\u0131 sa\u011flayan \u00f6nemli bir yedek par\u00e7ad\u0131r. Y\u00fcksek kaliteli malzemeden \u00fcretilmi\u015f olup, uzun \u00f6m\u00fcrl\u00fc kullan\u0131m ve maksimum dayan\u0131kl\u0131l\u0131k sunar. Orijinal Jungheinrich forklift modelleriyle tam uyum sa\u011flar.<\/p>\n<p data-start=\"484\" data-end=\"501\"><strong data-start=\"484\" data-end=\"499\">\u00d6zellikler:<\/strong><\/p>\n<ul data-start=\"502\" data-end=\"657\">\n<li data-start=\"502\" data-end=\"530\">\n<p data-start=\"504\" data-end=\"530\">\u00dcr\u00fcn Tipi: Bas\u0131n\u00e7 \u00c7ubu\u011fu<\/p>\n<\/li>\n<li data-start=\"531\" data-end=\"555\">\n<p data-start=\"533\" data-end=\"555\">Par\u00e7a Kodu: 51502512<\/p>\n<\/li>\n<li data-start=\"556\" data-end=\"586\">\n<p data-start=\"558\" data-end=\"586\">Uyumlu Marka: Jungheinrich<\/p>\n<\/li>\n<li data-start=\"587\" data-end=\"657\">\n<p data-start=\"589\" data-end=\"657\">Avantajlar: Dayan\u0131kl\u0131 yap\u0131, orijinal uyumluluk, uzun kullan\u0131m \u00f6mr\u00fc<\/p>\n<\/li>\n<\/ul>\n","protected":false},"featured_media":16801,"template":"","meta":[],"product_brand":[],"product_cat":[236,470,522],"product_tag":[],"class_list":{"0":"post-16797","1":"product","2":"type-product","3":"status-publish","4":"has-post-thumbnail","6":"product_cat-jungheinrich","7":"product_cat-diger-yedek-parcalar","8":"product_cat-yedek-parca-jungheinrich","10":"first","11":"instock","12":"taxable","13":"shipping-taxable","14":"purchasable","15":"product-type-simple"},"_links":{"self":[{"href":"https:\/\/ceoparts.com\/tr\/wp-json\/wp\/v2\/product\/16797","targetHints":{"allow":["GET"]}}],"collection":[{"href":"https:\/\/ceoparts.com\/tr\/wp-json\/wp\/v2\/product"}],"about":[{"href":"https:\/\/ceoparts.com\/tr\/wp-json\/wp\/v2\/types\/product"}],"wp:featuredmedia":[{"embeddable":true,"href":"https:\/\/ceoparts.com\/tr\/wp-json\/wp\/v2\/media\/16801"}],"wp:attachment":[{"href":"https:\/\/ceoparts.com\/tr\/wp-json\/wp\/v2\/media?parent=16797"}],"wp:term":[{"taxonomy":"product_brand","embeddable":true,"href":"https:\/\/ceoparts.com\/tr\/wp-json\/wp\/v2\/product_brand?post=16797"},{"taxonomy":"product_cat","embeddable":true,"href":"https:\/\/ceoparts.com\/tr\/wp-json\/wp\/v2\/product_cat?post=16797"},{"taxonomy":"product_tag","embeddable":true,"href":"https:\/\/ceoparts.com\/tr\/wp-json\/wp\/v2\/product_tag?post=16797"}],"curies":[{"name":"wp","href":"https:\/\/api.w.org\/{rel}","templated":true}]}}