{"id":16802,"date":"2025-04-28T14:07:54","date_gmt":"2025-04-28T11:07:54","guid":{"rendered":"https:\/\/ceoparts.com\/?post_type=product&#038;p=16802"},"modified":"2026-05-16T15:00:12","modified_gmt":"2026-05-16T12:00:12","slug":"bt-lpe200-dayanma-kolu-montaj-takoz-seti-2715037-7547703-7547702","status":"publish","type":"product","link":"https:\/\/ceoparts.com\/tr\/urun\/bt-lpe200-dayanma-kolu-montaj-takoz-seti-2715037-7547703-7547702\/","title":{"rendered":"BT LPE200 Dayanma Kolu Montaj Takoz Seti &#8211; 2715037, 7547703, 7547702"},"content":{"rendered":"<p>BT LPE200 Dayanma Kolu Montaj Takoz Seti &#8211; 2715037, 7547703, 7547702<\/p>","protected":false},"excerpt":{"rendered":"<p data-start=\"237\" data-end=\"585\"><strong data-start=\"237\" data-end=\"281\">BT LPE200 Dayanma Kolu Montaj Takoz Seti<\/strong>, forklift dayanma kolunun g\u00fcvenli ve sa\u011flam \u015fekilde monte edilmesini sa\u011flayan y\u00fcksek kaliteli yedek par\u00e7alar setidir. 2715037, 7547703 ve 7547702 par\u00e7alar\u0131ndan olu\u015fan bu set, uzun \u00f6m\u00fcrl\u00fc kullan\u0131m ve dayan\u0131kl\u0131l\u0131k sunar. Orijinal BT ekipmanlar\u0131 ile tam uyumlu olup, forkliftinizin performans\u0131n\u0131 destekler.<\/p>\n<p data-start=\"587\" data-end=\"604\"><strong data-start=\"587\" data-end=\"602\">\u00d6zellikler:<\/strong><\/p>\n<ul data-start=\"605\" data-end=\"780\">\n<li data-start=\"605\" data-end=\"637\">\n<p data-start=\"607\" data-end=\"637\">\u00dcr\u00fcn Tipi: Montaj Takoz Seti<\/p>\n<\/li>\n<li data-start=\"638\" data-end=\"665\">\n<p data-start=\"640\" data-end=\"665\">Uyumlu Model: BT LPE200<\/p>\n<\/li>\n<li data-start=\"666\" data-end=\"710\">\n<p data-start=\"668\" data-end=\"710\">Par\u00e7a Kodlar\u0131: 2715037, 7547703, 7547702<\/p>\n<\/li>\n<li data-start=\"711\" data-end=\"780\">\n<p data-start=\"713\" data-end=\"780\">Avantajlar: Y\u00fcksek dayan\u0131kl\u0131l\u0131k, kolay montaj, orijinal uyumluluk<\/p>\n<\/li>\n<\/ul>\n<p>LPE200<br \/>\nLPE220<br \/>\nLPE250<\/p>\n","protected":false},"featured_media":16806,"template":"","meta":[],"product_brand":[],"product_cat":[251,470,518],"product_tag":[],"class_list":{"0":"post-16802","1":"product","2":"type-product","3":"status-publish","4":"has-post-thumbnail","6":"product_cat-bt","7":"product_cat-diger-yedek-parcalar","8":"product_cat-yedek-parca-bt","10":"first","11":"instock","12":"taxable","13":"shipping-taxable","14":"purchasable","15":"product-type-simple"},"_links":{"self":[{"href":"https:\/\/ceoparts.com\/tr\/wp-json\/wp\/v2\/product\/16802","targetHints":{"allow":["GET"]}}],"collection":[{"href":"https:\/\/ceoparts.com\/tr\/wp-json\/wp\/v2\/product"}],"about":[{"href":"https:\/\/ceoparts.com\/tr\/wp-json\/wp\/v2\/types\/product"}],"wp:featuredmedia":[{"embeddable":true,"href":"https:\/\/ceoparts.com\/tr\/wp-json\/wp\/v2\/media\/16806"}],"wp:attachment":[{"href":"https:\/\/ceoparts.com\/tr\/wp-json\/wp\/v2\/media?parent=16802"}],"wp:term":[{"taxonomy":"product_brand","embeddable":true,"href":"https:\/\/ceoparts.com\/tr\/wp-json\/wp\/v2\/product_brand?post=16802"},{"taxonomy":"product_cat","embeddable":true,"href":"https:\/\/ceoparts.com\/tr\/wp-json\/wp\/v2\/product_cat?post=16802"},{"taxonomy":"product_tag","embeddable":true,"href":"https:\/\/ceoparts.com\/tr\/wp-json\/wp\/v2\/product_tag?post=16802"}],"curies":[{"name":"wp","href":"https:\/\/api.w.org\/{rel}","templated":true}]}}