{"id":16807,"date":"2025-04-28T14:14:30","date_gmt":"2025-04-28T11:14:30","guid":{"rendered":"https:\/\/ceoparts.com\/?post_type=product&#038;p=16807"},"modified":"2026-05-16T14:01:14","modified_gmt":"2026-05-16T11:01:14","slug":"mazot-depo-kapagi-kilitli-model","status":"publish","type":"product","link":"https:\/\/ceoparts.com\/tr\/urun\/mazot-depo-kapagi-kilitli-model\/","title":{"rendered":"Mazot Depo Kapa\u011f\u0131 Kilitli Model"},"content":{"rendered":"<p>Mazot Depo Kapa\u011f\u0131 Kilitli Model<\/p>","protected":false},"excerpt":{"rendered":"<p data-start=\"190\" data-end=\"537\"><strong data-start=\"190\" data-end=\"225\">Mazot Depo Kapa\u011f\u0131 Kilitli Model<\/strong>, forklift, i\u015f makinesi ve end\u00fcstriyel ara\u00e7lar\u0131n yak\u0131t deposunu d\u0131\u015f etkenlerden ve yetkisiz m\u00fcdahalelerden korumak i\u00e7in tasarlanm\u0131\u015f g\u00fcvenli ve sa\u011flam bir kapakt\u0131r. Kilit mekanizmas\u0131 sayesinde yak\u0131t h\u0131rs\u0131zl\u0131klar\u0131n\u0131 ve kazara a\u00e7\u0131lmalar\u0131 \u00f6nler. Dayan\u0131kl\u0131 metal malzemeden \u00fcretilmi\u015f olup, uzun \u00f6m\u00fcrl\u00fc kullan\u0131m sunar.<\/p>\n<p data-start=\"539\" data-end=\"556\"><strong data-start=\"539\" data-end=\"554\">\u00d6zellikler:<\/strong><\/p>\n<ul data-start=\"557\" data-end=\"696\">\n<li data-start=\"557\" data-end=\"597\">\n<p data-start=\"559\" data-end=\"597\">\u00dcr\u00fcn Tipi: Kilitli Mazot Depo Kapa\u011f\u0131<\/p>\n<\/li>\n<li data-start=\"598\" data-end=\"619\">\n<p data-start=\"600\" data-end=\"619\">Kilit Mekanizmal\u0131<\/p>\n<\/li>\n<li data-start=\"620\" data-end=\"648\">\n<p data-start=\"622\" data-end=\"648\">Dayan\u0131kl\u0131 ve sa\u011flam yap\u0131<\/p>\n<\/li>\n<li data-start=\"649\" data-end=\"696\">\n<p data-start=\"651\" data-end=\"696\">Uyumlu forklift ve i\u015f makineleri i\u00e7in ideal<\/p>\n<\/li>\n<\/ul>\n","protected":false},"featured_media":16808,"template":"","meta":[],"product_brand":[],"product_cat":[470],"product_tag":[],"class_list":{"0":"post-16807","1":"product","2":"type-product","3":"status-publish","4":"has-post-thumbnail","6":"product_cat-diger-yedek-parcalar","8":"first","9":"instock","10":"taxable","11":"shipping-taxable","12":"purchasable","13":"product-type-simple"},"_links":{"self":[{"href":"https:\/\/ceoparts.com\/tr\/wp-json\/wp\/v2\/product\/16807","targetHints":{"allow":["GET"]}}],"collection":[{"href":"https:\/\/ceoparts.com\/tr\/wp-json\/wp\/v2\/product"}],"about":[{"href":"https:\/\/ceoparts.com\/tr\/wp-json\/wp\/v2\/types\/product"}],"wp:featuredmedia":[{"embeddable":true,"href":"https:\/\/ceoparts.com\/tr\/wp-json\/wp\/v2\/media\/16808"}],"wp:attachment":[{"href":"https:\/\/ceoparts.com\/tr\/wp-json\/wp\/v2\/media?parent=16807"}],"wp:term":[{"taxonomy":"product_brand","embeddable":true,"href":"https:\/\/ceoparts.com\/tr\/wp-json\/wp\/v2\/product_brand?post=16807"},{"taxonomy":"product_cat","embeddable":true,"href":"https:\/\/ceoparts.com\/tr\/wp-json\/wp\/v2\/product_cat?post=16807"},{"taxonomy":"product_tag","embeddable":true,"href":"https:\/\/ceoparts.com\/tr\/wp-json\/wp\/v2\/product_tag?post=16807"}],"curies":[{"name":"wp","href":"https:\/\/api.w.org\/{rel}","templated":true}]}}