{"id":16829,"date":"2025-05-08T09:53:09","date_gmt":"2025-05-08T06:53:09","guid":{"rendered":"https:\/\/ceoparts.com\/?post_type=product&#038;p=16829"},"modified":"2026-05-16T15:08:10","modified_gmt":"2026-05-16T12:08:10","slug":"frotek-forklift-aku-baglanti-kablosu-25x95","status":"publish","type":"product","link":"https:\/\/ceoparts.com\/tr\/urun\/frotek-forklift-aku-baglanti-kablosu-25x95\/","title":{"rendered":"Fr\u00f6tek Ak\u00fc H\u00fccre Ba\u011flant\u0131 Kablosu 25&#215;95"},"content":{"rendered":"<p>Fr\u00f6tek Ak\u00fc H\u00fccre Ba\u011flant\u0131 Kablosu 25&#215;95<\/p>","protected":false},"excerpt":{"rendered":"<p data-start=\"167\" data-end=\"461\"><strong data-start=\"167\" data-end=\"210\">Fr\u00f6tek Ak\u00fc H\u00fccre Ba\u011flant\u0131 Kablosu 25\u00d795<\/strong>, forklift ve end\u00fcstriyel ak\u00fc sistemlerinde h\u00fccreler aras\u0131nda dayan\u0131kl\u0131 ve g\u00fcvenilir ba\u011flant\u0131 sa\u011flar. 25 mm\u00b2 kesit ve 95 mm uzunluk ile y\u00fcksek ak\u0131m ta\u015f\u0131ma kapasitesi sunar. Esnek yap\u0131s\u0131 ve sa\u011flam izolasyonu sayesinde uzun \u00f6m\u00fcrl\u00fc performans garantiler.<\/p>\n<p data-start=\"463\" data-end=\"480\"><strong data-start=\"463\" data-end=\"478\">\u00d6zellikler:<\/strong><\/p>\n<ul data-start=\"481\" data-end=\"651\">\n<li data-start=\"481\" data-end=\"498\">\n<p data-start=\"483\" data-end=\"498\">Marka: Fr\u00f6tek<\/p>\n<\/li>\n<li data-start=\"499\" data-end=\"516\">\n<p data-start=\"501\" data-end=\"516\">Kesit: 25 mm\u00b2<\/p>\n<\/li>\n<li data-start=\"517\" data-end=\"535\">\n<p data-start=\"519\" data-end=\"535\">Uzunluk: 95 mm<\/p>\n<\/li>\n<li data-start=\"536\" data-end=\"584\">\n<p data-start=\"538\" data-end=\"584\">Kullan\u0131m: Forklift ve ak\u00fc h\u00fccre ba\u011flant\u0131lar\u0131<\/p>\n<\/li>\n<li data-start=\"585\" data-end=\"651\">\n<p data-start=\"587\" data-end=\"651\">Avantajlar: Y\u00fcksek iletkenlik, dayan\u0131kl\u0131 izolasyon, esnek yap\u0131<\/p>\n<\/li>\n<\/ul>\n","protected":false},"featured_media":16831,"template":"","meta":[],"product_brand":[],"product_cat":[446],"product_tag":[],"class_list":{"0":"post-16829","1":"product","2":"type-product","3":"status-publish","4":"has-post-thumbnail","6":"product_cat-aku-bar","8":"first","9":"instock","10":"taxable","11":"shipping-taxable","12":"purchasable","13":"product-type-simple"},"_links":{"self":[{"href":"https:\/\/ceoparts.com\/tr\/wp-json\/wp\/v2\/product\/16829","targetHints":{"allow":["GET"]}}],"collection":[{"href":"https:\/\/ceoparts.com\/tr\/wp-json\/wp\/v2\/product"}],"about":[{"href":"https:\/\/ceoparts.com\/tr\/wp-json\/wp\/v2\/types\/product"}],"wp:featuredmedia":[{"embeddable":true,"href":"https:\/\/ceoparts.com\/tr\/wp-json\/wp\/v2\/media\/16831"}],"wp:attachment":[{"href":"https:\/\/ceoparts.com\/tr\/wp-json\/wp\/v2\/media?parent=16829"}],"wp:term":[{"taxonomy":"product_brand","embeddable":true,"href":"https:\/\/ceoparts.com\/tr\/wp-json\/wp\/v2\/product_brand?post=16829"},{"taxonomy":"product_cat","embeddable":true,"href":"https:\/\/ceoparts.com\/tr\/wp-json\/wp\/v2\/product_cat?post=16829"},{"taxonomy":"product_tag","embeddable":true,"href":"https:\/\/ceoparts.com\/tr\/wp-json\/wp\/v2\/product_tag?post=16829"}],"curies":[{"name":"wp","href":"https:\/\/api.w.org\/{rel}","templated":true}]}}