{"id":16858,"date":"2025-05-08T12:05:42","date_gmt":"2025-05-08T09:05:42","guid":{"rendered":"https:\/\/ceoparts.com\/?post_type=product&#038;p=16858"},"modified":"2026-05-16T16:41:00","modified_gmt":"2026-05-16T13:41:00","slug":"frotek-forklift-aku-baglanti-kablosu-50x75","status":"publish","type":"product","link":"https:\/\/ceoparts.com\/tr\/urun\/frotek-forklift-aku-baglanti-kablosu-50x75\/","title":{"rendered":"Fr\u00f6tek Ak\u00fc H\u00fccre Ba\u011flant\u0131 Kablosu 50&#215;75"},"content":{"rendered":"<p>Fr\u00f6tek Ak\u00fc H\u00fccre Ba\u011flant\u0131 Kablosu 50&#215;75<\/p>","protected":false},"excerpt":{"rendered":"<p data-start=\"169\" data-end=\"455\"><strong data-start=\"169\" data-end=\"212\">Fr\u00f6tek Ak\u00fc H\u00fccre Ba\u011flant\u0131 Kablosu 50\u00d775<\/strong>, forklift ve end\u00fcstriyel ak\u00fc sistemlerinde h\u00fccreler aras\u0131nda g\u00fcvenli ba\u011flant\u0131 sa\u011flar. 50 mm\u00b2 kesit ve 75 mm uzunlu\u011fa sahip bu kablo, y\u00fcksek ak\u0131m ta\u015f\u0131ma kapasitesi sunar. Dayan\u0131kl\u0131 izolasyonu ve esnek yap\u0131s\u0131 uzun \u00f6m\u00fcrl\u00fc kullan\u0131m i\u00e7in idealdir.<\/p>\n<p data-start=\"457\" data-end=\"474\"><strong data-start=\"457\" data-end=\"472\">\u00d6zellikler:<\/strong><\/p>\n<ul data-start=\"475\" data-end=\"642\">\n<li data-start=\"475\" data-end=\"492\">\n<p data-start=\"477\" data-end=\"492\">Marka: Fr\u00f6tek<\/p>\n<\/li>\n<li data-start=\"493\" data-end=\"510\">\n<p data-start=\"495\" data-end=\"510\">Kesit: 50 mm\u00b2<\/p>\n<\/li>\n<li data-start=\"511\" data-end=\"529\">\n<p data-start=\"513\" data-end=\"529\">Uzunluk: 75 mm<\/p>\n<\/li>\n<li data-start=\"530\" data-end=\"578\">\n<p data-start=\"532\" data-end=\"578\">Kullan\u0131m: Forklift ve ak\u00fc h\u00fccre ba\u011flant\u0131lar\u0131<\/p>\n<\/li>\n<li data-start=\"579\" data-end=\"642\">\n<p data-start=\"581\" data-end=\"642\">Avantajlar: Y\u00fcksek iletkenlik, sa\u011flam izolasyon, esnek yap\u0131<\/p>\n<\/li>\n<\/ul>\n","protected":false},"featured_media":16859,"template":"","meta":[],"product_brand":[],"product_cat":[446],"product_tag":[],"class_list":{"0":"post-16858","1":"product","2":"type-product","3":"status-publish","4":"has-post-thumbnail","6":"product_cat-aku-bar","8":"first","9":"instock","10":"taxable","11":"shipping-taxable","12":"purchasable","13":"product-type-simple"},"_links":{"self":[{"href":"https:\/\/ceoparts.com\/tr\/wp-json\/wp\/v2\/product\/16858","targetHints":{"allow":["GET"]}}],"collection":[{"href":"https:\/\/ceoparts.com\/tr\/wp-json\/wp\/v2\/product"}],"about":[{"href":"https:\/\/ceoparts.com\/tr\/wp-json\/wp\/v2\/types\/product"}],"wp:featuredmedia":[{"embeddable":true,"href":"https:\/\/ceoparts.com\/tr\/wp-json\/wp\/v2\/media\/16859"}],"wp:attachment":[{"href":"https:\/\/ceoparts.com\/tr\/wp-json\/wp\/v2\/media?parent=16858"}],"wp:term":[{"taxonomy":"product_brand","embeddable":true,"href":"https:\/\/ceoparts.com\/tr\/wp-json\/wp\/v2\/product_brand?post=16858"},{"taxonomy":"product_cat","embeddable":true,"href":"https:\/\/ceoparts.com\/tr\/wp-json\/wp\/v2\/product_cat?post=16858"},{"taxonomy":"product_tag","embeddable":true,"href":"https:\/\/ceoparts.com\/tr\/wp-json\/wp\/v2\/product_tag?post=16858"}],"curies":[{"name":"wp","href":"https:\/\/api.w.org\/{rel}","templated":true}]}}