{"id":16862,"date":"2025-05-08T12:52:31","date_gmt":"2025-05-08T09:52:31","guid":{"rendered":"https:\/\/ceoparts.com\/?post_type=product&#038;p=16862"},"modified":"2026-05-16T17:22:44","modified_gmt":"2026-05-16T14:22:44","slug":"frotek-forklift-aku-baglanti-kablosu-70x130","status":"publish","type":"product","link":"https:\/\/ceoparts.com\/tr\/urun\/frotek-forklift-aku-baglanti-kablosu-70x130\/","title":{"rendered":"Fr\u00f6tek Ak\u00fc H\u00fccre Ba\u011flant\u0131 Kablosu 70&#215;130"},"content":{"rendered":"<p>Fr\u00f6tek Ak\u00fc H\u00fccre Ba\u011flant\u0131 Kablosu 70&#215;130<\/p>","protected":false},"excerpt":{"rendered":"<p data-start=\"190\" data-end=\"517\"><strong data-start=\"190\" data-end=\"234\">Fr\u00f6tek Ak\u00fc H\u00fccre Ba\u011flant\u0131 Kablosu 70\u00d7130<\/strong>, forklift ve end\u00fcstriyel ak\u00fc sistemlerinde ak\u00fc h\u00fccrelerini g\u00fcvenli ve sa\u011flam \u015fekilde ba\u011flamak i\u00e7in tasarlanm\u0131\u015f y\u00fcksek kaliteli bir kablodur. 70 mm\u00b2 kesit alan\u0131 ve 130 mm uzunlu\u011fu ile y\u00fcksek ak\u0131m ta\u015f\u0131ma kapasitesi sunar. Esnek yap\u0131s\u0131 ve dayan\u0131kl\u0131 izolasyonu sayesinde uzun \u00f6m\u00fcrl\u00fcd\u00fcr.<\/p>\n<p data-start=\"519\" data-end=\"536\"><strong data-start=\"519\" data-end=\"534\">\u00d6zellikler:<\/strong><\/p>\n<ul data-start=\"537\" data-end=\"725\">\n<li data-start=\"537\" data-end=\"558\">\n<p data-start=\"539\" data-end=\"558\"><strong data-start=\"539\" data-end=\"549\">Marka:<\/strong> Fr\u00f6tek<\/p>\n<\/li>\n<li data-start=\"559\" data-end=\"580\">\n<p data-start=\"561\" data-end=\"580\"><strong data-start=\"561\" data-end=\"571\">Kesit:<\/strong> 70 mm\u00b2<\/p>\n<\/li>\n<li data-start=\"581\" data-end=\"604\">\n<p data-start=\"583\" data-end=\"604\"><strong data-start=\"583\" data-end=\"595\">Uzunluk:<\/strong> 130 mm<\/p>\n<\/li>\n<li data-start=\"605\" data-end=\"657\">\n<p data-start=\"607\" data-end=\"657\"><strong data-start=\"607\" data-end=\"620\">Kullan\u0131m:<\/strong> Forklift ve ak\u00fc h\u00fccre ba\u011flant\u0131lar\u0131<\/p>\n<\/li>\n<li data-start=\"658\" data-end=\"725\">\n<p data-start=\"660\" data-end=\"725\"><strong data-start=\"660\" data-end=\"675\">Avantajlar:<\/strong> Y\u00fcksek iletkenlik, sa\u011flam izolasyon, esnek yap\u0131<\/p>\n<\/li>\n<\/ul>\n","protected":false},"featured_media":16863,"template":"","meta":[],"product_brand":[],"product_cat":[446],"product_tag":[],"class_list":{"0":"post-16862","1":"product","2":"type-product","3":"status-publish","4":"has-post-thumbnail","6":"product_cat-aku-bar","8":"first","9":"instock","10":"taxable","11":"shipping-taxable","12":"purchasable","13":"product-type-simple"},"_links":{"self":[{"href":"https:\/\/ceoparts.com\/tr\/wp-json\/wp\/v2\/product\/16862","targetHints":{"allow":["GET"]}}],"collection":[{"href":"https:\/\/ceoparts.com\/tr\/wp-json\/wp\/v2\/product"}],"about":[{"href":"https:\/\/ceoparts.com\/tr\/wp-json\/wp\/v2\/types\/product"}],"wp:featuredmedia":[{"embeddable":true,"href":"https:\/\/ceoparts.com\/tr\/wp-json\/wp\/v2\/media\/16863"}],"wp:attachment":[{"href":"https:\/\/ceoparts.com\/tr\/wp-json\/wp\/v2\/media?parent=16862"}],"wp:term":[{"taxonomy":"product_brand","embeddable":true,"href":"https:\/\/ceoparts.com\/tr\/wp-json\/wp\/v2\/product_brand?post=16862"},{"taxonomy":"product_cat","embeddable":true,"href":"https:\/\/ceoparts.com\/tr\/wp-json\/wp\/v2\/product_cat?post=16862"},{"taxonomy":"product_tag","embeddable":true,"href":"https:\/\/ceoparts.com\/tr\/wp-json\/wp\/v2\/product_tag?post=16862"}],"curies":[{"name":"wp","href":"https:\/\/api.w.org\/{rel}","templated":true}]}}