{"id":16867,"date":"2025-05-08T13:17:19","date_gmt":"2025-05-08T10:17:19","guid":{"rendered":"https:\/\/ceoparts.com\/?post_type=product&#038;p=16867"},"modified":"2026-05-16T18:32:44","modified_gmt":"2026-05-16T15:32:44","slug":"frotek-forklift-aku-baglanti-kablosu-70x150","status":"publish","type":"product","link":"https:\/\/ceoparts.com\/tr\/urun\/frotek-forklift-aku-baglanti-kablosu-70x150\/","title":{"rendered":"Fr\u00f6tek Ak\u00fc H\u00fccre Ba\u011flant\u0131 Kablosu 70&#215;150"},"content":{"rendered":"<p>Fr\u00f6tek Ak\u00fc H\u00fccre Ba\u011flant\u0131 Kablosu 70&#215;150<\/p>","protected":false},"excerpt":{"rendered":"<p data-start=\"190\" data-end=\"476\"><strong data-start=\"190\" data-end=\"234\">Fr\u00f6tek Ak\u00fc H\u00fccre Ba\u011flant\u0131 Kablosu 70\u00d7150<\/strong>, forklift ve end\u00fcstriyel ak\u00fc sistemlerinde ak\u00fc h\u00fccreleri aras\u0131ndaki ba\u011flant\u0131y\u0131 g\u00fcvenli ve y\u00fcksek ak\u0131m ta\u015f\u0131ma kapasitesiyle sa\u011flayan kaliteli bir kablodur. 70 mm\u00b2 kesit alan\u0131 ve 150 mm uzunlu\u011fu ile uzun \u00f6m\u00fcrl\u00fc ve esnek yap\u0131s\u0131yla dikkat \u00e7eker.<\/p>\n<p data-start=\"478\" data-end=\"495\"><strong data-start=\"478\" data-end=\"493\">\u00d6zellikler:<\/strong><\/p>\n<ul data-start=\"496\" data-end=\"684\">\n<li data-start=\"496\" data-end=\"517\">\n<p data-start=\"498\" data-end=\"517\"><strong data-start=\"498\" data-end=\"508\">Marka:<\/strong> Fr\u00f6tek<\/p>\n<\/li>\n<li data-start=\"518\" data-end=\"539\">\n<p data-start=\"520\" data-end=\"539\"><strong data-start=\"520\" data-end=\"530\">Kesit:<\/strong> 70 mm\u00b2<\/p>\n<\/li>\n<li data-start=\"540\" data-end=\"563\">\n<p data-start=\"542\" data-end=\"563\"><strong data-start=\"542\" data-end=\"554\">Uzunluk:<\/strong> 150 mm<\/p>\n<\/li>\n<li data-start=\"564\" data-end=\"616\">\n<p data-start=\"566\" data-end=\"616\"><strong data-start=\"566\" data-end=\"579\">Kullan\u0131m:<\/strong> Forklift ve ak\u00fc h\u00fccre ba\u011flant\u0131lar\u0131<\/p>\n<\/li>\n<li data-start=\"617\" data-end=\"684\">\n<p data-start=\"619\" data-end=\"684\"><strong data-start=\"619\" data-end=\"634\">Avantajlar:<\/strong> Y\u00fcksek iletkenlik, sa\u011flam izolasyon, esnek yap\u0131<\/p>\n<\/li>\n<\/ul>\n","protected":false},"featured_media":16870,"template":"","meta":[],"product_brand":[],"product_cat":[446],"product_tag":[],"class_list":{"0":"post-16867","1":"product","2":"type-product","3":"status-publish","4":"has-post-thumbnail","6":"product_cat-aku-bar","8":"first","9":"instock","10":"taxable","11":"shipping-taxable","12":"purchasable","13":"product-type-simple"},"_links":{"self":[{"href":"https:\/\/ceoparts.com\/tr\/wp-json\/wp\/v2\/product\/16867","targetHints":{"allow":["GET"]}}],"collection":[{"href":"https:\/\/ceoparts.com\/tr\/wp-json\/wp\/v2\/product"}],"about":[{"href":"https:\/\/ceoparts.com\/tr\/wp-json\/wp\/v2\/types\/product"}],"wp:featuredmedia":[{"embeddable":true,"href":"https:\/\/ceoparts.com\/tr\/wp-json\/wp\/v2\/media\/16870"}],"wp:attachment":[{"href":"https:\/\/ceoparts.com\/tr\/wp-json\/wp\/v2\/media?parent=16867"}],"wp:term":[{"taxonomy":"product_brand","embeddable":true,"href":"https:\/\/ceoparts.com\/tr\/wp-json\/wp\/v2\/product_brand?post=16867"},{"taxonomy":"product_cat","embeddable":true,"href":"https:\/\/ceoparts.com\/tr\/wp-json\/wp\/v2\/product_cat?post=16867"},{"taxonomy":"product_tag","embeddable":true,"href":"https:\/\/ceoparts.com\/tr\/wp-json\/wp\/v2\/product_tag?post=16867"}],"curies":[{"name":"wp","href":"https:\/\/api.w.org\/{rel}","templated":true}]}}