{"id":16871,"date":"2025-05-08T13:21:43","date_gmt":"2025-05-08T10:21:43","guid":{"rendered":"https:\/\/ceoparts.com\/?post_type=product&#038;p=16871"},"modified":"2026-05-16T18:51:17","modified_gmt":"2026-05-16T15:51:17","slug":"frotek-forklift-aku-baglanti-kablosu-70x170","status":"publish","type":"product","link":"https:\/\/ceoparts.com\/tr\/urun\/frotek-forklift-aku-baglanti-kablosu-70x170\/","title":{"rendered":"Fr\u00f6tek Ak\u00fc H\u00fccre Ba\u011flant\u0131 Kablosu 70&#215;170"},"content":{"rendered":"<p>Fr\u00f6tek Ak\u00fc H\u00fccre Ba\u011flant\u0131 Kablosu 70&#215;170<\/p>","protected":false},"excerpt":{"rendered":"<p data-start=\"190\" data-end=\"524\"><strong data-start=\"190\" data-end=\"234\">Fr\u00f6tek Ak\u00fc H\u00fccre Ba\u011flant\u0131 Kablosu 70\u00d7170<\/strong>, forklift ve end\u00fcstriyel ak\u00fc sistemlerinde ak\u00fc h\u00fccrelerini birbirine g\u00fcvenli ve g\u00fc\u00e7l\u00fc bir \u015fekilde ba\u011flamak i\u00e7in kullan\u0131lan kaliteli bir ba\u011flant\u0131 kablosudur. 70 mm\u00b2 kesit alan\u0131 ve 170 mm uzunlu\u011fu ile y\u00fcksek ak\u0131m iletimi sa\u011flar. Dayan\u0131kl\u0131 izolasyonu ve esnek yap\u0131s\u0131 sayesinde uzun \u00f6m\u00fcrl\u00fcd\u00fcr.<\/p>\n<p data-start=\"526\" data-end=\"543\"><strong data-start=\"526\" data-end=\"541\">\u00d6zellikler:<\/strong><\/p>\n<ul data-start=\"544\" data-end=\"724\">\n<li data-start=\"544\" data-end=\"565\">\n<p data-start=\"546\" data-end=\"565\"><strong data-start=\"546\" data-end=\"556\">Marka:<\/strong> Fr\u00f6tek<\/p>\n<\/li>\n<li data-start=\"566\" data-end=\"587\">\n<p data-start=\"568\" data-end=\"587\"><strong data-start=\"568\" data-end=\"578\">Kesit:<\/strong> 70 mm\u00b2<\/p>\n<\/li>\n<li data-start=\"588\" data-end=\"611\">\n<p data-start=\"590\" data-end=\"611\"><strong data-start=\"590\" data-end=\"602\">Uzunluk:<\/strong> 170 mm<\/p>\n<\/li>\n<li data-start=\"612\" data-end=\"664\">\n<p data-start=\"614\" data-end=\"664\"><strong data-start=\"614\" data-end=\"627\">Kullan\u0131m:<\/strong> Forklift ve ak\u00fc h\u00fccre ba\u011flant\u0131lar\u0131<\/p>\n<\/li>\n<li data-start=\"665\" data-end=\"724\">\n<p data-start=\"667\" data-end=\"724\"><strong data-start=\"667\" data-end=\"682\">Avantajlar:<\/strong> Y\u00fcksek iletkenlik, sa\u011flam ve esnek yap\u0131<\/p>\n<\/li>\n<\/ul>\n","protected":false},"featured_media":16872,"template":"","meta":[],"product_brand":[],"product_cat":[446],"product_tag":[],"class_list":{"0":"post-16871","1":"product","2":"type-product","3":"status-publish","4":"has-post-thumbnail","6":"product_cat-aku-bar","8":"first","9":"instock","10":"taxable","11":"shipping-taxable","12":"purchasable","13":"product-type-simple"},"_links":{"self":[{"href":"https:\/\/ceoparts.com\/tr\/wp-json\/wp\/v2\/product\/16871","targetHints":{"allow":["GET"]}}],"collection":[{"href":"https:\/\/ceoparts.com\/tr\/wp-json\/wp\/v2\/product"}],"about":[{"href":"https:\/\/ceoparts.com\/tr\/wp-json\/wp\/v2\/types\/product"}],"wp:featuredmedia":[{"embeddable":true,"href":"https:\/\/ceoparts.com\/tr\/wp-json\/wp\/v2\/media\/16872"}],"wp:attachment":[{"href":"https:\/\/ceoparts.com\/tr\/wp-json\/wp\/v2\/media?parent=16871"}],"wp:term":[{"taxonomy":"product_brand","embeddable":true,"href":"https:\/\/ceoparts.com\/tr\/wp-json\/wp\/v2\/product_brand?post=16871"},{"taxonomy":"product_cat","embeddable":true,"href":"https:\/\/ceoparts.com\/tr\/wp-json\/wp\/v2\/product_cat?post=16871"},{"taxonomy":"product_tag","embeddable":true,"href":"https:\/\/ceoparts.com\/tr\/wp-json\/wp\/v2\/product_tag?post=16871"}],"curies":[{"name":"wp","href":"https:\/\/api.w.org\/{rel}","templated":true}]}}