{"id":16874,"date":"2025-05-08T14:20:05","date_gmt":"2025-05-08T11:20:05","guid":{"rendered":"https:\/\/ceoparts.com\/?post_type=product&#038;p=16874"},"modified":"2026-05-16T17:35:05","modified_gmt":"2026-05-16T14:35:05","slug":"frotek-forklift-aku-baglanti-kablosu-95x110","status":"publish","type":"product","link":"https:\/\/ceoparts.com\/tr\/urun\/frotek-forklift-aku-baglanti-kablosu-95x110\/","title":{"rendered":"Fr\u00f6tek Ak\u00fc H\u00fccre Ba\u011flant\u0131 Kablosu 95&#215;110"},"content":{"rendered":"<p>Fr\u00f6tek Ak\u00fc H\u00fccre Ba\u011flant\u0131 Kablosu 95&#215;110<\/p>","protected":false},"excerpt":{"rendered":"<p data-start=\"196\" data-end=\"549\"><strong data-start=\"196\" data-end=\"240\">Fr\u00f6tek Ak\u00fc H\u00fccre Ba\u011flant\u0131 Kablosu 95\u00d7110<\/strong>, forklift ve end\u00fcstriyel ak\u00fc sistemlerinde ak\u00fc h\u00fccrelerini g\u00fcvenli ve y\u00fcksek ak\u0131mla birbirine ba\u011flamak i\u00e7in kullan\u0131lan kaliteli ve dayan\u0131kl\u0131 bir ba\u011flant\u0131 kablosudur. 95 mm\u00b2 kesit alan\u0131 ve 110 mm uzunlu\u011fu ile y\u00fcksek iletkenlik ve sa\u011flam izolasyon sunar. Uzun \u00f6m\u00fcrl\u00fc yap\u0131s\u0131 ile g\u00fcvenli enerji transferi sa\u011flar.<\/p>\n<p data-start=\"551\" data-end=\"568\"><strong data-start=\"551\" data-end=\"566\">\u00d6zellikler:<\/strong><\/p>\n<ul data-start=\"569\" data-end=\"761\">\n<li data-start=\"569\" data-end=\"590\">\n<p data-start=\"571\" data-end=\"590\"><strong data-start=\"571\" data-end=\"581\">Marka:<\/strong> Fr\u00f6tek<\/p>\n<\/li>\n<li data-start=\"591\" data-end=\"612\">\n<p data-start=\"593\" data-end=\"612\"><strong data-start=\"593\" data-end=\"603\">Kesit:<\/strong> 95 mm\u00b2<\/p>\n<\/li>\n<li data-start=\"613\" data-end=\"636\">\n<p data-start=\"615\" data-end=\"636\"><strong data-start=\"615\" data-end=\"627\">Uzunluk:<\/strong> 110 mm<\/p>\n<\/li>\n<li data-start=\"637\" data-end=\"689\">\n<p data-start=\"639\" data-end=\"689\"><strong data-start=\"639\" data-end=\"652\">Kullan\u0131m:<\/strong> Forklift ve ak\u00fc h\u00fccre ba\u011flant\u0131lar\u0131<\/p>\n<\/li>\n<li data-start=\"690\" data-end=\"761\">\n<p data-start=\"692\" data-end=\"761\"><strong data-start=\"692\" data-end=\"707\">Avantajlar:<\/strong> Y\u00fcksek ak\u0131m ta\u015f\u0131ma kapasitesi, sa\u011flam ve esnek yap\u0131<\/p>\n<\/li>\n<\/ul>\n","protected":false},"featured_media":16877,"template":"","meta":[],"product_brand":[],"product_cat":[446],"product_tag":[],"class_list":{"0":"post-16874","1":"product","2":"type-product","3":"status-publish","4":"has-post-thumbnail","6":"product_cat-aku-bar","8":"first","9":"instock","10":"taxable","11":"shipping-taxable","12":"purchasable","13":"product-type-simple"},"_links":{"self":[{"href":"https:\/\/ceoparts.com\/tr\/wp-json\/wp\/v2\/product\/16874","targetHints":{"allow":["GET"]}}],"collection":[{"href":"https:\/\/ceoparts.com\/tr\/wp-json\/wp\/v2\/product"}],"about":[{"href":"https:\/\/ceoparts.com\/tr\/wp-json\/wp\/v2\/types\/product"}],"wp:featuredmedia":[{"embeddable":true,"href":"https:\/\/ceoparts.com\/tr\/wp-json\/wp\/v2\/media\/16877"}],"wp:attachment":[{"href":"https:\/\/ceoparts.com\/tr\/wp-json\/wp\/v2\/media?parent=16874"}],"wp:term":[{"taxonomy":"product_brand","embeddable":true,"href":"https:\/\/ceoparts.com\/tr\/wp-json\/wp\/v2\/product_brand?post=16874"},{"taxonomy":"product_cat","embeddable":true,"href":"https:\/\/ceoparts.com\/tr\/wp-json\/wp\/v2\/product_cat?post=16874"},{"taxonomy":"product_tag","embeddable":true,"href":"https:\/\/ceoparts.com\/tr\/wp-json\/wp\/v2\/product_tag?post=16874"}],"curies":[{"name":"wp","href":"https:\/\/api.w.org\/{rel}","templated":true}]}}