{"id":16887,"date":"2025-05-08T17:34:54","date_gmt":"2025-05-08T14:34:54","guid":{"rendered":"https:\/\/ceoparts.com\/?post_type=product&#038;p=16887"},"modified":"2026-05-16T18:34:01","modified_gmt":"2026-05-16T15:34:01","slug":"toyota-direksiyon-dingili-43110f318271","status":"publish","type":"product","link":"https:\/\/ceoparts.com\/tr\/urun\/toyota-direksiyon-dingili-43110f318271\/","title":{"rendered":"Toyota Direksiyon Dingili &#8211; 43110F318271"},"content":{"rendered":"<p>Toyota Direksiyon Dingili &#8211; 43110F318271<\/p>","protected":false},"excerpt":{"rendered":"<ul data-start=\"517\" data-end=\"670\">\n<li data-start=\"607\" data-end=\"670\">\n<p data-start=\"190\" data-end=\"497\"><strong data-start=\"190\" data-end=\"234\">Toyota Direksiyon Dingili \u2013 43110F318271<\/strong>, Toyota forklift ve istif makinelerinde direksiyon hareketini sa\u011flamak ve direksiyon sistemini stabilize etmek amac\u0131yla kullan\u0131lan y\u00fcksek kaliteli bir yedek par\u00e7ad\u0131r. Dayan\u0131kl\u0131 yap\u0131s\u0131 ve orijinal uyumlulu\u011fu sayesinde uzun s\u00fcreli ve g\u00fcvenli kullan\u0131m imk\u00e2n\u0131 sunar.<\/p>\n<p data-start=\"499\" data-end=\"516\"><strong data-start=\"499\" data-end=\"514\">\u00d6zellikler:<\/strong><\/p>\n<ul data-start=\"517\" data-end=\"670\">\n<li data-start=\"517\" data-end=\"538\">\n<p data-start=\"519\" data-end=\"538\"><strong data-start=\"519\" data-end=\"529\">Marka:<\/strong> Toyota<\/p>\n<\/li>\n<li data-start=\"539\" data-end=\"569\">\n<p data-start=\"541\" data-end=\"569\"><strong data-start=\"541\" data-end=\"554\">Par\u00e7a No:<\/strong> 43110F318271<\/p>\n<\/li>\n<li data-start=\"570\" data-end=\"606\">\n<p data-start=\"572\" data-end=\"606\"><strong data-start=\"572\" data-end=\"585\">Kullan\u0131m:<\/strong> Direksiyon sistemi<\/p>\n<\/li>\n<li data-start=\"607\" data-end=\"670\">\n<p data-start=\"609\" data-end=\"670\"><strong data-start=\"609\" data-end=\"624\">Avantajlar:<\/strong> Dayan\u0131kl\u0131 yap\u0131, y\u00fcksek uyumluluk, uzun \u00f6m\u00fcr<\/p>\n<\/li>\n<\/ul>\n<\/li>\n<\/ul>\n","protected":false},"featured_media":16895,"template":"","meta":[],"product_brand":[],"product_cat":[470,521,530],"product_tag":[],"class_list":{"0":"post-16887","1":"product","2":"type-product","3":"status-publish","4":"has-post-thumbnail","6":"product_cat-diger-yedek-parcalar","7":"product_cat-toyota","8":"product_cat-yedek-parca-toyota","10":"first","11":"instock","12":"taxable","13":"shipping-taxable","14":"purchasable","15":"product-type-simple"},"_links":{"self":[{"href":"https:\/\/ceoparts.com\/tr\/wp-json\/wp\/v2\/product\/16887","targetHints":{"allow":["GET"]}}],"collection":[{"href":"https:\/\/ceoparts.com\/tr\/wp-json\/wp\/v2\/product"}],"about":[{"href":"https:\/\/ceoparts.com\/tr\/wp-json\/wp\/v2\/types\/product"}],"wp:featuredmedia":[{"embeddable":true,"href":"https:\/\/ceoparts.com\/tr\/wp-json\/wp\/v2\/media\/16895"}],"wp:attachment":[{"href":"https:\/\/ceoparts.com\/tr\/wp-json\/wp\/v2\/media?parent=16887"}],"wp:term":[{"taxonomy":"product_brand","embeddable":true,"href":"https:\/\/ceoparts.com\/tr\/wp-json\/wp\/v2\/product_brand?post=16887"},{"taxonomy":"product_cat","embeddable":true,"href":"https:\/\/ceoparts.com\/tr\/wp-json\/wp\/v2\/product_cat?post=16887"},{"taxonomy":"product_tag","embeddable":true,"href":"https:\/\/ceoparts.com\/tr\/wp-json\/wp\/v2\/product_tag?post=16887"}],"curies":[{"name":"wp","href":"https:\/\/api.w.org\/{rel}","templated":true}]}}