{"id":16896,"date":"2025-05-08T17:44:50","date_gmt":"2025-05-08T14:44:50","guid":{"rendered":"https:\/\/ceoparts.com\/?post_type=product&#038;p=16896"},"modified":"2026-05-16T15:00:37","modified_gmt":"2026-05-16T12:00:37","slug":"zapi-servis-el-konsolu-fc2009a","status":"publish","type":"product","link":"https:\/\/ceoparts.com\/tr\/urun\/zapi-servis-el-konsolu-fc2009a\/","title":{"rendered":"Zapi Servis El Konsolu &#8211; FC2009A"},"content":{"rendered":"<p>Zapi Servis El Konsolu &#8211; FC2009A<\/p>","protected":false},"excerpt":{"rendered":"<p data-start=\"175\" data-end=\"533\"><strong data-start=\"175\" data-end=\"211\">Zapi Servis El Konsolu \u2013 FC2009A<\/strong>, Zapi kontrol sistemine sahip forklift ve end\u00fcstriyel ara\u00e7lar\u0131n bak\u0131m, ar\u0131za tespiti ve yaz\u0131l\u0131m ayarlar\u0131nda kullan\u0131lan profesyonel bir servis cihaz\u0131d\u0131r. Ergonomik tasar\u0131m\u0131 ve ta\u015f\u0131nabilir yap\u0131s\u0131 sayesinde servis i\u015flemlerini h\u0131zl\u0131 ve pratik \u015fekilde ger\u00e7ekle\u015ftirme imk\u00e2n\u0131 sunar. Zapi kontrol \u00fcniteleriyle tam uyumlu \u00e7al\u0131\u015f\u0131r.<\/p>\n<p data-start=\"535\" data-end=\"552\"><strong data-start=\"535\" data-end=\"550\">\u00d6zellikler:<\/strong><\/p>\n<ul data-start=\"553\" data-end=\"718\">\n<li data-start=\"553\" data-end=\"572\">\n<p data-start=\"555\" data-end=\"572\"><strong data-start=\"555\" data-end=\"565\">Marka:<\/strong> Zapi<\/p>\n<\/li>\n<li data-start=\"573\" data-end=\"595\">\n<p data-start=\"575\" data-end=\"595\"><strong data-start=\"575\" data-end=\"585\">Model:<\/strong> FC2009A<\/p>\n<\/li>\n<li data-start=\"596\" data-end=\"656\">\n<p data-start=\"598\" data-end=\"656\"><strong data-start=\"598\" data-end=\"611\">Kullan\u0131m:<\/strong> Forklift ve istif makinalar\u0131 servis cihaz\u0131<\/p>\n<\/li>\n<li data-start=\"657\" data-end=\"718\">\n<p data-start=\"659\" data-end=\"718\"><strong data-start=\"659\" data-end=\"674\">Avantajlar:<\/strong> Ta\u015f\u0131nabilir, pratik kullan\u0131m, Zapi uyumlu<\/p>\n<\/li>\n<\/ul>\n","protected":false},"featured_media":16897,"template":"","meta":[],"product_brand":[],"product_cat":[470],"product_tag":[],"class_list":{"0":"post-16896","1":"product","2":"type-product","3":"status-publish","4":"has-post-thumbnail","6":"product_cat-diger-yedek-parcalar","8":"first","9":"instock","10":"taxable","11":"shipping-taxable","12":"purchasable","13":"product-type-simple"},"_links":{"self":[{"href":"https:\/\/ceoparts.com\/tr\/wp-json\/wp\/v2\/product\/16896","targetHints":{"allow":["GET"]}}],"collection":[{"href":"https:\/\/ceoparts.com\/tr\/wp-json\/wp\/v2\/product"}],"about":[{"href":"https:\/\/ceoparts.com\/tr\/wp-json\/wp\/v2\/types\/product"}],"wp:featuredmedia":[{"embeddable":true,"href":"https:\/\/ceoparts.com\/tr\/wp-json\/wp\/v2\/media\/16897"}],"wp:attachment":[{"href":"https:\/\/ceoparts.com\/tr\/wp-json\/wp\/v2\/media?parent=16896"}],"wp:term":[{"taxonomy":"product_brand","embeddable":true,"href":"https:\/\/ceoparts.com\/tr\/wp-json\/wp\/v2\/product_brand?post=16896"},{"taxonomy":"product_cat","embeddable":true,"href":"https:\/\/ceoparts.com\/tr\/wp-json\/wp\/v2\/product_cat?post=16896"},{"taxonomy":"product_tag","embeddable":true,"href":"https:\/\/ceoparts.com\/tr\/wp-json\/wp\/v2\/product_tag?post=16896"}],"curies":[{"name":"wp","href":"https:\/\/api.w.org\/{rel}","templated":true}]}}