{"id":16901,"date":"2025-05-09T14:43:11","date_gmt":"2025-05-09T11:43:11","guid":{"rendered":"https:\/\/ceoparts.com\/?post_type=product&#038;p=16901"},"modified":"2026-05-16T16:18:22","modified_gmt":"2026-05-16T13:18:22","slug":"still-ecu-korna-butonu-452049160","status":"publish","type":"product","link":"https:\/\/ceoparts.com\/tr\/urun\/still-ecu-korna-butonu-452049160\/","title":{"rendered":"Still ECU Korna Butonu &#8211; 452049160"},"content":{"rendered":"<p>Still ECU Korna Butonu &#8211; 452049160<\/p>","protected":false},"excerpt":{"rendered":"<p data-start=\"180\" data-end=\"488\"><strong data-start=\"180\" data-end=\"218\">Still ECU Korna Butonu \u2013 452049160<\/strong>, Still marka forklift ve end\u00fcstriyel ara\u00e7lar i\u00e7in \u00f6zel olarak tasarlanm\u0131\u015f, s\u00fcr\u00fcc\u00fcye \u00e7al\u0131\u015fma alan\u0131nda sesli uyar\u0131 yapma imkan\u0131 sunan kaliteli bir kontrol butonudur. Ergonomik tasar\u0131m\u0131 ve dayan\u0131kl\u0131 yap\u0131s\u0131yla uzun \u00f6m\u00fcrl\u00fcd\u00fcr. H\u0131zl\u0131 montaj ve kolay kullan\u0131m avantaj\u0131 sa\u011flar.<\/p>\n<p data-start=\"490\" data-end=\"507\"><strong data-start=\"490\" data-end=\"505\">\u00d6zellikler:<\/strong><\/p>\n<ul data-start=\"508\" data-end=\"658\">\n<li data-start=\"508\" data-end=\"528\">\n<p data-start=\"510\" data-end=\"528\"><strong data-start=\"510\" data-end=\"520\">Marka:<\/strong> Still<\/p>\n<\/li>\n<li data-start=\"529\" data-end=\"556\">\n<p data-start=\"531\" data-end=\"556\"><strong data-start=\"531\" data-end=\"544\">Par\u00e7a No:<\/strong> 452049160<\/p>\n<\/li>\n<li data-start=\"557\" data-end=\"587\">\n<p data-start=\"559\" data-end=\"587\"><strong data-start=\"559\" data-end=\"572\">Kullan\u0131m:<\/strong> Korna butonu<\/p>\n<\/li>\n<li data-start=\"588\" data-end=\"658\">\n<p data-start=\"590\" data-end=\"658\"><strong data-start=\"590\" data-end=\"605\">Avantajlar:<\/strong> Dayan\u0131kl\u0131 yap\u0131, kolay montaj, g\u00fcvenilir performans<\/p>\n<\/li>\n<\/ul>\n","protected":false},"featured_media":16905,"template":"","meta":[],"product_brand":[],"product_cat":[241,454,524],"product_tag":[],"class_list":{"0":"post-16901","1":"product","2":"type-product","3":"status-publish","4":"has-post-thumbnail","6":"product_cat-still","7":"product_cat-switch-ve-buton","8":"product_cat-yedek-parca-still","10":"first","11":"instock","12":"taxable","13":"shipping-taxable","14":"purchasable","15":"product-type-simple"},"_links":{"self":[{"href":"https:\/\/ceoparts.com\/tr\/wp-json\/wp\/v2\/product\/16901","targetHints":{"allow":["GET"]}}],"collection":[{"href":"https:\/\/ceoparts.com\/tr\/wp-json\/wp\/v2\/product"}],"about":[{"href":"https:\/\/ceoparts.com\/tr\/wp-json\/wp\/v2\/types\/product"}],"wp:featuredmedia":[{"embeddable":true,"href":"https:\/\/ceoparts.com\/tr\/wp-json\/wp\/v2\/media\/16905"}],"wp:attachment":[{"href":"https:\/\/ceoparts.com\/tr\/wp-json\/wp\/v2\/media?parent=16901"}],"wp:term":[{"taxonomy":"product_brand","embeddable":true,"href":"https:\/\/ceoparts.com\/tr\/wp-json\/wp\/v2\/product_brand?post=16901"},{"taxonomy":"product_cat","embeddable":true,"href":"https:\/\/ceoparts.com\/tr\/wp-json\/wp\/v2\/product_cat?post=16901"},{"taxonomy":"product_tag","embeddable":true,"href":"https:\/\/ceoparts.com\/tr\/wp-json\/wp\/v2\/product_tag?post=16901"}],"curies":[{"name":"wp","href":"https:\/\/api.w.org\/{rel}","templated":true}]}}