{"id":16906,"date":"2025-05-09T16:44:07","date_gmt":"2025-05-09T13:44:07","guid":{"rendered":"https:\/\/ceoparts.com\/?post_type=product&#038;p=16906"},"modified":"2026-05-16T17:22:49","modified_gmt":"2026-05-16T14:22:49","slug":"aku-salteri-devre-keisici","status":"publish","type":"product","link":"https:\/\/ceoparts.com\/tr\/urun\/aku-salteri-devre-keisici\/","title":{"rendered":"Ak\u00fc \u015ealteri Devre Kesici"},"content":{"rendered":"<p>Ak\u00fc \u015ealteri Devre Kesici<\/p>","protected":false},"excerpt":{"rendered":"<p data-start=\"159\" data-end=\"488\"><strong data-start=\"159\" data-end=\"187\">Ak\u00fc \u015ealteri Devre Kesici<\/strong>, forklift, transpalet, i\u015f makineleri ve end\u00fcstriyel ara\u00e7larda elektrik devresini g\u00fcvenli ve h\u0131zl\u0131 \u015fekilde kesmek i\u00e7in kullan\u0131l\u0131r. Bak\u0131m, onar\u0131m veya acil durumlarda devreyi tamamen kapatarak sistem g\u00fcvenli\u011fini sa\u011flar. Dayan\u0131kl\u0131 yap\u0131s\u0131 ve kolay montaj \u00f6zelli\u011fiyle uzun \u00f6m\u00fcrl\u00fc ve g\u00fcvenilir bir \u00fcr\u00fcnd\u00fcr.<\/p>\n<p data-start=\"490\" data-end=\"507\"><strong data-start=\"490\" data-end=\"505\">\u00d6zellikler:<\/strong><\/p>\n<ul data-start=\"508\" data-end=\"623\">\n<li data-start=\"508\" data-end=\"549\">\n<p data-start=\"510\" data-end=\"549\"><strong data-start=\"510\" data-end=\"523\">Kullan\u0131m:<\/strong> Ak\u00fc devre kesme \u015falteri<\/p>\n<\/li>\n<li data-start=\"550\" data-end=\"623\">\n<p data-start=\"552\" data-end=\"623\"><strong data-start=\"552\" data-end=\"567\">Avantajlar:<\/strong> Y\u00fcksek g\u00fcvenlik, pratik kullan\u0131m, uzun \u00f6m\u00fcrl\u00fc tasar\u0131m<\/p>\n<\/li>\n<\/ul>\n","protected":false},"featured_media":16907,"template":"","meta":[],"product_brand":[],"product_cat":[443],"product_tag":[],"class_list":{"0":"post-16906","1":"product","2":"type-product","3":"status-publish","4":"has-post-thumbnail","6":"product_cat-aku-parcalari","8":"first","9":"instock","10":"taxable","11":"shipping-taxable","12":"purchasable","13":"product-type-simple"},"_links":{"self":[{"href":"https:\/\/ceoparts.com\/tr\/wp-json\/wp\/v2\/product\/16906","targetHints":{"allow":["GET"]}}],"collection":[{"href":"https:\/\/ceoparts.com\/tr\/wp-json\/wp\/v2\/product"}],"about":[{"href":"https:\/\/ceoparts.com\/tr\/wp-json\/wp\/v2\/types\/product"}],"wp:featuredmedia":[{"embeddable":true,"href":"https:\/\/ceoparts.com\/tr\/wp-json\/wp\/v2\/media\/16907"}],"wp:attachment":[{"href":"https:\/\/ceoparts.com\/tr\/wp-json\/wp\/v2\/media?parent=16906"}],"wp:term":[{"taxonomy":"product_brand","embeddable":true,"href":"https:\/\/ceoparts.com\/tr\/wp-json\/wp\/v2\/product_brand?post=16906"},{"taxonomy":"product_cat","embeddable":true,"href":"https:\/\/ceoparts.com\/tr\/wp-json\/wp\/v2\/product_cat?post=16906"},{"taxonomy":"product_tag","embeddable":true,"href":"https:\/\/ceoparts.com\/tr\/wp-json\/wp\/v2\/product_tag?post=16906"}],"curies":[{"name":"wp","href":"https:\/\/api.w.org\/{rel}","templated":true}]}}