{"id":16917,"date":"2025-05-09T17:10:37","date_gmt":"2025-05-09T14:10:37","guid":{"rendered":"https:\/\/ceoparts.com\/?post_type=product&#038;p=16917"},"modified":"2026-05-16T11:59:12","modified_gmt":"2026-05-16T08:59:12","slug":"acil-stop-butonu-still-0529510","status":"publish","type":"product","link":"https:\/\/ceoparts.com\/tr\/urun\/acil-stop-butonu-still-0529510\/","title":{"rendered":"Acil Stop Butonu Still &#8211; 0529510"},"content":{"rendered":"<p>Acil Stop Butonu Still &#8211; 0529510<\/p>","protected":false},"excerpt":{"rendered":"<p data-start=\"167\" data-end=\"496\"><strong data-start=\"167\" data-end=\"203\">Still Acil Stop Butonu (0529510)<\/strong>, forklift ve end\u00fcstriyel ara\u00e7larda acil durumlarda h\u0131zl\u0131 ve g\u00fcvenli durdurma sa\u011flamak i\u00e7in tasarlanm\u0131\u015f y\u00fcksek kaliteli bir g\u00fcvenlik bile\u015fenidir. Kolay kullan\u0131m\u0131 ve dayan\u0131kl\u0131 yap\u0131s\u0131 ile operat\u00f6rlerin g\u00fcvenli\u011fini art\u0131r\u0131r. Acil m\u00fcdahale gerektiren durumlarda sistemin h\u0131zl\u0131ca kapanmas\u0131n\u0131 sa\u011flar.<\/p>\n<p data-start=\"498\" data-end=\"515\"><strong data-start=\"498\" data-end=\"513\">\u00d6zellikler:<\/strong><\/p>\n<ul data-start=\"516\" data-end=\"659\">\n<li data-start=\"516\" data-end=\"538\">\n<p data-start=\"518\" data-end=\"538\"><strong data-start=\"518\" data-end=\"528\">Model:<\/strong> 0529510<\/p>\n<\/li>\n<li data-start=\"539\" data-end=\"559\">\n<p data-start=\"541\" data-end=\"559\"><strong data-start=\"541\" data-end=\"551\">Marka:<\/strong> Still<\/p>\n<\/li>\n<li data-start=\"560\" data-end=\"594\">\n<p data-start=\"562\" data-end=\"594\"><strong data-start=\"562\" data-end=\"575\">Kullan\u0131m:<\/strong> Acil stop butonu<\/p>\n<\/li>\n<li data-start=\"595\" data-end=\"659\">\n<p data-start=\"597\" data-end=\"659\"><strong data-start=\"597\" data-end=\"612\">Avantajlar:<\/strong> H\u0131zl\u0131 m\u00fcdahale, dayan\u0131kl\u0131 yap\u0131, kolay montaj<\/p>\n<\/li>\n<\/ul>\n","protected":false},"featured_media":16921,"template":"","meta":[],"product_brand":[],"product_cat":[241,469,524],"product_tag":[],"class_list":{"0":"post-16917","1":"product","2":"type-product","3":"status-publish","4":"has-post-thumbnail","6":"product_cat-still","7":"product_cat-elektrik-ve-sistem-parcalari","8":"product_cat-yedek-parca-still","10":"first","11":"instock","12":"taxable","13":"shipping-taxable","14":"purchasable","15":"product-type-simple"},"_links":{"self":[{"href":"https:\/\/ceoparts.com\/tr\/wp-json\/wp\/v2\/product\/16917","targetHints":{"allow":["GET"]}}],"collection":[{"href":"https:\/\/ceoparts.com\/tr\/wp-json\/wp\/v2\/product"}],"about":[{"href":"https:\/\/ceoparts.com\/tr\/wp-json\/wp\/v2\/types\/product"}],"wp:featuredmedia":[{"embeddable":true,"href":"https:\/\/ceoparts.com\/tr\/wp-json\/wp\/v2\/media\/16921"}],"wp:attachment":[{"href":"https:\/\/ceoparts.com\/tr\/wp-json\/wp\/v2\/media?parent=16917"}],"wp:term":[{"taxonomy":"product_brand","embeddable":true,"href":"https:\/\/ceoparts.com\/tr\/wp-json\/wp\/v2\/product_brand?post=16917"},{"taxonomy":"product_cat","embeddable":true,"href":"https:\/\/ceoparts.com\/tr\/wp-json\/wp\/v2\/product_cat?post=16917"},{"taxonomy":"product_tag","embeddable":true,"href":"https:\/\/ceoparts.com\/tr\/wp-json\/wp\/v2\/product_tag?post=16917"}],"curies":[{"name":"wp","href":"https:\/\/api.w.org\/{rel}","templated":true}]}}