{"id":16922,"date":"2025-05-09T17:19:08","date_gmt":"2025-05-09T14:19:08","guid":{"rendered":"https:\/\/ceoparts.com\/?post_type=product&#038;p=16922"},"modified":"2026-05-16T17:06:14","modified_gmt":"2026-05-16T14:06:14","slug":"stil-rc-41-30-motor-takozu","status":"publish","type":"product","link":"https:\/\/ceoparts.com\/tr\/urun\/stil-rc-41-30-motor-takozu\/","title":{"rendered":"STIL RC 41 30 Motor Takozu"},"content":{"rendered":"<p>STIL RC 41 30 Motor Takozu<\/p>","protected":false},"excerpt":{"rendered":"<p data-start=\"155\" data-end=\"463\"><strong data-start=\"155\" data-end=\"185\">STIL RC 41 30 Motor Takozu<\/strong>, forklift ve i\u015f makinelerinde motorun sabitlenmesi ve titre\u015fimlerin azalt\u0131lmas\u0131 i\u00e7in \u00f6zel olarak tasarlanm\u0131\u015f dayan\u0131kl\u0131 bir motor takozudur. Y\u00fcksek kaliteli malzemeden \u00fcretilmi\u015f olup motorun g\u00fcvenli ve stabil \u00e7al\u0131\u015fmas\u0131n\u0131 sa\u011flar. Uzun \u00f6m\u00fcrl\u00fc yap\u0131s\u0131yla ara\u00e7 performans\u0131n\u0131 art\u0131r\u0131r.<\/p>\n<p data-start=\"465\" data-end=\"482\"><strong data-start=\"465\" data-end=\"480\">\u00d6zellikler:<\/strong><\/p>\n<ul data-start=\"483\" data-end=\"629\">\n<li data-start=\"483\" data-end=\"506\">\n<p data-start=\"485\" data-end=\"506\"><strong data-start=\"485\" data-end=\"495\">Model:<\/strong> RC 41 30<\/p>\n<\/li>\n<li data-start=\"507\" data-end=\"526\">\n<p data-start=\"509\" data-end=\"526\"><strong data-start=\"509\" data-end=\"519\">Marka:<\/strong> STIL<\/p>\n<\/li>\n<li data-start=\"527\" data-end=\"557\">\n<p data-start=\"529\" data-end=\"557\"><strong data-start=\"529\" data-end=\"542\">Kullan\u0131m:<\/strong> Motor takozu<\/p>\n<\/li>\n<li data-start=\"558\" data-end=\"629\">\n<p data-start=\"560\" data-end=\"629\"><strong data-start=\"560\" data-end=\"575\">Avantajlar:<\/strong> Titre\u015fim azaltma, dayan\u0131kl\u0131 yap\u0131, motor stabilitesi<\/p>\n<\/li>\n<\/ul>\n","protected":false},"featured_media":16924,"template":"","meta":[],"product_brand":[],"product_cat":[241,470,524],"product_tag":[],"class_list":{"0":"post-16922","1":"product","2":"type-product","3":"status-publish","4":"has-post-thumbnail","6":"product_cat-still","7":"product_cat-diger-yedek-parcalar","8":"product_cat-yedek-parca-still","10":"first","11":"instock","12":"taxable","13":"shipping-taxable","14":"purchasable","15":"product-type-simple"},"_links":{"self":[{"href":"https:\/\/ceoparts.com\/tr\/wp-json\/wp\/v2\/product\/16922","targetHints":{"allow":["GET"]}}],"collection":[{"href":"https:\/\/ceoparts.com\/tr\/wp-json\/wp\/v2\/product"}],"about":[{"href":"https:\/\/ceoparts.com\/tr\/wp-json\/wp\/v2\/types\/product"}],"wp:featuredmedia":[{"embeddable":true,"href":"https:\/\/ceoparts.com\/tr\/wp-json\/wp\/v2\/media\/16924"}],"wp:attachment":[{"href":"https:\/\/ceoparts.com\/tr\/wp-json\/wp\/v2\/media?parent=16922"}],"wp:term":[{"taxonomy":"product_brand","embeddable":true,"href":"https:\/\/ceoparts.com\/tr\/wp-json\/wp\/v2\/product_brand?post=16922"},{"taxonomy":"product_cat","embeddable":true,"href":"https:\/\/ceoparts.com\/tr\/wp-json\/wp\/v2\/product_cat?post=16922"},{"taxonomy":"product_tag","embeddable":true,"href":"https:\/\/ceoparts.com\/tr\/wp-json\/wp\/v2\/product_tag?post=16922"}],"curies":[{"name":"wp","href":"https:\/\/api.w.org\/{rel}","templated":true}]}}