{"id":16928,"date":"2025-05-10T08:57:57","date_gmt":"2025-05-10T05:57:57","guid":{"rendered":"https:\/\/ceoparts.com\/?post_type=product&#038;p=16928"},"modified":"2026-05-16T18:10:50","modified_gmt":"2026-05-16T15:10:50","slug":"bt-rre160-sigorta-kutusu-232805","status":"publish","type":"product","link":"https:\/\/ceoparts.com\/tr\/urun\/bt-rre160-sigorta-kutusu-232805\/","title":{"rendered":"BT RRE160 Sigorta Kutusu &#8211; 232805"},"content":{"rendered":"<p>BT RRE160 Sigorta Kutusu &#8211; 232805<\/p>","protected":false},"excerpt":{"rendered":"<p data-start=\"169\" data-end=\"486\"><strong data-start=\"169\" data-end=\"197\">BT RRE160 Sigorta Kutusu<\/strong>, forklift ve end\u00fcstriyel ara\u00e7lar i\u00e7in tasarlanm\u0131\u015f dayan\u0131kl\u0131 ve g\u00fcvenilir bir sigorta kutusudur. Elektrik sisteminizin korunmas\u0131n\u0131 sa\u011flar ve uzun \u00f6m\u00fcrl\u00fc yap\u0131s\u0131yla bak\u0131m gereksinimini azalt\u0131r. Kolay montaj ve y\u00fcksek performans \u00f6zellikleri ile ara\u00e7lar\u0131n\u0131z\u0131n elektrik devresini g\u00fcvenle korur.<\/p>\n<p data-start=\"488\" data-end=\"505\"><strong data-start=\"488\" data-end=\"503\">\u00d6zellikler:<\/strong><\/p>\n<ul data-start=\"506\" data-end=\"673\">\n<li data-start=\"506\" data-end=\"530\">\n<p data-start=\"508\" data-end=\"530\"><strong data-start=\"508\" data-end=\"518\">Model:<\/strong> BT RRE160<\/p>\n<\/li>\n<li data-start=\"531\" data-end=\"555\">\n<p data-start=\"533\" data-end=\"555\"><strong data-start=\"533\" data-end=\"546\">Par\u00e7a No:<\/strong> 232805<\/p>\n<\/li>\n<li data-start=\"556\" data-end=\"597\">\n<p data-start=\"558\" data-end=\"597\"><strong data-start=\"558\" data-end=\"571\">Kullan\u0131m:<\/strong> Forklift sigorta kutusu<\/p>\n<\/li>\n<li data-start=\"598\" data-end=\"673\">\n<p data-start=\"600\" data-end=\"673\"><strong data-start=\"600\" data-end=\"615\">Avantajlar:<\/strong> Dayan\u0131kl\u0131 yap\u0131, kolay montaj, elektrik devresi korumas\u0131<\/p>\n<\/li>\n<\/ul>\n","protected":false},"featured_media":16932,"template":"","meta":[],"product_brand":[],"product_cat":[251,470,518],"product_tag":[],"class_list":{"0":"post-16928","1":"product","2":"type-product","3":"status-publish","4":"has-post-thumbnail","6":"product_cat-bt","7":"product_cat-diger-yedek-parcalar","8":"product_cat-yedek-parca-bt","10":"first","11":"instock","12":"taxable","13":"shipping-taxable","14":"purchasable","15":"product-type-simple"},"_links":{"self":[{"href":"https:\/\/ceoparts.com\/tr\/wp-json\/wp\/v2\/product\/16928","targetHints":{"allow":["GET"]}}],"collection":[{"href":"https:\/\/ceoparts.com\/tr\/wp-json\/wp\/v2\/product"}],"about":[{"href":"https:\/\/ceoparts.com\/tr\/wp-json\/wp\/v2\/types\/product"}],"wp:featuredmedia":[{"embeddable":true,"href":"https:\/\/ceoparts.com\/tr\/wp-json\/wp\/v2\/media\/16932"}],"wp:attachment":[{"href":"https:\/\/ceoparts.com\/tr\/wp-json\/wp\/v2\/media?parent=16928"}],"wp:term":[{"taxonomy":"product_brand","embeddable":true,"href":"https:\/\/ceoparts.com\/tr\/wp-json\/wp\/v2\/product_brand?post=16928"},{"taxonomy":"product_cat","embeddable":true,"href":"https:\/\/ceoparts.com\/tr\/wp-json\/wp\/v2\/product_cat?post=16928"},{"taxonomy":"product_tag","embeddable":true,"href":"https:\/\/ceoparts.com\/tr\/wp-json\/wp\/v2\/product_tag?post=16928"}],"curies":[{"name":"wp","href":"https:\/\/api.w.org\/{rel}","templated":true}]}}