{"id":16933,"date":"2025-05-10T09:10:22","date_gmt":"2025-05-10T06:10:22","guid":{"rendered":"https:\/\/ceoparts.com\/?post_type=product&#038;p=16933"},"modified":"2026-05-16T10:58:11","modified_gmt":"2026-05-16T07:58:11","slug":"85x80-82-17-wicke-yuk-tekeri-0009933902","status":"publish","type":"product","link":"https:\/\/ceoparts.com\/tr\/urun\/85x80-82-17-wicke-yuk-tekeri-0009933902\/","title":{"rendered":"85&#215;80\/82-17 Wicke Y\u00fck Tekeri &#8211; 0009933902, 4411624"},"content":{"rendered":"<p>85&#215;80\/82-17 Wicke Y\u00fck Tekeri &#8211; 0009933902, 4411624<\/p>\n<p style=\"font-weight: 400;\">Still:<\/p>\n<p style=\"font-weight: 400;\">CS10M\/711041\/06-06<br \/>\nCS20\/711030<br \/>\nCS20\/711030\/II NR711030010263\/12-03<br \/>\nCS20\/711040\/06-06<br \/>\nCS20L\/711030\/II NR711030010263\/03-03<\/p>\n<p style=\"font-weight: 400;\">CSH20\/711032\/II NR711032010395\/03-03<\/p>\n<p style=\"font-weight: 400;\">CX\/711044\/01-07<\/p>\n<p style=\"font-weight: 400;\">CXM 10\/711044\/01-07<\/p>\n<p style=\"font-weight: 400;\">EGD-S 1600\/710217\/03-97<\/p>\n<p style=\"font-weight: 400;\">EGU-710115\/710117\/710119\/710125<br \/>\nEGU-H&#8211;71 0201<br \/>\nEGU-S20-24\/II NR710124010323-710126010306\/01-07<br \/>\nEGU 18\/710118\/01-97<br \/>\nEGU 20-S\/710123\/11-97<br \/>\nEGU 20\/710122\/08-97<\/p>\n<p style=\"font-weight: 400;\">EGV 14\/16-710248\/710250<br \/>\nEGV 10-12\/710239-710241\/01-07<br \/>\nEGV 10-12\/710240-710242\/01-07<\/p>\n<p style=\"font-weight: 400;\">EXD S20\/710249\/01-07<\/p>\n<p style=\"font-weight: 400;\">EXU-H-AC\/710203\/01-07<br \/>\nEXU-H\/710202\/01-07<br \/>\nEXU-S\/710148-710149\/01-07<br \/>\nEXU 710140\/710141\/710142\/710143\/01-07<br \/>\nEXU AC 710150\/710151\/710152\/710143<\/p>","protected":false},"excerpt":{"rendered":"<p data-start=\"185\" data-end=\"482\"><strong data-start=\"185\" data-end=\"217\">85\u00d780\/82-17 Wicke Y\u00fck Tekeri<\/strong>, dayan\u0131kl\u0131 ve y\u00fcksek kaliteli bir forklift y\u00fck tekeridir. End\u00fcstriyel kullan\u0131m i\u00e7in tasarlanm\u0131\u015f bu teker, y\u00fcksek y\u00fck ta\u015f\u0131ma kapasitesi ve uzun \u00f6m\u00fcr sunar. Sa\u011flam yap\u0131s\u0131 ile a\u011f\u0131r i\u015f ko\u015fullar\u0131na dayan\u0131kl\u0131d\u0131r. Forklift ve i\u015f makinelerinde g\u00fcvenilir performans sa\u011flar.<\/p>\n<p data-start=\"484\" data-end=\"501\"><strong data-start=\"484\" data-end=\"499\">\u00d6zellikler:<\/strong><\/p>\n<ul data-start=\"502\" data-end=\"693\">\n<li data-start=\"502\" data-end=\"527\">\n<p data-start=\"504\" data-end=\"527\"><strong data-start=\"504\" data-end=\"513\">Ebat:<\/strong> 85\u00d780\/82-17<\/p>\n<\/li>\n<li data-start=\"528\" data-end=\"583\">\n<p data-start=\"530\" data-end=\"583\"><strong data-start=\"530\" data-end=\"542\">Malzeme:<\/strong> Dayan\u0131kl\u0131 kau\u00e7uk ve metal kombinasyonu<\/p>\n<\/li>\n<li data-start=\"584\" data-end=\"621\">\n<p data-start=\"586\" data-end=\"621\"><strong data-start=\"586\" data-end=\"599\">Kullan\u0131m:<\/strong> Forklift y\u00fck tekeri<\/p>\n<\/li>\n<li data-start=\"622\" data-end=\"693\">\n<p data-start=\"624\" data-end=\"693\"><strong data-start=\"624\" data-end=\"639\">Avantajlar:<\/strong> Y\u00fcksek ta\u015f\u0131ma kapasitesi, uzun \u00f6m\u00fcr, dayan\u0131kl\u0131 yap\u0131<\/p>\n<\/li>\n<\/ul>\n","protected":false},"featured_media":16938,"template":"","meta":[],"product_brand":[],"product_cat":[241,243,400,402],"product_tag":[],"class_list":{"0":"post-16933","1":"product","2":"type-product","3":"status-publish","4":"has-post-thumbnail","6":"product_cat-still","7":"product_cat-catal-tekeri-still","8":"product_cat-catal-tekeri","9":"product_cat-catal-tekeri-wicke","11":"first","12":"instock","13":"taxable","14":"shipping-taxable","15":"purchasable","16":"product-type-simple"},"_links":{"self":[{"href":"https:\/\/ceoparts.com\/tr\/wp-json\/wp\/v2\/product\/16933","targetHints":{"allow":["GET"]}}],"collection":[{"href":"https:\/\/ceoparts.com\/tr\/wp-json\/wp\/v2\/product"}],"about":[{"href":"https:\/\/ceoparts.com\/tr\/wp-json\/wp\/v2\/types\/product"}],"wp:featuredmedia":[{"embeddable":true,"href":"https:\/\/ceoparts.com\/tr\/wp-json\/wp\/v2\/media\/16938"}],"wp:attachment":[{"href":"https:\/\/ceoparts.com\/tr\/wp-json\/wp\/v2\/media?parent=16933"}],"wp:term":[{"taxonomy":"product_brand","embeddable":true,"href":"https:\/\/ceoparts.com\/tr\/wp-json\/wp\/v2\/product_brand?post=16933"},{"taxonomy":"product_cat","embeddable":true,"href":"https:\/\/ceoparts.com\/tr\/wp-json\/wp\/v2\/product_cat?post=16933"},{"taxonomy":"product_tag","embeddable":true,"href":"https:\/\/ceoparts.com\/tr\/wp-json\/wp\/v2\/product_tag?post=16933"}],"curies":[{"name":"wp","href":"https:\/\/api.w.org\/{rel}","templated":true}]}}