{"id":16939,"date":"2025-05-12T14:07:20","date_gmt":"2025-05-12T11:07:20","guid":{"rendered":"https:\/\/ceoparts.com\/?post_type=product&#038;p=16939"},"modified":"2026-05-03T04:03:11","modified_gmt":"2026-05-03T01:03:11","slug":"85x80-85-12-wicke-vulkollan-yuk-tekeri-0039933603","status":"publish","type":"product","link":"https:\/\/ceoparts.com\/tr\/urun\/85x80-85-12-wicke-vulkollan-yuk-tekeri-0039933603\/","title":{"rendered":"85&#215;80\/85-12 Wicke Vulkollan Y\u00fck Tekeri &#8211; 0039933603"},"content":{"rendered":"<p>85&#215;80\/85-12 Wicke Vulkollan Y\u00fck Tekeri &#8211; 0039933603<\/p>\n<p>31\u00a0T20AP\/T20SP<br \/>\n131\u00a0T30<br \/>\n131\u00a0L14\/16AS<br \/>\n131-26\u00a0T20\/30 Ex &#8211; Zone1, 2 (2G, 3G)<\/p>\n<p>132\u00a0N20\/N24\/N20L\/N20LI<\/p>\n<p>140\u00a0T20R<\/p>\n<p>141\u00a0T20AP<br \/>\n141\u00a0T20\/30<\/p>\n<p>144\u00a0T20S\/T20SF<\/p>\n<p>145\u00a0N20N<\/p>\n<p>149\u00a0N20\/N25\/N20L\/LI\/LX<br \/>\n149\u00a0N20V-N20VI<\/p>\n<p>360\u00a0T16\/T18\/T20<br \/>\n360\u00a0T16\/T18\/T20\/T16L<\/p>\n<p>1111\u00a0N20VI &#8211; N20VLI<\/p>\n<p>1152\u00a0T16\/T18\/T20\/T16L<\/p>","protected":false},"excerpt":{"rendered":"<p data-start=\"205\" data-end=\"541\"><strong data-start=\"205\" data-end=\"247\">85\u00d780\/85-12 Wicke Vulkollan Y\u00fck Tekeri<\/strong>, dayan\u0131kl\u0131 ve y\u00fcksek performansl\u0131 bir forklift y\u00fck tekeridir. Vulkollan malzemesi sayesinde y\u00fcksek a\u015f\u0131nma direnci, titre\u015fim emilimi ve uzun \u00f6m\u00fcr sunar. 85 mm geni\u015flik ve 80\/85 mm \u00e7ap\u0131 ile a\u011f\u0131r y\u00fck ta\u015f\u0131ma kapasitesine sahiptir. End\u00fcstriyel forkliftler ve a\u011f\u0131r i\u015f makineleri i\u00e7in ideal \u00e7\u00f6z\u00fcmd\u00fcr.<\/p>\n<p data-start=\"543\" data-end=\"560\"><strong data-start=\"543\" data-end=\"558\">\u00d6zellikler:<\/strong><\/p>\n<ul data-start=\"561\" data-end=\"724\">\n<li data-start=\"561\" data-end=\"586\">\n<p data-start=\"563\" data-end=\"586\"><strong data-start=\"563\" data-end=\"572\">Ebat:<\/strong> 85\u00d780\/85-12<\/p>\n<\/li>\n<li data-start=\"587\" data-end=\"613\">\n<p data-start=\"589\" data-end=\"613\"><strong data-start=\"589\" data-end=\"601\">Malzeme:<\/strong> Vulkollan<\/p>\n<\/li>\n<li data-start=\"614\" data-end=\"651\">\n<p data-start=\"616\" data-end=\"651\"><strong data-start=\"616\" data-end=\"629\">Kullan\u0131m:<\/strong> Forklift y\u00fck tekeri<\/p>\n<\/li>\n<li data-start=\"652\" data-end=\"724\">\n<p data-start=\"654\" data-end=\"724\"><strong data-start=\"654\" data-end=\"669\">Avantajlar:<\/strong> Y\u00fcksek a\u015f\u0131nma direnci, titre\u015fim s\u00f6n\u00fcmleme, uzun \u00f6m\u00fcr<\/p>\n<\/li>\n<\/ul>\n","protected":false},"featured_media":17556,"template":"","meta":[],"product_brand":[],"product_cat":[400,402,246,248],"product_tag":[],"class_list":{"0":"post-16939","1":"product","2":"type-product","3":"status-publish","4":"has-post-thumbnail","6":"product_cat-catal-tekeri","7":"product_cat-catal-tekeri-wicke","8":"product_cat-linde","9":"product_cat-catal-tekeri-linde","11":"first","12":"instock","13":"taxable","14":"shipping-taxable","15":"purchasable","16":"product-type-simple"},"_links":{"self":[{"href":"https:\/\/ceoparts.com\/tr\/wp-json\/wp\/v2\/product\/16939","targetHints":{"allow":["GET"]}}],"collection":[{"href":"https:\/\/ceoparts.com\/tr\/wp-json\/wp\/v2\/product"}],"about":[{"href":"https:\/\/ceoparts.com\/tr\/wp-json\/wp\/v2\/types\/product"}],"wp:featuredmedia":[{"embeddable":true,"href":"https:\/\/ceoparts.com\/tr\/wp-json\/wp\/v2\/media\/17556"}],"wp:attachment":[{"href":"https:\/\/ceoparts.com\/tr\/wp-json\/wp\/v2\/media?parent=16939"}],"wp:term":[{"taxonomy":"product_brand","embeddable":true,"href":"https:\/\/ceoparts.com\/tr\/wp-json\/wp\/v2\/product_brand?post=16939"},{"taxonomy":"product_cat","embeddable":true,"href":"https:\/\/ceoparts.com\/tr\/wp-json\/wp\/v2\/product_cat?post=16939"},{"taxonomy":"product_tag","embeddable":true,"href":"https:\/\/ceoparts.com\/tr\/wp-json\/wp\/v2\/product_tag?post=16939"}],"curies":[{"name":"wp","href":"https:\/\/api.w.org\/{rel}","templated":true}]}}