{"id":16944,"date":"2025-05-13T17:02:57","date_gmt":"2025-05-13T14:02:57","guid":{"rendered":"https:\/\/ceoparts.com\/?post_type=product&#038;p=16944"},"modified":"2026-05-16T16:24:42","modified_gmt":"2026-05-16T13:24:42","slug":"kablo-papucu-35mm-m10-premium","status":"publish","type":"product","link":"https:\/\/ceoparts.com\/tr\/urun\/kablo-papucu-35mm-m10-premium\/","title":{"rendered":"Kablo Papucu 35mm M10 Premium"},"content":{"rendered":"<p>Kablo Papucu 35mm M10 Premium<\/p>","protected":false},"excerpt":{"rendered":"<p data-start=\"161\" data-end=\"475\"><strong data-start=\"161\" data-end=\"194\">Kablo Papucu 35mm M10 Premium<\/strong>, 35 mm\u00b2 kablo kesitine uygun, dayan\u0131kl\u0131 ve y\u00fcksek kaliteli kablo ucu ba\u011flant\u0131 aparat\u0131d\u0131r. M10 vida \u00e7ap\u0131 ile forklift, i\u015f makineleri ve enerji sistemlerinde g\u00fcvenilir ve uzun \u00f6m\u00fcrl\u00fc ba\u011flant\u0131lar sa\u011flar. Premium malzeme sayesinde \u00fcst\u00fcn elektrik iletkenli\u011fi ve korozyon direnci sunar.<\/p>\n<p data-start=\"477\" data-end=\"494\"><strong data-start=\"477\" data-end=\"492\">\u00d6zellikler:<\/strong><\/p>\n<ul data-start=\"495\" data-end=\"674\">\n<li data-start=\"495\" data-end=\"523\">\n<p data-start=\"497\" data-end=\"523\"><strong data-start=\"497\" data-end=\"514\">Kablo Kesiti:<\/strong> 35 mm\u00b2<\/p>\n<\/li>\n<li data-start=\"524\" data-end=\"546\">\n<p data-start=\"526\" data-end=\"546\"><strong data-start=\"526\" data-end=\"540\">Vida \u00c7ap\u0131:<\/strong> M10<\/p>\n<\/li>\n<li data-start=\"547\" data-end=\"567\">\n<p data-start=\"549\" data-end=\"567\"><strong data-start=\"549\" data-end=\"557\">Tip:<\/strong> Premium<\/p>\n<\/li>\n<li data-start=\"568\" data-end=\"634\">\n<p data-start=\"570\" data-end=\"634\"><strong data-start=\"570\" data-end=\"589\">Kullan\u0131m Alan\u0131:<\/strong> Forklift, i\u015f makineleri, enerji sistemleri<\/p>\n<\/li>\n<li data-start=\"635\" data-end=\"674\">\n<p data-start=\"637\" data-end=\"674\"><strong data-start=\"637\" data-end=\"651\">Fonksiyon:<\/strong> Kablo ucu ba\u011flant\u0131s\u0131<\/p>\n<\/li>\n<\/ul>\n","protected":false},"featured_media":16948,"template":"","meta":[],"product_brand":[],"product_cat":[443],"product_tag":[],"class_list":{"0":"post-16944","1":"product","2":"type-product","3":"status-publish","4":"has-post-thumbnail","6":"product_cat-aku-parcalari","8":"first","9":"instock","10":"taxable","11":"shipping-taxable","12":"purchasable","13":"product-type-simple"},"_links":{"self":[{"href":"https:\/\/ceoparts.com\/tr\/wp-json\/wp\/v2\/product\/16944","targetHints":{"allow":["GET"]}}],"collection":[{"href":"https:\/\/ceoparts.com\/tr\/wp-json\/wp\/v2\/product"}],"about":[{"href":"https:\/\/ceoparts.com\/tr\/wp-json\/wp\/v2\/types\/product"}],"wp:featuredmedia":[{"embeddable":true,"href":"https:\/\/ceoparts.com\/tr\/wp-json\/wp\/v2\/media\/16948"}],"wp:attachment":[{"href":"https:\/\/ceoparts.com\/tr\/wp-json\/wp\/v2\/media?parent=16944"}],"wp:term":[{"taxonomy":"product_brand","embeddable":true,"href":"https:\/\/ceoparts.com\/tr\/wp-json\/wp\/v2\/product_brand?post=16944"},{"taxonomy":"product_cat","embeddable":true,"href":"https:\/\/ceoparts.com\/tr\/wp-json\/wp\/v2\/product_cat?post=16944"},{"taxonomy":"product_tag","embeddable":true,"href":"https:\/\/ceoparts.com\/tr\/wp-json\/wp\/v2\/product_tag?post=16944"}],"curies":[{"name":"wp","href":"https:\/\/api.w.org\/{rel}","templated":true}]}}