{"id":16953,"date":"2025-05-13T17:13:01","date_gmt":"2025-05-13T14:13:01","guid":{"rendered":"https:\/\/ceoparts.com\/?post_type=product&#038;p=16953"},"modified":"2026-05-16T15:34:25","modified_gmt":"2026-05-16T12:34:25","slug":"kablo-papucu-70mm-m10-premium","status":"publish","type":"product","link":"https:\/\/ceoparts.com\/tr\/urun\/kablo-papucu-70mm-m10-premium\/","title":{"rendered":"Kablo Papucu 70mm M10 Premium"},"content":{"rendered":"<p>Kablo Papucu 70mm M10 Premium<\/p>","protected":false},"excerpt":{"rendered":"<p data-start=\"161\" data-end=\"487\"><strong data-start=\"161\" data-end=\"194\">Kablo Papucu 70mm M10 Premium<\/strong>, 70 mm\u00b2 kablo kesitine uygun, y\u00fcksek kaliteli ve dayan\u0131kl\u0131 kablo ucu ba\u011flant\u0131 aparat\u0131d\u0131r. M10 vida \u00e7ap\u0131yla forklift, i\u015f makineleri ve enerji sistemlerinde g\u00fcvenli, uzun \u00f6m\u00fcrl\u00fc ve sa\u011flam ba\u011flant\u0131lar sa\u011flar. Premium malzeme yap\u0131s\u0131 sayesinde \u00fcst\u00fcn elektrik iletkenli\u011fi ve korozyon direnci sunar.<\/p>\n<p data-start=\"489\" data-end=\"506\"><strong data-start=\"489\" data-end=\"504\">\u00d6zellikler:<\/strong><\/p>\n<ul data-start=\"507\" data-end=\"686\">\n<li data-start=\"507\" data-end=\"535\">\n<p data-start=\"509\" data-end=\"535\"><strong data-start=\"509\" data-end=\"526\">Kablo Kesiti:<\/strong> 70 mm\u00b2<\/p>\n<\/li>\n<li data-start=\"536\" data-end=\"558\">\n<p data-start=\"538\" data-end=\"558\"><strong data-start=\"538\" data-end=\"552\">Vida \u00c7ap\u0131:<\/strong> M10<\/p>\n<\/li>\n<li data-start=\"559\" data-end=\"579\">\n<p data-start=\"561\" data-end=\"579\"><strong data-start=\"561\" data-end=\"569\">Tip:<\/strong> Premium<\/p>\n<\/li>\n<li data-start=\"580\" data-end=\"646\">\n<p data-start=\"582\" data-end=\"646\"><strong data-start=\"582\" data-end=\"601\">Kullan\u0131m Alan\u0131:<\/strong> Forklift, i\u015f makineleri, enerji sistemleri<\/p>\n<\/li>\n<li data-start=\"647\" data-end=\"686\">\n<p data-start=\"649\" data-end=\"686\"><strong data-start=\"649\" data-end=\"663\">Fonksiyon:<\/strong> Kablo ucu ba\u011flant\u0131s\u0131<\/p>\n<\/li>\n<\/ul>\n","protected":false},"featured_media":16954,"template":"","meta":[],"product_brand":[],"product_cat":[443],"product_tag":[],"class_list":{"0":"post-16953","1":"product","2":"type-product","3":"status-publish","4":"has-post-thumbnail","6":"product_cat-aku-parcalari","8":"first","9":"instock","10":"taxable","11":"shipping-taxable","12":"purchasable","13":"product-type-simple"},"_links":{"self":[{"href":"https:\/\/ceoparts.com\/tr\/wp-json\/wp\/v2\/product\/16953","targetHints":{"allow":["GET"]}}],"collection":[{"href":"https:\/\/ceoparts.com\/tr\/wp-json\/wp\/v2\/product"}],"about":[{"href":"https:\/\/ceoparts.com\/tr\/wp-json\/wp\/v2\/types\/product"}],"wp:featuredmedia":[{"embeddable":true,"href":"https:\/\/ceoparts.com\/tr\/wp-json\/wp\/v2\/media\/16954"}],"wp:attachment":[{"href":"https:\/\/ceoparts.com\/tr\/wp-json\/wp\/v2\/media?parent=16953"}],"wp:term":[{"taxonomy":"product_brand","embeddable":true,"href":"https:\/\/ceoparts.com\/tr\/wp-json\/wp\/v2\/product_brand?post=16953"},{"taxonomy":"product_cat","embeddable":true,"href":"https:\/\/ceoparts.com\/tr\/wp-json\/wp\/v2\/product_cat?post=16953"},{"taxonomy":"product_tag","embeddable":true,"href":"https:\/\/ceoparts.com\/tr\/wp-json\/wp\/v2\/product_tag?post=16953"}],"curies":[{"name":"wp","href":"https:\/\/api.w.org\/{rel}","templated":true}]}}