{"id":16962,"date":"2025-05-13T17:43:22","date_gmt":"2025-05-13T14:43:22","guid":{"rendered":"https:\/\/ceoparts.com\/?post_type=product&#038;p=16962"},"modified":"2026-05-16T15:39:32","modified_gmt":"2026-05-16T12:39:32","slug":"kablo-papucu-35mm-m10-eco","status":"publish","type":"product","link":"https:\/\/ceoparts.com\/tr\/urun\/kablo-papucu-35mm-m10-eco\/","title":{"rendered":"Kablo Papucu 35mm M10 Eco"},"content":{"rendered":"<p>Kablo Papucu 35mm M10 Eco<\/p>","protected":false},"excerpt":{"rendered":"<p data-start=\"153\" data-end=\"407\"><strong data-start=\"153\" data-end=\"182\">Kablo Papucu 35mm M10 Eco<\/strong>, 35 mm\u00b2 kablo kesitine uygun ekonomik kablo ucu ba\u011flant\u0131 aparat\u0131d\u0131r. M10 vida \u00e7ap\u0131 ile forklift, i\u015f makineleri ve enerji sistemlerinde g\u00fcvenli ve sa\u011flam ba\u011flant\u0131lar sa\u011flar. Kolay montaj\u0131 ve dayan\u0131kl\u0131 yap\u0131s\u0131yla tercih edilir.<\/p>\n<p data-start=\"409\" data-end=\"426\"><strong data-start=\"409\" data-end=\"424\">\u00d6zellikler:<\/strong><\/p>\n<ul data-start=\"427\" data-end=\"602\">\n<li data-start=\"427\" data-end=\"455\">\n<p data-start=\"429\" data-end=\"455\"><strong data-start=\"429\" data-end=\"446\">Kablo Kesiti:<\/strong> 35 mm\u00b2<\/p>\n<\/li>\n<li data-start=\"456\" data-end=\"478\">\n<p data-start=\"458\" data-end=\"478\"><strong data-start=\"458\" data-end=\"472\">Vida \u00c7ap\u0131:<\/strong> M10<\/p>\n<\/li>\n<li data-start=\"479\" data-end=\"495\">\n<p data-start=\"481\" data-end=\"495\"><strong data-start=\"481\" data-end=\"489\">Tip:<\/strong> Eco<\/p>\n<\/li>\n<li data-start=\"496\" data-end=\"562\">\n<p data-start=\"498\" data-end=\"562\"><strong data-start=\"498\" data-end=\"517\">Kullan\u0131m Alan\u0131:<\/strong> Forklift, i\u015f makineleri, enerji sistemleri<\/p>\n<\/li>\n<li data-start=\"563\" data-end=\"602\">\n<p data-start=\"565\" data-end=\"602\"><strong data-start=\"565\" data-end=\"579\">Fonksiyon:<\/strong> Kablo ucu ba\u011flant\u0131s\u0131<\/p>\n<\/li>\n<\/ul>\n","protected":false},"featured_media":16963,"template":"","meta":[],"product_brand":[],"product_cat":[443],"product_tag":[],"class_list":{"0":"post-16962","1":"product","2":"type-product","3":"status-publish","4":"has-post-thumbnail","6":"product_cat-aku-parcalari","8":"first","9":"instock","10":"taxable","11":"shipping-taxable","12":"purchasable","13":"product-type-simple"},"_links":{"self":[{"href":"https:\/\/ceoparts.com\/tr\/wp-json\/wp\/v2\/product\/16962","targetHints":{"allow":["GET"]}}],"collection":[{"href":"https:\/\/ceoparts.com\/tr\/wp-json\/wp\/v2\/product"}],"about":[{"href":"https:\/\/ceoparts.com\/tr\/wp-json\/wp\/v2\/types\/product"}],"wp:featuredmedia":[{"embeddable":true,"href":"https:\/\/ceoparts.com\/tr\/wp-json\/wp\/v2\/media\/16963"}],"wp:attachment":[{"href":"https:\/\/ceoparts.com\/tr\/wp-json\/wp\/v2\/media?parent=16962"}],"wp:term":[{"taxonomy":"product_brand","embeddable":true,"href":"https:\/\/ceoparts.com\/tr\/wp-json\/wp\/v2\/product_brand?post=16962"},{"taxonomy":"product_cat","embeddable":true,"href":"https:\/\/ceoparts.com\/tr\/wp-json\/wp\/v2\/product_cat?post=16962"},{"taxonomy":"product_tag","embeddable":true,"href":"https:\/\/ceoparts.com\/tr\/wp-json\/wp\/v2\/product_tag?post=16962"}],"curies":[{"name":"wp","href":"https:\/\/api.w.org\/{rel}","templated":true}]}}