{"id":16964,"date":"2025-05-14T08:49:07","date_gmt":"2025-05-14T05:49:07","guid":{"rendered":"https:\/\/ceoparts.com\/?post_type=product&#038;p=16964"},"modified":"2026-05-16T16:17:39","modified_gmt":"2026-05-16T13:17:39","slug":"kablo-papucu-50mm-m10-eco","status":"publish","type":"product","link":"https:\/\/ceoparts.com\/tr\/urun\/kablo-papucu-50mm-m10-eco\/","title":{"rendered":"Kablo Papucu 50mm M10 Eco"},"content":{"rendered":"<p>Kablo Papucu 50mm M10 Eco<\/p>","protected":false},"excerpt":{"rendered":"<p data-start=\"160\" data-end=\"413\"><strong data-start=\"160\" data-end=\"189\">Kablo Papucu 50mm M10 Eco<\/strong>, 50 mm\u00b2 kablo kesitine uygun ekonomik kablo ucu ba\u011flant\u0131 aparat\u0131d\u0131r. M10 vida \u00e7ap\u0131 ile forklift, i\u015f makineleri ve enerji sistemlerinde g\u00fcvenli ve dayan\u0131kl\u0131 ba\u011flant\u0131lar sa\u011flar. Kolay montaj\u0131 ve sa\u011flam yap\u0131s\u0131yla \u00f6n plandad\u0131r.<\/p>\n<p data-start=\"415\" data-end=\"432\"><strong data-start=\"415\" data-end=\"430\">\u00d6zellikler:<\/strong><\/p>\n<ul data-start=\"433\" data-end=\"608\">\n<li data-start=\"433\" data-end=\"461\">\n<p data-start=\"435\" data-end=\"461\"><strong data-start=\"435\" data-end=\"452\">Kablo Kesiti:<\/strong> 50 mm\u00b2<\/p>\n<\/li>\n<li data-start=\"462\" data-end=\"484\">\n<p data-start=\"464\" data-end=\"484\"><strong data-start=\"464\" data-end=\"478\">Vida \u00c7ap\u0131:<\/strong> M10<\/p>\n<\/li>\n<li data-start=\"485\" data-end=\"501\">\n<p data-start=\"487\" data-end=\"501\"><strong data-start=\"487\" data-end=\"495\">Tip:<\/strong> Eco<\/p>\n<\/li>\n<li data-start=\"502\" data-end=\"568\">\n<p data-start=\"504\" data-end=\"568\"><strong data-start=\"504\" data-end=\"523\">Kullan\u0131m Alan\u0131:<\/strong> Forklift, i\u015f makineleri, enerji sistemleri<\/p>\n<\/li>\n<li data-start=\"569\" data-end=\"608\">\n<p data-start=\"571\" data-end=\"608\"><strong data-start=\"571\" data-end=\"585\">Fonksiyon:<\/strong> Kablo ucu ba\u011flant\u0131s\u0131<\/p>\n<\/li>\n<\/ul>\n","protected":false},"featured_media":16965,"template":"","meta":[],"product_brand":[],"product_cat":[443],"product_tag":[],"class_list":{"0":"post-16964","1":"product","2":"type-product","3":"status-publish","4":"has-post-thumbnail","6":"product_cat-aku-parcalari","8":"first","9":"instock","10":"taxable","11":"shipping-taxable","12":"purchasable","13":"product-type-simple"},"_links":{"self":[{"href":"https:\/\/ceoparts.com\/tr\/wp-json\/wp\/v2\/product\/16964","targetHints":{"allow":["GET"]}}],"collection":[{"href":"https:\/\/ceoparts.com\/tr\/wp-json\/wp\/v2\/product"}],"about":[{"href":"https:\/\/ceoparts.com\/tr\/wp-json\/wp\/v2\/types\/product"}],"wp:featuredmedia":[{"embeddable":true,"href":"https:\/\/ceoparts.com\/tr\/wp-json\/wp\/v2\/media\/16965"}],"wp:attachment":[{"href":"https:\/\/ceoparts.com\/tr\/wp-json\/wp\/v2\/media?parent=16964"}],"wp:term":[{"taxonomy":"product_brand","embeddable":true,"href":"https:\/\/ceoparts.com\/tr\/wp-json\/wp\/v2\/product_brand?post=16964"},{"taxonomy":"product_cat","embeddable":true,"href":"https:\/\/ceoparts.com\/tr\/wp-json\/wp\/v2\/product_cat?post=16964"},{"taxonomy":"product_tag","embeddable":true,"href":"https:\/\/ceoparts.com\/tr\/wp-json\/wp\/v2\/product_tag?post=16964"}],"curies":[{"name":"wp","href":"https:\/\/api.w.org\/{rel}","templated":true}]}}