{"id":16966,"date":"2025-05-14T08:55:57","date_gmt":"2025-05-14T05:55:57","guid":{"rendered":"https:\/\/ceoparts.com\/?post_type=product&#038;p=16966"},"modified":"2026-05-16T15:28:29","modified_gmt":"2026-05-16T12:28:29","slug":"kablo-papucu-70mm-m10-eco","status":"publish","type":"product","link":"https:\/\/ceoparts.com\/tr\/urun\/kablo-papucu-70mm-m10-eco\/","title":{"rendered":"Kablo Papucu 70mm M10 Eco"},"content":{"rendered":"<p>Kablo Papucu 70mm M10 Eco<\/p>","protected":false},"excerpt":{"rendered":"<p data-start=\"160\" data-end=\"419\"><strong data-start=\"160\" data-end=\"189\">Kablo Papucu 70mm M10 Eco<\/strong>, 70 mm\u00b2 kablo kesitine uygun ekonomik kablo ucu ba\u011flant\u0131 aparat\u0131d\u0131r. M10 vida \u00e7ap\u0131 ile forklift, i\u015f makineleri ve enerji sistemlerinde g\u00fcvenli ve sa\u011flam ba\u011flant\u0131lar sa\u011flar. Dayan\u0131kl\u0131 yap\u0131s\u0131 ve kolay montaj \u00f6zelli\u011fi ile \u00f6ne \u00e7\u0131kar.<\/p>\n<p data-start=\"421\" data-end=\"438\"><strong data-start=\"421\" data-end=\"436\">\u00d6zellikler:<\/strong><\/p>\n<ul data-start=\"439\" data-end=\"614\">\n<li data-start=\"439\" data-end=\"467\">\n<p data-start=\"441\" data-end=\"467\"><strong data-start=\"441\" data-end=\"458\">Kablo Kesiti:<\/strong> 70 mm\u00b2<\/p>\n<\/li>\n<li data-start=\"468\" data-end=\"490\">\n<p data-start=\"470\" data-end=\"490\"><strong data-start=\"470\" data-end=\"484\">Vida \u00c7ap\u0131:<\/strong> M10<\/p>\n<\/li>\n<li data-start=\"491\" data-end=\"507\">\n<p data-start=\"493\" data-end=\"507\"><strong data-start=\"493\" data-end=\"501\">Tip:<\/strong> Eco<\/p>\n<\/li>\n<li data-start=\"508\" data-end=\"574\">\n<p data-start=\"510\" data-end=\"574\"><strong data-start=\"510\" data-end=\"529\">Kullan\u0131m Alan\u0131:<\/strong> Forklift, i\u015f makineleri, enerji sistemleri<\/p>\n<\/li>\n<li data-start=\"575\" data-end=\"614\">\n<p data-start=\"577\" data-end=\"614\"><strong data-start=\"577\" data-end=\"591\">Fonksiyon:<\/strong> Kablo ucu ba\u011flant\u0131s\u0131<\/p>\n<\/li>\n<\/ul>\n","protected":false},"featured_media":16967,"template":"","meta":[],"product_brand":[],"product_cat":[443],"product_tag":[],"class_list":{"0":"post-16966","1":"product","2":"type-product","3":"status-publish","4":"has-post-thumbnail","6":"product_cat-aku-parcalari","8":"first","9":"instock","10":"taxable","11":"shipping-taxable","12":"purchasable","13":"product-type-simple"},"_links":{"self":[{"href":"https:\/\/ceoparts.com\/tr\/wp-json\/wp\/v2\/product\/16966","targetHints":{"allow":["GET"]}}],"collection":[{"href":"https:\/\/ceoparts.com\/tr\/wp-json\/wp\/v2\/product"}],"about":[{"href":"https:\/\/ceoparts.com\/tr\/wp-json\/wp\/v2\/types\/product"}],"wp:featuredmedia":[{"embeddable":true,"href":"https:\/\/ceoparts.com\/tr\/wp-json\/wp\/v2\/media\/16967"}],"wp:attachment":[{"href":"https:\/\/ceoparts.com\/tr\/wp-json\/wp\/v2\/media?parent=16966"}],"wp:term":[{"taxonomy":"product_brand","embeddable":true,"href":"https:\/\/ceoparts.com\/tr\/wp-json\/wp\/v2\/product_brand?post=16966"},{"taxonomy":"product_cat","embeddable":true,"href":"https:\/\/ceoparts.com\/tr\/wp-json\/wp\/v2\/product_cat?post=16966"},{"taxonomy":"product_tag","embeddable":true,"href":"https:\/\/ceoparts.com\/tr\/wp-json\/wp\/v2\/product_tag?post=16966"}],"curies":[{"name":"wp","href":"https:\/\/api.w.org\/{rel}","templated":true}]}}