{"id":16968,"date":"2025-05-14T09:11:23","date_gmt":"2025-05-14T06:11:23","guid":{"rendered":"https:\/\/ceoparts.com\/?post_type=product&#038;p=16968"},"modified":"2026-05-16T15:28:41","modified_gmt":"2026-05-16T12:28:41","slug":"kablo-papucu-95mm-m10-eco","status":"publish","type":"product","link":"https:\/\/ceoparts.com\/tr\/urun\/kablo-papucu-95mm-m10-eco\/","title":{"rendered":"Kablo Papucu 95mm M10 Eco"},"content":{"rendered":"<p>Kablo Papucu 95mm M10 Eco<\/p>","protected":false},"excerpt":{"rendered":"<p data-start=\"160\" data-end=\"486\"><strong data-start=\"160\" data-end=\"189\">Kablo Papucu 95mm M10 Eco<\/strong>, 95 mm\u00b2 kablo kesitine sahip kablolar\u0131n ba\u011flant\u0131s\u0131n\u0131 sa\u011flamak i\u00e7in kullan\u0131lan ekonomik tip kablo papucudur. M10 vida \u00e7ap\u0131na uygun yap\u0131s\u0131 sayesinde, forklift, i\u015f makineleri ve end\u00fcstriyel enerji sistemlerinde g\u00fcvenli ve sa\u011flam ba\u011flant\u0131 sunar. Kolay montaj imkan\u0131 ve dayan\u0131kl\u0131 yap\u0131s\u0131 ile \u00f6ne \u00e7\u0131kar.<\/p>\n<p data-start=\"488\" data-end=\"505\"><strong data-start=\"488\" data-end=\"503\">\u00d6zellikler:<\/strong><\/p>\n<ul data-start=\"506\" data-end=\"681\">\n<li data-start=\"506\" data-end=\"534\">\n<p data-start=\"508\" data-end=\"534\"><strong data-start=\"508\" data-end=\"525\">Kablo Kesiti:<\/strong> 95 mm\u00b2<\/p>\n<\/li>\n<li data-start=\"535\" data-end=\"557\">\n<p data-start=\"537\" data-end=\"557\"><strong data-start=\"537\" data-end=\"551\">Vida \u00c7ap\u0131:<\/strong> M10<\/p>\n<\/li>\n<li data-start=\"558\" data-end=\"574\">\n<p data-start=\"560\" data-end=\"574\"><strong data-start=\"560\" data-end=\"568\">Tip:<\/strong> Eco<\/p>\n<\/li>\n<li data-start=\"575\" data-end=\"641\">\n<p data-start=\"577\" data-end=\"641\"><strong data-start=\"577\" data-end=\"596\">Kullan\u0131m Alan\u0131:<\/strong> Forklift, i\u015f makineleri, enerji sistemleri<\/p>\n<\/li>\n<li data-start=\"642\" data-end=\"681\">\n<p data-start=\"644\" data-end=\"681\"><strong data-start=\"644\" data-end=\"658\">Fonksiyon:<\/strong> Kablo ucu ba\u011flant\u0131s\u0131<\/p>\n<\/li>\n<\/ul>\n","protected":false},"featured_media":16969,"template":"","meta":[],"product_brand":[],"product_cat":[443],"product_tag":[],"class_list":{"0":"post-16968","1":"product","2":"type-product","3":"status-publish","4":"has-post-thumbnail","6":"product_cat-aku-parcalari","8":"first","9":"instock","10":"taxable","11":"shipping-taxable","12":"purchasable","13":"product-type-simple"},"_links":{"self":[{"href":"https:\/\/ceoparts.com\/tr\/wp-json\/wp\/v2\/product\/16968","targetHints":{"allow":["GET"]}}],"collection":[{"href":"https:\/\/ceoparts.com\/tr\/wp-json\/wp\/v2\/product"}],"about":[{"href":"https:\/\/ceoparts.com\/tr\/wp-json\/wp\/v2\/types\/product"}],"wp:featuredmedia":[{"embeddable":true,"href":"https:\/\/ceoparts.com\/tr\/wp-json\/wp\/v2\/media\/16969"}],"wp:attachment":[{"href":"https:\/\/ceoparts.com\/tr\/wp-json\/wp\/v2\/media?parent=16968"}],"wp:term":[{"taxonomy":"product_brand","embeddable":true,"href":"https:\/\/ceoparts.com\/tr\/wp-json\/wp\/v2\/product_brand?post=16968"},{"taxonomy":"product_cat","embeddable":true,"href":"https:\/\/ceoparts.com\/tr\/wp-json\/wp\/v2\/product_cat?post=16968"},{"taxonomy":"product_tag","embeddable":true,"href":"https:\/\/ceoparts.com\/tr\/wp-json\/wp\/v2\/product_tag?post=16968"}],"curies":[{"name":"wp","href":"https:\/\/api.w.org\/{rel}","templated":true}]}}