{"id":16971,"date":"2025-05-14T09:15:24","date_gmt":"2025-05-14T06:15:24","guid":{"rendered":"https:\/\/ceoparts.com\/?post_type=product&#038;p=16971"},"modified":"2026-05-16T14:33:37","modified_gmt":"2026-05-16T11:33:37","slug":"500a-forklift-sigortasi","status":"publish","type":"product","link":"https:\/\/ceoparts.com\/tr\/urun\/500a-forklift-sigortasi\/","title":{"rendered":"500 ANL Sigorta"},"content":{"rendered":"<p>500 ANL Sigorta<\/p>","protected":false},"excerpt":{"rendered":"<p data-start=\"141\" data-end=\"443\"><strong data-start=\"141\" data-end=\"160\">500 ANL Sigorta<\/strong>, end\u00fcstriyel enerji sistemleri ve forklift ak\u00fc devrelerinde kullan\u0131lan y\u00fcksek ak\u0131m koruma sigortas\u0131d\u0131r. 500 amper de\u011ferinde olan bu sigorta, devreyi a\u015f\u0131r\u0131 ak\u0131mlara ve k\u0131sa devrelere kar\u015f\u0131 koruyarak sistem g\u00fcvenli\u011fini sa\u011flar. Kompakt yap\u0131s\u0131 ve kolay montaj \u00f6zelli\u011fiyle tercih edilir.<\/p>\n<p data-start=\"445\" data-end=\"462\"><strong data-start=\"445\" data-end=\"460\">\u00d6zellikler:<\/strong><\/p>\n<ul data-start=\"463\" data-end=\"631\">\n<li data-start=\"463\" data-end=\"489\">\n<p data-start=\"465\" data-end=\"489\"><strong data-start=\"465\" data-end=\"482\">Amper De\u011feri:<\/strong> 500A<\/p>\n<\/li>\n<li data-start=\"490\" data-end=\"514\">\n<p data-start=\"492\" data-end=\"514\"><strong data-start=\"492\" data-end=\"500\">Tip:<\/strong> ANL Sigorta<\/p>\n<\/li>\n<li data-start=\"515\" data-end=\"578\">\n<p data-start=\"517\" data-end=\"578\"><strong data-start=\"517\" data-end=\"536\">Kullan\u0131m Alan\u0131:<\/strong> Forklift, i\u015f makineleri, ak\u00fc sistemleri<\/p>\n<\/li>\n<li data-start=\"579\" data-end=\"631\">\n<p data-start=\"581\" data-end=\"631\"><strong data-start=\"581\" data-end=\"595\">Fonksiyon:<\/strong> A\u015f\u0131r\u0131 ak\u0131m ve k\u0131sa devre korumas\u0131<\/p>\n<\/li>\n<\/ul>\n","protected":false},"featured_media":16974,"template":"","meta":[],"product_brand":[],"product_cat":[251,443,518],"product_tag":[],"class_list":{"0":"post-16971","1":"product","2":"type-product","3":"status-publish","4":"has-post-thumbnail","6":"product_cat-bt","7":"product_cat-aku-parcalari","8":"product_cat-yedek-parca-bt","10":"first","11":"instock","12":"taxable","13":"shipping-taxable","14":"purchasable","15":"product-type-simple"},"_links":{"self":[{"href":"https:\/\/ceoparts.com\/tr\/wp-json\/wp\/v2\/product\/16971","targetHints":{"allow":["GET"]}}],"collection":[{"href":"https:\/\/ceoparts.com\/tr\/wp-json\/wp\/v2\/product"}],"about":[{"href":"https:\/\/ceoparts.com\/tr\/wp-json\/wp\/v2\/types\/product"}],"wp:featuredmedia":[{"embeddable":true,"href":"https:\/\/ceoparts.com\/tr\/wp-json\/wp\/v2\/media\/16974"}],"wp:attachment":[{"href":"https:\/\/ceoparts.com\/tr\/wp-json\/wp\/v2\/media?parent=16971"}],"wp:term":[{"taxonomy":"product_brand","embeddable":true,"href":"https:\/\/ceoparts.com\/tr\/wp-json\/wp\/v2\/product_brand?post=16971"},{"taxonomy":"product_cat","embeddable":true,"href":"https:\/\/ceoparts.com\/tr\/wp-json\/wp\/v2\/product_cat?post=16971"},{"taxonomy":"product_tag","embeddable":true,"href":"https:\/\/ceoparts.com\/tr\/wp-json\/wp\/v2\/product_tag?post=16971"}],"curies":[{"name":"wp","href":"https:\/\/api.w.org\/{rel}","templated":true}]}}