{"id":16977,"date":"2025-05-16T17:01:34","date_gmt":"2025-05-16T14:01:34","guid":{"rendered":"https:\/\/ceoparts.com\/?post_type=product&#038;p=16977"},"modified":"2026-05-16T10:45:43","modified_gmt":"2026-05-16T07:45:43","slug":"frotek-aku-hucre-baglanti-kablosu-95x150","status":"publish","type":"product","link":"https:\/\/ceoparts.com\/tr\/urun\/frotek-aku-hucre-baglanti-kablosu-95x150\/","title":{"rendered":"Fr\u00f6tek Ak\u00fc H\u00fccre Ba\u011flant\u0131 Kablosu 95&#215;150"},"content":{"rendered":"<p>Fr\u00f6tek Ak\u00fc H\u00fccre Ba\u011flant\u0131 Kablosu 95&#215;150<\/p>","protected":false},"excerpt":{"rendered":"<p data-start=\"190\" data-end=\"522\"><strong data-start=\"190\" data-end=\"234\">Fr\u00f6tek Ak\u00fc H\u00fccre Ba\u011flant\u0131 Kablosu 95\u00d7150<\/strong>, forklift ve end\u00fcstriyel ak\u00fc sistemlerinde h\u00fccreler aras\u0131 ba\u011flant\u0131 sa\u011flamak i\u00e7in kullan\u0131lan y\u00fcksek kaliteli ba\u011flant\u0131 kablosudur. 95 mm\u00b2 kablo kesiti ve 150 mm uzunlu\u011fu ile y\u00fcksek ak\u0131m ta\u015f\u0131ma kapasitesine sahip olup, esnek ve sa\u011flam yap\u0131s\u0131 sayesinde g\u00fcvenli ve uzun \u00f6m\u00fcrl\u00fc kullan\u0131m sunar.<\/p>\n<p data-start=\"524\" data-end=\"541\"><strong data-start=\"524\" data-end=\"539\">\u00d6zellikler:<\/strong><\/p>\n<ul data-start=\"542\" data-end=\"735\">\n<li data-start=\"542\" data-end=\"563\">\n<p data-start=\"544\" data-end=\"563\"><strong data-start=\"544\" data-end=\"554\">Marka:<\/strong> Fr\u00f6tek<\/p>\n<\/li>\n<li data-start=\"564\" data-end=\"592\">\n<p data-start=\"566\" data-end=\"592\"><strong data-start=\"566\" data-end=\"583\">Kablo Kesiti:<\/strong> 95 mm\u00b2<\/p>\n<\/li>\n<li data-start=\"593\" data-end=\"616\">\n<p data-start=\"595\" data-end=\"616\"><strong data-start=\"595\" data-end=\"607\">Uzunluk:<\/strong> 150 mm<\/p>\n<\/li>\n<li data-start=\"617\" data-end=\"695\">\n<p data-start=\"619\" data-end=\"695\"><strong data-start=\"619\" data-end=\"638\">Kullan\u0131m Alan\u0131:<\/strong> Forklift ak\u00fc sistemleri, end\u00fcstriyel enerji sistemleri<\/p>\n<\/li>\n<li data-start=\"696\" data-end=\"735\">\n<p data-start=\"698\" data-end=\"735\"><strong data-start=\"698\" data-end=\"712\">Fonksiyon:<\/strong> Ak\u00fc h\u00fccre ba\u011flant\u0131s\u0131<\/p>\n<\/li>\n<\/ul>\n","protected":false},"featured_media":16978,"template":"","meta":[],"product_brand":[],"product_cat":[446],"product_tag":[],"class_list":{"0":"post-16977","1":"product","2":"type-product","3":"status-publish","4":"has-post-thumbnail","6":"product_cat-aku-bar","8":"first","9":"instock","10":"taxable","11":"shipping-taxable","12":"purchasable","13":"product-type-simple"},"_links":{"self":[{"href":"https:\/\/ceoparts.com\/tr\/wp-json\/wp\/v2\/product\/16977","targetHints":{"allow":["GET"]}}],"collection":[{"href":"https:\/\/ceoparts.com\/tr\/wp-json\/wp\/v2\/product"}],"about":[{"href":"https:\/\/ceoparts.com\/tr\/wp-json\/wp\/v2\/types\/product"}],"wp:featuredmedia":[{"embeddable":true,"href":"https:\/\/ceoparts.com\/tr\/wp-json\/wp\/v2\/media\/16978"}],"wp:attachment":[{"href":"https:\/\/ceoparts.com\/tr\/wp-json\/wp\/v2\/media?parent=16977"}],"wp:term":[{"taxonomy":"product_brand","embeddable":true,"href":"https:\/\/ceoparts.com\/tr\/wp-json\/wp\/v2\/product_brand?post=16977"},{"taxonomy":"product_cat","embeddable":true,"href":"https:\/\/ceoparts.com\/tr\/wp-json\/wp\/v2\/product_cat?post=16977"},{"taxonomy":"product_tag","embeddable":true,"href":"https:\/\/ceoparts.com\/tr\/wp-json\/wp\/v2\/product_tag?post=16977"}],"curies":[{"name":"wp","href":"https:\/\/api.w.org\/{rel}","templated":true}]}}