{"id":16980,"date":"2025-05-16T17:03:43","date_gmt":"2025-05-16T14:03:43","guid":{"rendered":"https:\/\/ceoparts.com\/?post_type=product&#038;p=16980"},"modified":"2026-05-17T18:43:44","modified_gmt":"2026-05-17T15:43:44","slug":"frotek-aku-hucre-baglanti-kablosu-95x170","status":"publish","type":"product","link":"https:\/\/ceoparts.com\/tr\/urun\/frotek-aku-hucre-baglanti-kablosu-95x170\/","title":{"rendered":"Fr\u00f6tek Ak\u00fc H\u00fccre Ba\u011flant\u0131 Kablosu 95&#215;170"},"content":{"rendered":"<p>Fr\u00f6tek Ak\u00fc H\u00fccre Ba\u011flant\u0131 Kablosu 95&#215;170<\/p>","protected":false},"excerpt":{"rendered":"<p data-start=\"192\" data-end=\"577\"><strong data-start=\"192\" data-end=\"236\">Fr\u00f6tek Ak\u00fc H\u00fccre Ba\u011flant\u0131 Kablosu 95\u00d7170<\/strong>, forklift ve end\u00fcstriyel ak\u00fc sistemlerinde h\u00fccreler aras\u0131 ba\u011flant\u0131y\u0131 sa\u011flamak i\u00e7in kullan\u0131lan y\u00fcksek kaliteli ve dayan\u0131kl\u0131 bir ba\u011flant\u0131 kablosudur. 95 mm\u00b2 kablo kesiti ve 170 mm uzunlu\u011fu ile y\u00fcksek ak\u0131m ta\u015f\u0131ma kapasitesi ve maksimum iletkenlik sunar. Esnek yap\u0131s\u0131 ve sa\u011flam soket ba\u015fl\u0131klar\u0131 sayesinde uzun \u00f6m\u00fcrl\u00fc ve g\u00fcvenli kullan\u0131m sa\u011flar.<\/p>\n<p data-start=\"579\" data-end=\"596\"><strong data-start=\"579\" data-end=\"594\">\u00d6zellikler:<\/strong><\/p>\n<ul data-start=\"597\" data-end=\"790\">\n<li data-start=\"597\" data-end=\"618\">\n<p data-start=\"599\" data-end=\"618\"><strong data-start=\"599\" data-end=\"609\">Marka:<\/strong> Fr\u00f6tek<\/p>\n<\/li>\n<li data-start=\"619\" data-end=\"647\">\n<p data-start=\"621\" data-end=\"647\"><strong data-start=\"621\" data-end=\"638\">Kablo Kesiti:<\/strong> 95 mm\u00b2<\/p>\n<\/li>\n<li data-start=\"648\" data-end=\"671\">\n<p data-start=\"650\" data-end=\"671\"><strong data-start=\"650\" data-end=\"662\">Uzunluk:<\/strong> 170 mm<\/p>\n<\/li>\n<li data-start=\"672\" data-end=\"750\">\n<p data-start=\"674\" data-end=\"750\"><strong data-start=\"674\" data-end=\"693\">Kullan\u0131m Alan\u0131:<\/strong> Forklift ak\u00fc sistemleri, end\u00fcstriyel enerji sistemleri<\/p>\n<\/li>\n<li data-start=\"751\" data-end=\"790\">\n<p data-start=\"753\" data-end=\"790\"><strong data-start=\"753\" data-end=\"767\">Fonksiyon:<\/strong> Ak\u00fc h\u00fccre ba\u011flant\u0131s\u0131<\/p>\n<\/li>\n<\/ul>\n","protected":false},"featured_media":16982,"template":"","meta":[],"product_brand":[],"product_cat":[446],"product_tag":[],"class_list":{"0":"post-16980","1":"product","2":"type-product","3":"status-publish","4":"has-post-thumbnail","6":"product_cat-aku-bar","8":"first","9":"instock","10":"taxable","11":"shipping-taxable","12":"purchasable","13":"product-type-simple"},"_links":{"self":[{"href":"https:\/\/ceoparts.com\/tr\/wp-json\/wp\/v2\/product\/16980","targetHints":{"allow":["GET"]}}],"collection":[{"href":"https:\/\/ceoparts.com\/tr\/wp-json\/wp\/v2\/product"}],"about":[{"href":"https:\/\/ceoparts.com\/tr\/wp-json\/wp\/v2\/types\/product"}],"wp:featuredmedia":[{"embeddable":true,"href":"https:\/\/ceoparts.com\/tr\/wp-json\/wp\/v2\/media\/16982"}],"wp:attachment":[{"href":"https:\/\/ceoparts.com\/tr\/wp-json\/wp\/v2\/media?parent=16980"}],"wp:term":[{"taxonomy":"product_brand","embeddable":true,"href":"https:\/\/ceoparts.com\/tr\/wp-json\/wp\/v2\/product_brand?post=16980"},{"taxonomy":"product_cat","embeddable":true,"href":"https:\/\/ceoparts.com\/tr\/wp-json\/wp\/v2\/product_cat?post=16980"},{"taxonomy":"product_tag","embeddable":true,"href":"https:\/\/ceoparts.com\/tr\/wp-json\/wp\/v2\/product_tag?post=16980"}],"curies":[{"name":"wp","href":"https:\/\/api.w.org\/{rel}","templated":true}]}}