{"id":16993,"date":"2025-05-17T11:04:44","date_gmt":"2025-05-17T08:04:44","guid":{"rendered":"https:\/\/ceoparts.com\/?post_type=product&#038;p=16993"},"modified":"2026-05-16T17:33:46","modified_gmt":"2026-05-16T14:33:46","slug":"forklift-dc-dc-konvertor-voltaj-dusurucu-72v-80v-300w-62211101","status":"publish","type":"product","link":"https:\/\/ceoparts.com\/tr\/urun\/forklift-dc-dc-konvertor-voltaj-dusurucu-72v-80v-300w-62211101\/","title":{"rendered":"Forklift DC-DC Konvert\u00f6r Voltaj D\u00fc\u015f\u00fcr\u00fcc\u00fc 72V-80V 300W &#8211; 62211101"},"content":{"rendered":"<p>Forklift DC-DC Konvert\u00f6r Voltaj D\u00fc\u015f\u00fcr\u00fcc\u00fc 72V-80V 300W &#8211; 62211101<\/p>","protected":false},"excerpt":{"rendered":"<p data-start=\"233\" data-end=\"580\"><strong data-start=\"233\" data-end=\"301\">Forklift DC-DC Konvert\u00f6r Voltaj D\u00fc\u015f\u00fcr\u00fcc\u00fc 72V-80V 300W \u2013 62211101<\/strong>, forklift ve end\u00fcstriyel ara\u00e7larda y\u00fcksek voltaj\u0131 12V veya 24V gibi daha d\u00fc\u015f\u00fck voltajlara d\u00f6n\u00fc\u015ft\u00fcrerek elektronik ekipmanlar\u0131n g\u00fcvenli \u00e7al\u0131\u015fmas\u0131n\u0131 sa\u011flayan kaliteli bir voltaj d\u00f6n\u00fc\u015ft\u00fcr\u00fcc\u00fcd\u00fcr. 72V-80V giri\u015f voltaj\u0131 aral\u0131\u011f\u0131 ve 300W \u00e7\u0131k\u0131\u015f g\u00fcc\u00fc ile g\u00fc\u00e7l\u00fc ve stabil performans sunar.<\/p>\n<p data-start=\"582\" data-end=\"599\"><strong data-start=\"582\" data-end=\"597\">\u00d6zellikler:<\/strong><\/p>\n<ul data-start=\"600\" data-end=\"818\">\n<li data-start=\"600\" data-end=\"630\">\n<p data-start=\"602\" data-end=\"630\"><strong data-start=\"602\" data-end=\"620\">Giri\u015f Voltaj\u0131:<\/strong> 72V-80V<\/p>\n<\/li>\n<li data-start=\"631\" data-end=\"683\">\n<p data-start=\"633\" data-end=\"683\"><strong data-start=\"633\" data-end=\"651\">\u00c7\u0131k\u0131\u015f Voltaj\u0131:<\/strong> 12V \/ 24V (model tipine g\u00f6re)<\/p>\n<\/li>\n<li data-start=\"684\" data-end=\"701\">\n<p data-start=\"686\" data-end=\"701\"><strong data-start=\"686\" data-end=\"694\">G\u00fc\u00e7:<\/strong> 300W<\/p>\n<\/li>\n<li data-start=\"702\" data-end=\"770\">\n<p data-start=\"704\" data-end=\"770\"><strong data-start=\"704\" data-end=\"723\">Kullan\u0131m Alan\u0131:<\/strong> Forklift, i\u015f makineleri, end\u00fcstriyel ara\u00e7lar<\/p>\n<\/li>\n<li data-start=\"771\" data-end=\"818\">\n<p data-start=\"773\" data-end=\"818\"><strong data-start=\"773\" data-end=\"787\">Fonksiyon:<\/strong> Voltaj d\u00fc\u015f\u00fcrme ve reg\u00fclasyon<\/p>\n<\/li>\n<\/ul>\n","protected":false},"featured_media":16995,"template":"","meta":[],"product_brand":[],"product_cat":[448],"product_tag":[],"class_list":{"0":"post-16993","1":"product","2":"type-product","3":"status-publish","4":"has-post-thumbnail","6":"product_cat-guc-kaynaklari","8":"first","9":"instock","10":"taxable","11":"shipping-taxable","12":"purchasable","13":"product-type-simple"},"_links":{"self":[{"href":"https:\/\/ceoparts.com\/tr\/wp-json\/wp\/v2\/product\/16993","targetHints":{"allow":["GET"]}}],"collection":[{"href":"https:\/\/ceoparts.com\/tr\/wp-json\/wp\/v2\/product"}],"about":[{"href":"https:\/\/ceoparts.com\/tr\/wp-json\/wp\/v2\/types\/product"}],"wp:featuredmedia":[{"embeddable":true,"href":"https:\/\/ceoparts.com\/tr\/wp-json\/wp\/v2\/media\/16995"}],"wp:attachment":[{"href":"https:\/\/ceoparts.com\/tr\/wp-json\/wp\/v2\/media?parent=16993"}],"wp:term":[{"taxonomy":"product_brand","embeddable":true,"href":"https:\/\/ceoparts.com\/tr\/wp-json\/wp\/v2\/product_brand?post=16993"},{"taxonomy":"product_cat","embeddable":true,"href":"https:\/\/ceoparts.com\/tr\/wp-json\/wp\/v2\/product_cat?post=16993"},{"taxonomy":"product_tag","embeddable":true,"href":"https:\/\/ceoparts.com\/tr\/wp-json\/wp\/v2\/product_tag?post=16993"}],"curies":[{"name":"wp","href":"https:\/\/api.w.org\/{rel}","templated":true}]}}