{"id":16996,"date":"2025-05-20T09:56:07","date_gmt":"2025-05-20T06:56:07","guid":{"rendered":"https:\/\/ceoparts.com\/?post_type=product&#038;p=16996"},"modified":"2026-05-16T10:43:42","modified_gmt":"2026-05-16T07:43:42","slug":"megaval-sigorta-125a-yesil","status":"publish","type":"product","link":"https:\/\/ceoparts.com\/tr\/urun\/megaval-sigorta-125a-yesil\/","title":{"rendered":"Megaval Sigorta 125A Ye\u015fil"},"content":{"rendered":"<p>Megaval Sigorta 125A Ye\u015fil<\/p>","protected":false},"excerpt":{"rendered":"<p data-start=\"160\" data-end=\"522\"><strong data-start=\"160\" data-end=\"190\">Megaval Sigorta 125A Ye\u015fil<\/strong>, ara\u00e7 ve end\u00fcstriyel sistemlerde a\u015f\u0131r\u0131 ak\u0131ma kar\u015f\u0131 g\u00fcvenilir koruma sa\u011flamak amac\u0131yla \u00fcretilmi\u015f y\u00fcksek kaliteli bir sigortad\u0131r. 125 amper kapasitesiyle ak\u00fc sistemleri, forkliftler, i\u015f makineleri ve a\u011f\u0131r hizmet ara\u00e7lar\u0131nda g\u00fcvenli kullan\u0131m sunar. Sa\u011flam g\u00f6vdesi ve y\u00fcksek \u0131s\u0131l dayan\u0131m\u0131 sayesinde uzun \u00f6m\u00fcrl\u00fc ve verimli bir \u00e7\u00f6z\u00fcmd\u00fcr.<\/p>\n<p data-start=\"524\" data-end=\"541\"><strong data-start=\"524\" data-end=\"539\">\u00d6zellikler:<\/strong><\/p>\n<ul data-start=\"542\" data-end=\"738\">\n<li data-start=\"542\" data-end=\"570\">\n<p data-start=\"544\" data-end=\"570\"><strong data-start=\"544\" data-end=\"552\">Tip:<\/strong> Megaval Sigorta<\/p>\n<\/li>\n<li data-start=\"571\" data-end=\"594\">\n<p data-start=\"573\" data-end=\"594\"><strong data-start=\"573\" data-end=\"582\">Ak\u0131m:<\/strong> 125 Amper<\/p>\n<\/li>\n<li data-start=\"595\" data-end=\"614\">\n<p data-start=\"597\" data-end=\"614\"><strong data-start=\"597\" data-end=\"606\">Renk:<\/strong> Ye\u015fil<\/p>\n<\/li>\n<li data-start=\"615\" data-end=\"699\">\n<p data-start=\"617\" data-end=\"699\"><strong data-start=\"617\" data-end=\"636\">Kullan\u0131m Alan\u0131:<\/strong> Ak\u00fc sistemleri, forklift, i\u015f makineleri, end\u00fcstriyel ara\u00e7lar<\/p>\n<\/li>\n<li data-start=\"700\" data-end=\"738\">\n<p data-start=\"702\" data-end=\"738\"><strong data-start=\"702\" data-end=\"716\">Fonksiyon:<\/strong> A\u015f\u0131r\u0131 ak\u0131m korumas\u0131<\/p>\n<\/li>\n<\/ul>\n","protected":false},"featured_media":16998,"template":"","meta":[],"product_brand":[],"product_cat":[443],"product_tag":[],"class_list":{"0":"post-16996","1":"product","2":"type-product","3":"status-publish","4":"has-post-thumbnail","6":"product_cat-aku-parcalari","8":"first","9":"instock","10":"taxable","11":"shipping-taxable","12":"purchasable","13":"product-type-simple"},"_links":{"self":[{"href":"https:\/\/ceoparts.com\/tr\/wp-json\/wp\/v2\/product\/16996","targetHints":{"allow":["GET"]}}],"collection":[{"href":"https:\/\/ceoparts.com\/tr\/wp-json\/wp\/v2\/product"}],"about":[{"href":"https:\/\/ceoparts.com\/tr\/wp-json\/wp\/v2\/types\/product"}],"wp:featuredmedia":[{"embeddable":true,"href":"https:\/\/ceoparts.com\/tr\/wp-json\/wp\/v2\/media\/16998"}],"wp:attachment":[{"href":"https:\/\/ceoparts.com\/tr\/wp-json\/wp\/v2\/media?parent=16996"}],"wp:term":[{"taxonomy":"product_brand","embeddable":true,"href":"https:\/\/ceoparts.com\/tr\/wp-json\/wp\/v2\/product_brand?post=16996"},{"taxonomy":"product_cat","embeddable":true,"href":"https:\/\/ceoparts.com\/tr\/wp-json\/wp\/v2\/product_cat?post=16996"},{"taxonomy":"product_tag","embeddable":true,"href":"https:\/\/ceoparts.com\/tr\/wp-json\/wp\/v2\/product_tag?post=16996"}],"curies":[{"name":"wp","href":"https:\/\/api.w.org\/{rel}","templated":true}]}}