{"id":16999,"date":"2025-05-20T09:58:18","date_gmt":"2025-05-20T06:58:18","guid":{"rendered":"https:\/\/ceoparts.com\/?post_type=product&#038;p=16999"},"modified":"2026-05-17T04:26:15","modified_gmt":"2026-05-17T01:26:15","slug":"megaval-sigorta-150a-turuncu","status":"publish","type":"product","link":"https:\/\/ceoparts.com\/tr\/urun\/megaval-sigorta-150a-turuncu\/","title":{"rendered":"Megaval Sigorta 150A Turuncu"},"content":{"rendered":"<p>Megaval Sigorta 150A Turuncu<\/p>","protected":false},"excerpt":{"rendered":"<p data-start=\"160\" data-end=\"510\"><strong data-start=\"160\" data-end=\"192\">Megaval Sigorta 150A Turuncu<\/strong>, ara\u00e7 ve end\u00fcstriyel elektrik sistemlerinde a\u015f\u0131r\u0131 ak\u0131m korumas\u0131 sa\u011flayan kaliteli ve g\u00fcvenilir bir sigorta modelidir. 150 amper kapasitesiyle ak\u00fc sistemleri, forkliftler, i\u015f makineleri ve end\u00fcstriyel ara\u00e7larda g\u00fcvenli kullan\u0131m sunar. Sa\u011flam yap\u0131s\u0131 ve y\u00fcksek dayan\u0131kl\u0131l\u0131\u011f\u0131 sayesinde uzun \u00f6m\u00fcrl\u00fc kullan\u0131m imkan\u0131 sa\u011flar.<\/p>\n<p data-start=\"512\" data-end=\"529\"><strong data-start=\"512\" data-end=\"527\">\u00d6zellikler:<\/strong><\/p>\n<ul data-start=\"530\" data-end=\"728\">\n<li data-start=\"530\" data-end=\"558\">\n<p data-start=\"532\" data-end=\"558\"><strong data-start=\"532\" data-end=\"540\">Tip:<\/strong> Megaval Sigorta<\/p>\n<\/li>\n<li data-start=\"559\" data-end=\"582\">\n<p data-start=\"561\" data-end=\"582\"><strong data-start=\"561\" data-end=\"570\">Ak\u0131m:<\/strong> 150 Amper<\/p>\n<\/li>\n<li data-start=\"583\" data-end=\"604\">\n<p data-start=\"585\" data-end=\"604\"><strong data-start=\"585\" data-end=\"594\">Renk:<\/strong> Turuncu<\/p>\n<\/li>\n<li data-start=\"605\" data-end=\"689\">\n<p data-start=\"607\" data-end=\"689\"><strong data-start=\"607\" data-end=\"626\">Kullan\u0131m Alan\u0131:<\/strong> Ak\u00fc sistemleri, forklift, i\u015f makineleri, end\u00fcstriyel ara\u00e7lar<\/p>\n<\/li>\n<li data-start=\"690\" data-end=\"728\">\n<p data-start=\"692\" data-end=\"728\"><strong data-start=\"692\" data-end=\"706\">Fonksiyon:<\/strong> A\u015f\u0131r\u0131 ak\u0131m korumas\u0131<\/p>\n<\/li>\n<\/ul>\n","protected":false},"featured_media":17001,"template":"","meta":[],"product_brand":[],"product_cat":[443],"product_tag":[],"class_list":{"0":"post-16999","1":"product","2":"type-product","3":"status-publish","4":"has-post-thumbnail","6":"product_cat-aku-parcalari","8":"first","9":"instock","10":"taxable","11":"shipping-taxable","12":"purchasable","13":"product-type-simple"},"_links":{"self":[{"href":"https:\/\/ceoparts.com\/tr\/wp-json\/wp\/v2\/product\/16999","targetHints":{"allow":["GET"]}}],"collection":[{"href":"https:\/\/ceoparts.com\/tr\/wp-json\/wp\/v2\/product"}],"about":[{"href":"https:\/\/ceoparts.com\/tr\/wp-json\/wp\/v2\/types\/product"}],"wp:featuredmedia":[{"embeddable":true,"href":"https:\/\/ceoparts.com\/tr\/wp-json\/wp\/v2\/media\/17001"}],"wp:attachment":[{"href":"https:\/\/ceoparts.com\/tr\/wp-json\/wp\/v2\/media?parent=16999"}],"wp:term":[{"taxonomy":"product_brand","embeddable":true,"href":"https:\/\/ceoparts.com\/tr\/wp-json\/wp\/v2\/product_brand?post=16999"},{"taxonomy":"product_cat","embeddable":true,"href":"https:\/\/ceoparts.com\/tr\/wp-json\/wp\/v2\/product_cat?post=16999"},{"taxonomy":"product_tag","embeddable":true,"href":"https:\/\/ceoparts.com\/tr\/wp-json\/wp\/v2\/product_tag?post=16999"}],"curies":[{"name":"wp","href":"https:\/\/api.w.org\/{rel}","templated":true}]}}