{"id":17002,"date":"2025-05-20T10:22:06","date_gmt":"2025-05-20T07:22:06","guid":{"rendered":"https:\/\/ceoparts.com\/?post_type=product&#038;p=17002"},"modified":"2026-05-16T14:33:51","modified_gmt":"2026-05-16T11:33:51","slug":"megaval-fuse-175a-beyaz","status":"publish","type":"product","link":"https:\/\/ceoparts.com\/tr\/urun\/megaval-fuse-175a-beyaz\/","title":{"rendered":"Megaval Sigorta 175A Beyaz"},"content":{"rendered":"<p>Megaval Sigorta 175A Beyaz<\/p>","protected":false},"excerpt":{"rendered":"<p data-start=\"161\" data-end=\"501\"><strong data-start=\"161\" data-end=\"191\">Megaval Sigorta 175A Beyaz<\/strong>, ara\u00e7 ve end\u00fcstriyel elektrik sistemlerinde a\u015f\u0131r\u0131 ak\u0131m korumas\u0131 sa\u011flamak amac\u0131yla kullan\u0131lan y\u00fcksek kaliteli bir sigortad\u0131r. 175 amper kapasitesiyle ak\u00fc sistemleri, forkliftler, i\u015f makineleri ve end\u00fcstriyel ara\u00e7lar i\u00e7in ideal koruma sunar. Sa\u011flam ba\u011flant\u0131 u\u00e7lar\u0131 ve dayan\u0131kl\u0131 g\u00f6vdesi sayesinde uzun \u00f6m\u00fcrl\u00fcd\u00fcr.<\/p>\n<p data-start=\"503\" data-end=\"520\"><strong data-start=\"503\" data-end=\"518\">\u00d6zellikler:<\/strong><\/p>\n<ul data-start=\"521\" data-end=\"717\">\n<li data-start=\"521\" data-end=\"549\">\n<p data-start=\"523\" data-end=\"549\"><strong data-start=\"523\" data-end=\"531\">Tip:<\/strong> Megaval Sigorta<\/p>\n<\/li>\n<li data-start=\"550\" data-end=\"573\">\n<p data-start=\"552\" data-end=\"573\"><strong data-start=\"552\" data-end=\"561\">Ak\u0131m:<\/strong> 175 Amper<\/p>\n<\/li>\n<li data-start=\"574\" data-end=\"593\">\n<p data-start=\"576\" data-end=\"593\"><strong data-start=\"576\" data-end=\"585\">Renk:<\/strong> Beyaz<\/p>\n<\/li>\n<li data-start=\"594\" data-end=\"678\">\n<p data-start=\"596\" data-end=\"678\"><strong data-start=\"596\" data-end=\"615\">Kullan\u0131m Alan\u0131:<\/strong> Ak\u00fc sistemleri, forklift, i\u015f makineleri, end\u00fcstriyel ara\u00e7lar<\/p>\n<\/li>\n<li data-start=\"679\" data-end=\"717\">\n<p data-start=\"681\" data-end=\"717\"><strong data-start=\"681\" data-end=\"695\">Fonksiyon:<\/strong> A\u015f\u0131r\u0131 ak\u0131m korumas\u0131<\/p>\n<\/li>\n<\/ul>\n","protected":false},"featured_media":17004,"template":"","meta":[],"product_brand":[],"product_cat":[443],"product_tag":[],"class_list":{"0":"post-17002","1":"product","2":"type-product","3":"status-publish","4":"has-post-thumbnail","6":"product_cat-aku-parcalari","8":"first","9":"instock","10":"taxable","11":"shipping-taxable","12":"purchasable","13":"product-type-simple"},"_links":{"self":[{"href":"https:\/\/ceoparts.com\/tr\/wp-json\/wp\/v2\/product\/17002","targetHints":{"allow":["GET"]}}],"collection":[{"href":"https:\/\/ceoparts.com\/tr\/wp-json\/wp\/v2\/product"}],"about":[{"href":"https:\/\/ceoparts.com\/tr\/wp-json\/wp\/v2\/types\/product"}],"wp:featuredmedia":[{"embeddable":true,"href":"https:\/\/ceoparts.com\/tr\/wp-json\/wp\/v2\/media\/17004"}],"wp:attachment":[{"href":"https:\/\/ceoparts.com\/tr\/wp-json\/wp\/v2\/media?parent=17002"}],"wp:term":[{"taxonomy":"product_brand","embeddable":true,"href":"https:\/\/ceoparts.com\/tr\/wp-json\/wp\/v2\/product_brand?post=17002"},{"taxonomy":"product_cat","embeddable":true,"href":"https:\/\/ceoparts.com\/tr\/wp-json\/wp\/v2\/product_cat?post=17002"},{"taxonomy":"product_tag","embeddable":true,"href":"https:\/\/ceoparts.com\/tr\/wp-json\/wp\/v2\/product_tag?post=17002"}],"curies":[{"name":"wp","href":"https:\/\/api.w.org\/{rel}","templated":true}]}}