{"id":17056,"date":"2025-05-21T11:20:19","date_gmt":"2025-05-21T08:20:19","guid":{"rendered":"https:\/\/ceoparts.com\/?post_type=product&#038;p=17056"},"modified":"2026-05-16T14:33:36","modified_gmt":"2026-05-16T11:33:36","slug":"still-hortum-baglanti-aparati","status":"publish","type":"product","link":"https:\/\/ceoparts.com\/tr\/urun\/still-hortum-baglanti-aparati\/","title":{"rendered":"Still Hortum Ba\u011flant\u0131 Aparat\u0131"},"content":{"rendered":"<p>Still Hortum Ba\u011flant\u0131 Aparat\u0131<\/p>","protected":false},"excerpt":{"rendered":"<p data-start=\"161\" data-end=\"503\"><strong data-start=\"161\" data-end=\"194\">Still Hortum Ba\u011flant\u0131 Aparat\u0131<\/strong>, Still marka forklift ve istif makinelerinde hidrolik hortumlar\u0131n g\u00fcvenli ve s\u0131zd\u0131rmaz \u015fekilde ba\u011flanmas\u0131n\u0131 sa\u011flayan dayan\u0131kl\u0131 ba\u011flant\u0131 par\u00e7as\u0131d\u0131r. Y\u00fcksek kalite malzemeden \u00fcretilmi\u015f olup, zorlu \u00e7al\u0131\u015fma ko\u015fullar\u0131na kar\u015f\u0131 diren\u00e7lidir. Makinelerinizin hidrolik sistem performans\u0131n\u0131 korumak i\u00e7in ideal \u00e7\u00f6z\u00fcmd\u00fcr.<\/p>\n<p data-start=\"505\" data-end=\"522\"><strong data-start=\"505\" data-end=\"520\">\u00d6zellikler:<\/strong><\/p>\n<ul data-start=\"523\" data-end=\"693\">\n<li data-start=\"523\" data-end=\"571\">\n<p data-start=\"525\" data-end=\"571\"><strong data-start=\"525\" data-end=\"534\">Uyum:<\/strong> Still forklift ve istif makineleri<\/p>\n<\/li>\n<li data-start=\"572\" data-end=\"611\">\n<p data-start=\"574\" data-end=\"611\"><strong data-start=\"574\" data-end=\"586\">Malzeme:<\/strong> Dayan\u0131kl\u0131 metal ala\u015f\u0131m<\/p>\n<\/li>\n<li data-start=\"612\" data-end=\"657\">\n<p data-start=\"614\" data-end=\"657\"><strong data-start=\"614\" data-end=\"628\">Fonksiyon:<\/strong> Hidrolik hortum ba\u011flant\u0131s\u0131<\/p>\n<\/li>\n<li data-start=\"658\" data-end=\"693\">\n<p data-start=\"660\" data-end=\"693\"><strong data-start=\"660\" data-end=\"693\">G\u00fcvenli ve s\u0131zd\u0131rmaz ba\u011flant\u0131<\/strong><\/p>\n<\/li>\n<\/ul>\n","protected":false},"featured_media":17058,"template":"","meta":[],"product_brand":[],"product_cat":[241,470,524],"product_tag":[],"class_list":{"0":"post-17056","1":"product","2":"type-product","3":"status-publish","4":"has-post-thumbnail","6":"product_cat-still","7":"product_cat-diger-yedek-parcalar","8":"product_cat-yedek-parca-still","10":"first","11":"instock","12":"taxable","13":"shipping-taxable","14":"purchasable","15":"product-type-simple"},"_links":{"self":[{"href":"https:\/\/ceoparts.com\/tr\/wp-json\/wp\/v2\/product\/17056","targetHints":{"allow":["GET"]}}],"collection":[{"href":"https:\/\/ceoparts.com\/tr\/wp-json\/wp\/v2\/product"}],"about":[{"href":"https:\/\/ceoparts.com\/tr\/wp-json\/wp\/v2\/types\/product"}],"wp:featuredmedia":[{"embeddable":true,"href":"https:\/\/ceoparts.com\/tr\/wp-json\/wp\/v2\/media\/17058"}],"wp:attachment":[{"href":"https:\/\/ceoparts.com\/tr\/wp-json\/wp\/v2\/media?parent=17056"}],"wp:term":[{"taxonomy":"product_brand","embeddable":true,"href":"https:\/\/ceoparts.com\/tr\/wp-json\/wp\/v2\/product_brand?post=17056"},{"taxonomy":"product_cat","embeddable":true,"href":"https:\/\/ceoparts.com\/tr\/wp-json\/wp\/v2\/product_cat?post=17056"},{"taxonomy":"product_tag","embeddable":true,"href":"https:\/\/ceoparts.com\/tr\/wp-json\/wp\/v2\/product_tag?post=17056"}],"curies":[{"name":"wp","href":"https:\/\/api.w.org\/{rel}","templated":true}]}}